{"id":7592,"date":"2022-08-27T17:02:45","date_gmt":"2022-08-27T15:02:45","guid":{"rendered":"https:\/\/www.svieta.org\/nbh2\/"},"modified":"2022-10-14T14:49:44","modified_gmt":"2022-10-14T12:49:44","slug":"nbh2","status":"publish","type":"page","link":"https:\/\/www.svieta.org\/fr\/nbh2\/","title":{"rendered":"NBH2"},"content":{"rendered":"<p>L&#8217;orphelinat de Nikolaiev (NBH) a \u00e9t\u00e9 <a href=\"https:\/\/www.svieta.org\/fr\/2022\/03\/nbh-evacue\/\">\u00e9vacu\u00e9<\/a> de Nikolaiev \u00e0 Chernovtsy (NBH2).<br \/>\nActuellement, les enfants vivent dans cette maison de l&#8217;association &#8220;City of Goodness&#8221; \u00e0 Chernovtsy (NBH2).<\/p>\n<figure class=\"lads-image\">\n    <img decoding=\"async\" src=\"https:\/\/www.svieta.org\/wp-content\/uploads\/2022\/08\/NBH-Eingang.jpg\" class=\"img-responsive\" alt=\"\">\n            <figcaption>Entr\u00e9e du NHB2<\/figcaption>\n    <\/figure>\n<p>Au d\u00e9but, tout \u00e9tait difficile : ni le NBH ni &#8220;City of Goodness&#8221; n&#8217;\u00e9taient correctement pr\u00e9par\u00e9s \u00e0 ces nouvelles conditions. Le NBH n&#8217;avait pas assez de personnel \u00e0 Chernovtsy pour s&#8217;occuper de 62 enfants. &#8220;City of Goodness&#8221; n&#8217;avait ni cuisine capable de fonctionner pratiquement 24 heures sur 24, ni blanchisserie capable de laver autant de v\u00eatements, ni aires de jeux pour les jeunes enfants, ni m\u00eame de vrais lits d&#8217;enfants. Entre-temps, tout est r\u00e9gl\u00e9 et fonctionne tr\u00e8s bien. Pour les enfants, c&#8217;est parfait \u00e0 Chernovtsy.<br \/>\nTout est disponible et rien ne manque pour les enfants. &#8220;City of Goodness&#8221; fournit aux enfants tout ce dont ils ont besoin : Nourriture, m\u00e9dicaments, jouets, v\u00eatements.<br \/>\nNBH est toujours dans le budget de l&#8217;oblast\/r\u00e9gion de Nikolaev. La r\u00e9gion de Nikolaiev ne paie que le salaire des employ\u00e9s. Tout ce qui concerne les enfants de Chernovtsy est pay\u00e9 par &#8220;City of Goodness&#8221;. Nous sommes reconnaissants que les enfants re\u00e7oivent vraiment tout ce dont ils ont besoin. Les conditions dans lesquelles ils vivent sont bonnes et rien ne doit \u00eatre chang\u00e9. En tant que solution temporaire (car nous esp\u00e9rons tous que le cauchemar de la guerre prendra bient\u00f4t fin), c&#8217;est une tr\u00e8s bonne solution.<br \/>\nPour les employ\u00e9es, c&#8217;est difficile. Certaines sont rest\u00e9es \u00e0 Nikolaiev, mais ne travaillent pas pour le moment et ne sont pas pay\u00e9es. <a href=\"https:\/\/www.svieta.org\/fr\/nbh2-employes\/\">D&#8217;autres sont \u00e0 Chernovtsy, o\u00f9 elles travaillent et vivent.<\/a><\/p>\n<p><\/br><br \/>\n<strong>Vous trouverez ici des informations sur les diff\u00e9rents secteurs de cette maison de Chernovtsy, que nous appelons NBH2.<\/strong><\/p>\n<p><a href=\"https:\/\/www.svieta.org\/fr\/qui-est-city-of-goodness-et-que-fait-city-of-goodness\/\">Qui est City of Goodness et que fait City of Goodness ?<\/a><br \/>\nIl existe \u00e0 Chernovtsy une grande association caritative appel\u00e9e &#8220;City of Goodness&#8221;. L&#8217;objectif principal de l&#8217;association est de prot\u00e9ger les femmes avec leurs enfants. Les raisons sont les suivantes : violence domestique, perte d&#8217;emploi ou de domicile, probl\u00e8mes physiologiques ou physiques&#8230;<\/p>\n<p><a href=\"https:\/\/www.svieta.org\/fr\/nbh2-exterieur\/\">Ext\u00e9rieur de la maison et alentours, aire de jeux<\/a><br \/>\nL&#8217;environnement est joliment am\u00e9nag\u00e9 et color\u00e9, et les enfants ont leurs jeux. Voyez vous-m\u00eame, les enfants s&#8217;y sentent bien.<\/p>\n<p><a href=\"https:\/\/www.svieta.org\/fr\/nbh2-les-petits\/\">Section des plus petits enfants<\/a><br \/>\nUne pi\u00e8ce de taille moyenne est utilis\u00e9e pour les petits enfants (0-2 ans).<\/p>\n<p><a href=\"https:\/\/www.svieta.org\/fr\/nbh2-les-grands\/\">Section des plus grands enfants<\/a><br \/>\nUne grande pi\u00e8ce accueille les enfants plus \u00e2g\u00e9s (2-4 ans).<\/p>\n<p><a href=\"https:\/\/www.svieta.org\/fr\/nbh2-palliatif\/\">Unit\u00e9 de soins palliatifs<\/a><br \/>\nLa deuxi\u00e8me pi\u00e8ce de taille moyenne est utilis\u00e9e pour les enfants en soins palliatifs.<\/p>\n<p><a href=\"https:\/\/www.svieta.org\/fr\/nbh2-directrice\/\">Directrice<\/a><br \/>\nLa directrice travaille avec du personnel \u00e0 Nikolaiev et avec du personnel et des enfants \u00e0 Chernovtsy, \u00e0 500 km de l\u00e0, et fait constamment des allers-retours pour tout g\u00e9rer.<\/p>\n<p><a href=\"https:\/\/www.svieta.org\/fr\/nbh2-employes\/\">Logement, chambre \u00e0 coucher pour les employ\u00e9s<\/a><br \/>\nLes conditions dans lesquelles le personnel (la directrice, son adjoint, deux m\u00e9decins, des infirmi\u00e8res, un avocat, une comptable) vit et travaille sont difficiles (pas de s\u00e9paration comme \u00e0 la maison). Trois petites chambres sont \u00e0 la disposition de la direction, des m\u00e9decins et des infirmi\u00e8res.<\/p>\n<p><a href=\"https:\/\/www.svieta.org\/fr\/nbh2-kleine-kueche\/\">Une petite cuisine<\/a><br \/>\nLe personnel soignant peut y pr\u00e9parer ses repas si n\u00e9cessaire.<\/p>\n<p><\/br><br \/>\n<strong>Liste de souhaits<\/strong><br \/>\nLe personnel aimerait pouvoir utiliser, \u00e0 l&#8217;ext\u00e9rieur de l&#8217;orphelinat, un appartement ou une maison o\u00f9 il pourrait passer son temps libre et ses journ\u00e9es sans travail. Cela am\u00e9liorerait grandement les conditions de logement et de travail. Nous soutenons cette demande et allons essayer de la financer. Actuellement, la recherche d&#8217;un objet appropri\u00e9 est en cours, mais elle est devenue difficile en raison de la guerre.<\/p>\n<p><strong>Merci de soutenir les activit\u00e9s des Amis de Svieta par <a href=\"https:\/\/www.svieta.org\/fr\/don\/\">un don !<\/a><\/strong><\/p>\n<p>Merci d&#8217;avance !<\/p>\n<p><a href=\"https:\/\/donate.raisenow.io\/jfqdv\" alt=\"link to TWINT\"><figure class=\"lads-image\">\n    <img decoding=\"async\" src=\"https:\/\/www.svieta.org\/wp-content\/uploads\/2021\/08\/TWINT_Montant-personalise_FR.jpg\" class=\"img-responsive\" alt=\"\">\n            <figcaption><\/figcaption>\n    <\/figure><\/a><\/p>\n<p><\/br><\/p>\n","protected":false},"excerpt":{"rendered":"<p>L&#8217;orphelinat de Nikolaiev (NBH) a \u00e9t\u00e9 \u00e9vacu\u00e9 de Nikolaiev \u00e0 Chernovtsy (NBH2). Actuellement, les enfants vivent dans cette maison de l&#8217;association &#8220;City of Goodness&#8221; \u00e0 Chernovtsy (NBH2). Au d\u00e9but, tout \u00e9tait difficile : ni le NBH ni &#8220;City of Goodness&#8221; n&#8217;\u00e9taient correctement pr\u00e9par\u00e9s \u00e0 ces nouvelles conditions. Le NBH n&#8217;avait pas assez de personnel \u00e0 [&hellip;]<\/p>\n","protected":false},"author":3,"featured_media":0,"parent":0,"menu_order":0,"comment_status":"closed","ping_status":"closed","template":"","meta":{"footnotes":""},"class_list":["post-7592","page","type-page","status-publish","hentry"],"_links":{"self":[{"href":"https:\/\/www.svieta.org\/fr\/wp-json\/wp\/v2\/pages\/7592","targetHints":{"allow":["GET"]}}],"collection":[{"href":"https:\/\/www.svieta.org\/fr\/wp-json\/wp\/v2\/pages"}],"about":[{"href":"https:\/\/www.svieta.org\/fr\/wp-json\/wp\/v2\/types\/page"}],"author":[{"embeddable":true,"href":"https:\/\/www.svieta.org\/fr\/wp-json\/wp\/v2\/users\/3"}],"replies":[{"embeddable":true,"href":"https:\/\/www.svieta.org\/fr\/wp-json\/wp\/v2\/comments?post=7592"}],"version-history":[{"count":5,"href":"https:\/\/www.svieta.org\/fr\/wp-json\/wp\/v2\/pages\/7592\/revisions"}],"predecessor-version":[{"id":7600,"href":"https:\/\/www.svieta.org\/fr\/wp-json\/wp\/v2\/pages\/7592\/revisions\/7600"}],"wp:attachment":[{"href":"https:\/\/www.svieta.org\/fr\/wp-json\/wp\/v2\/media?parent=7592"}],"curies":[{"name":"wp","href":"https:\/\/api.w.org\/{rel}","templated":true}]}}