{"id":7586,"date":"2022-09-25T20:27:22","date_gmt":"2022-09-25T18:27:22","guid":{"rendered":"https:\/\/www.svieta.org\/nbh2-kleine-kueche\/"},"modified":"2022-10-14T14:30:46","modified_gmt":"2022-10-14T12:30:46","slug":"nbh2-kleine-kueche","status":"publish","type":"page","link":"https:\/\/www.svieta.org\/fr\/nbh2-kleine-kueche\/","title":{"rendered":"Petite cuisine"},"content":{"rendered":"<p>Les collaboratrices re\u00e7oivent les repas de &#8220;City of Goodness&#8221;. Elles ont \u00e9galement cette petite cuisine \u00e0 leur disposition si elles souhaitent pr\u00e9parer quelque chose pour elles-m\u00eames le soir. C&#8217;est tr\u00e8s appr\u00e9ci\u00e9.<\/p>\n<div id=\"lads-gallery-1\" class=\"lads-gallery\">\n    <span class=\"btn btn-default btn-xs glyphicon glyphicon-chevron-left\"><\/span>\n    <span class=\"btn btn-default btn-xs glyphicon glyphicon-chevron-right\"><\/span>\n    <figure class=\"lads-image\"><\/figure> <!-- placeholder -->\n    <div class=\"lads-thumbs\">\n    <div class=\"row\">\n        <div class=\"col-xs-4 col-sm-3 col-md-2\"><figure class=\"lads-image\">\n    <img decoding=\"async\" src=\"https:\/\/www.svieta.org\/wp-content\/uploads\/2022\/09\/kleine-kueche-1.jpg\" class=\"img-responsive\" alt=\"\">\n    <\/figure><\/div><div class=\"col-xs-4 col-sm-3 col-md-2\"><figure class=\"lads-image\">\n    <img decoding=\"async\" src=\"https:\/\/www.svieta.org\/wp-content\/uploads\/2022\/09\/kleine-kueche-2.jpg\" class=\"img-responsive\" alt=\"\">\n    <\/figure><\/div><div class=\"col-xs-4 col-sm-3 col-md-2\"><figure class=\"lads-image\">\n    <img decoding=\"async\" src=\"https:\/\/www.svieta.org\/wp-content\/uploads\/2022\/09\/kleine-kueche-3.jpg\" class=\"img-responsive\" alt=\"\">\n    <\/figure><\/div><div class=\"col-xs-4 col-sm-3 col-md-2\"><figure class=\"lads-image\">\n    <img decoding=\"async\" src=\"https:\/\/www.svieta.org\/wp-content\/uploads\/2022\/09\/kleine-kueche-4.jpg\" class=\"img-responsive\" alt=\"\">\n    <\/figure><\/div>    <\/div>\n<\/div><\/div>\n<p><\/br><br \/>\n<a href=\"https:\/\/www.svieta.org\/fr\/nbh2\/\">Retour \u00e0 la page principale<\/a><\/p>\n","protected":false},"excerpt":{"rendered":"<p>Les collaboratrices re\u00e7oivent les repas de &#8220;City of Goodness&#8221;. Elles ont \u00e9galement cette petite cuisine \u00e0 leur disposition si elles souhaitent pr\u00e9parer quelque chose pour elles-m\u00eames le soir. C&#8217;est tr\u00e8s appr\u00e9ci\u00e9. Retour \u00e0 la page principale<\/p>\n","protected":false},"author":3,"featured_media":0,"parent":0,"menu_order":0,"comment_status":"closed","ping_status":"closed","template":"","meta":{"footnotes":""},"class_list":["post-7586","page","type-page","status-publish","hentry"],"_links":{"self":[{"href":"https:\/\/www.svieta.org\/fr\/wp-json\/wp\/v2\/pages\/7586","targetHints":{"allow":["GET"]}}],"collection":[{"href":"https:\/\/www.svieta.org\/fr\/wp-json\/wp\/v2\/pages"}],"about":[{"href":"https:\/\/www.svieta.org\/fr\/wp-json\/wp\/v2\/types\/page"}],"author":[{"embeddable":true,"href":"https:\/\/www.svieta.org\/fr\/wp-json\/wp\/v2\/users\/3"}],"replies":[{"embeddable":true,"href":"https:\/\/www.svieta.org\/fr\/wp-json\/wp\/v2\/comments?post=7586"}],"version-history":[{"count":2,"href":"https:\/\/www.svieta.org\/fr\/wp-json\/wp\/v2\/pages\/7586\/revisions"}],"predecessor-version":[{"id":7589,"href":"https:\/\/www.svieta.org\/fr\/wp-json\/wp\/v2\/pages\/7586\/revisions\/7589"}],"wp:attachment":[{"href":"https:\/\/www.svieta.org\/fr\/wp-json\/wp\/v2\/media?parent=7586"}],"curies":[{"name":"wp","href":"https:\/\/api.w.org\/{rel}","templated":true}]}}