{"id":7580,"date":"2022-08-27T17:14:36","date_gmt":"2022-08-27T15:14:36","guid":{"rendered":"https:\/\/www.svieta.org\/nbh2-angestellte\/"},"modified":"2022-10-14T14:25:38","modified_gmt":"2022-10-14T12:25:38","slug":"nbh2-employes","status":"publish","type":"page","link":"https:\/\/www.svieta.org\/fr\/nbh2-employes\/","title":{"rendered":"Bureau, logement, chambre \u00e0 coucher pour les employ\u00e9s"},"content":{"rendered":"<p>La directrice, son adjoint, deux m\u00e9decins, des infirmi\u00e8res, un avocat, une comptable doivent s&#8217;organiser d&#8217;une mani\u00e8re ou d&#8217;une autre dans ces trois petites pi\u00e8ces qui sont \u00e0 la fois leurs chambres et leurs bureaux. La directrice, par exemple, n&#8217;a pas de bureau personnel. L&#8217;avocat et la comptable ont chacun un bureau, qui se trouve dans la petite pi\u00e8ce.<br \/>\nIl est inhabituel qu&#8217;il n&#8217;y ait pas de s\u00e9paration entre la maison (repos) et le travail. Les femmes n&#8217;ont pas d&#8217;endroit tranquille pour se reposer. Elles vivent pratiquement au travail, o\u00f9 les enfants sont de l&#8217;autre c\u00f4t\u00e9 du mur. Et c&#8217;est aussi l\u00e0 qu&#8217;elles passent leur temps libre, le week-end ou les jours de cong\u00e9. C&#8217;est toujours bruyant et surcharg\u00e9.<br \/>\nNous remercions &#8220;City of Goodness&#8221; pour son hospitalit\u00e9 et son soutien. Nous sommes heureux que les femmes puissent travailler aussi bien dans ces conditions de promiscuit\u00e9.<\/p>\n<div id=\"lads-gallery-1\" class=\"lads-gallery\">\n    <span class=\"btn btn-default btn-xs glyphicon glyphicon-chevron-left\"><\/span>\n    <span class=\"btn btn-default btn-xs glyphicon glyphicon-chevron-right\"><\/span>\n    <figure class=\"lads-image\"><\/figure> <!-- placeholder -->\n    <div class=\"lads-thumbs\">\n    <div class=\"row\">\n        <div class=\"col-xs-4 col-sm-3 col-md-2\"><figure class=\"lads-image\">\n    <img decoding=\"async\" src=\"https:\/\/www.svieta.org\/wp-content\/uploads\/2022\/09\/image0-3.jpg\" class=\"img-responsive\" alt=\"\">\n    <\/figure><\/div><div class=\"col-xs-4 col-sm-3 col-md-2\"><figure class=\"lads-image\">\n    <img decoding=\"async\" src=\"https:\/\/www.svieta.org\/wp-content\/uploads\/2022\/09\/image1-5.jpg\" class=\"img-responsive\" alt=\"\">\n    <\/figure><\/div><div class=\"col-xs-4 col-sm-3 col-md-2\"><figure class=\"lads-image\">\n    <img decoding=\"async\" src=\"https:\/\/www.svieta.org\/wp-content\/uploads\/2022\/09\/image2-5.jpg\" class=\"img-responsive\" alt=\"\">\n    <\/figure><\/div>    <\/div>\n<\/div><\/div>\n<p>Voici les photos des dortoirs et du bureau du personnel, pour que vous ayez une id\u00e9e de la fa\u00e7on dont ils vivent. La pi\u00e8ce o\u00f9 se trouve le bureau est tr\u00e8s petite, elle tient \u00e0 peine sur l&#8217;image.<\/p>\n<p><\/br><br \/>\n<a href=\"https:\/\/www.svieta.org\/fr\/nbh2\/\">Retour \u00e0 la page principale<\/a><\/p>\n","protected":false},"excerpt":{"rendered":"<p>La directrice, son adjoint, deux m\u00e9decins, des infirmi\u00e8res, un avocat, une comptable doivent s&#8217;organiser d&#8217;une mani\u00e8re ou d&#8217;une autre dans ces trois petites pi\u00e8ces qui sont \u00e0 la fois leurs chambres et leurs bureaux. La directrice, par exemple, n&#8217;a pas de bureau personnel. L&#8217;avocat et la comptable ont chacun un bureau, qui se trouve dans [&hellip;]<\/p>\n","protected":false},"author":3,"featured_media":0,"parent":0,"menu_order":0,"comment_status":"closed","ping_status":"closed","template":"","meta":{"footnotes":""},"class_list":["post-7580","page","type-page","status-publish","hentry"],"_links":{"self":[{"href":"https:\/\/www.svieta.org\/fr\/wp-json\/wp\/v2\/pages\/7580","targetHints":{"allow":["GET"]}}],"collection":[{"href":"https:\/\/www.svieta.org\/fr\/wp-json\/wp\/v2\/pages"}],"about":[{"href":"https:\/\/www.svieta.org\/fr\/wp-json\/wp\/v2\/types\/page"}],"author":[{"embeddable":true,"href":"https:\/\/www.svieta.org\/fr\/wp-json\/wp\/v2\/users\/3"}],"replies":[{"embeddable":true,"href":"https:\/\/www.svieta.org\/fr\/wp-json\/wp\/v2\/comments?post=7580"}],"version-history":[{"count":2,"href":"https:\/\/www.svieta.org\/fr\/wp-json\/wp\/v2\/pages\/7580\/revisions"}],"predecessor-version":[{"id":7582,"href":"https:\/\/www.svieta.org\/fr\/wp-json\/wp\/v2\/pages\/7580\/revisions\/7582"}],"wp:attachment":[{"href":"https:\/\/www.svieta.org\/fr\/wp-json\/wp\/v2\/media?parent=7580"}],"curies":[{"name":"wp","href":"https:\/\/api.w.org\/{rel}","templated":true}]}}