{"id":7574,"date":"2022-08-27T17:12:06","date_gmt":"2022-08-27T15:12:06","guid":{"rendered":"https:\/\/www.svieta.org\/nbh2-direktorin\/"},"modified":"2022-10-14T14:21:13","modified_gmt":"2022-10-14T12:21:13","slug":"nbh2-directrice","status":"publish","type":"page","link":"https:\/\/www.svieta.org\/fr\/nbh2-directrice\/","title":{"rendered":"Directrice"},"content":{"rendered":"<p>La directrice Nataliya Grigorenko est la personne qu&#8217;il faut \u00e0 ce poste en cette p\u00e9riode difficile. Elle est une professionnelle reconnue, aime les enfants et est tr\u00e8s disponible. En ce moment, ce n&#8217;est pas facile pour elle.<\/p>\n<p>La directrice partage avec le personnel l&#8217;une des trois chambres de Chernovtsy. Elle partage son bureau avec les autres.<br \/>\nLes conditions de travail en temps de guerre sont inhabituelles et tout le monde fait de son mieux.<\/p>\n<figure class=\"lads-image\">\n    <img decoding=\"async\" src=\"https:\/\/www.svieta.org\/wp-content\/uploads\/2022\/10\/Nataliya-Gri.jpg\" class=\"img-responsive\" alt=\"\">\n            <figcaption>Nataliya Grigorenko<\/figcaption>\n    <\/figure>\n<p>Le b\u00e2timent de l&#8217;orphelinat pour jeunes enfants NBH se trouve \u00e0 Nikolaev. Quelques employ\u00e9s y travaillent. Nataliya Grigorenko se rend soit en voiture \u00e0 Nikolaiev (500 km), soit en train \u00e0 Odessa puis en bus \u00e0 Nikolaev (la liaison ferroviaire avec Nikolaiev a \u00e9t\u00e9 interrompue par la guerre).<\/p>\n<p>Les enfants vivent \u00e0 Chernovtsy dans le b\u00e2timent mis \u00e0 disposition par &#8220;City of Goodness&#8221;. Nataliya Grigorenko doit constamment faire des allers-retours pour s&#8217;assurer que tout se d\u00e9roule correctement et pour tout contr\u00f4ler. Elle sacrifie sa vie priv\u00e9e pour cela et ne voit que rarement sa famille. Un grand respect.<\/p>\n<p><\/br><br \/>\n<a href=\"https:\/\/www.svieta.org\/fr\/nbh2\/\">Retour \u00e0 la page principale<\/a><\/p>\n","protected":false},"excerpt":{"rendered":"<p>La directrice Nataliya Grigorenko est la personne qu&#8217;il faut \u00e0 ce poste en cette p\u00e9riode difficile. Elle est une professionnelle reconnue, aime les enfants et est tr\u00e8s disponible. En ce moment, ce n&#8217;est pas facile pour elle. La directrice partage avec le personnel l&#8217;une des trois chambres de Chernovtsy. Elle partage son bureau avec les [&hellip;]<\/p>\n","protected":false},"author":3,"featured_media":0,"parent":0,"menu_order":0,"comment_status":"closed","ping_status":"closed","template":"","meta":{"footnotes":""},"class_list":["post-7574","page","type-page","status-publish","hentry"],"_links":{"self":[{"href":"https:\/\/www.svieta.org\/fr\/wp-json\/wp\/v2\/pages\/7574","targetHints":{"allow":["GET"]}}],"collection":[{"href":"https:\/\/www.svieta.org\/fr\/wp-json\/wp\/v2\/pages"}],"about":[{"href":"https:\/\/www.svieta.org\/fr\/wp-json\/wp\/v2\/types\/page"}],"author":[{"embeddable":true,"href":"https:\/\/www.svieta.org\/fr\/wp-json\/wp\/v2\/users\/3"}],"replies":[{"embeddable":true,"href":"https:\/\/www.svieta.org\/fr\/wp-json\/wp\/v2\/comments?post=7574"}],"version-history":[{"count":2,"href":"https:\/\/www.svieta.org\/fr\/wp-json\/wp\/v2\/pages\/7574\/revisions"}],"predecessor-version":[{"id":7578,"href":"https:\/\/www.svieta.org\/fr\/wp-json\/wp\/v2\/pages\/7574\/revisions\/7578"}],"wp:attachment":[{"href":"https:\/\/www.svieta.org\/fr\/wp-json\/wp\/v2\/media?parent=7574"}],"curies":[{"name":"wp","href":"https:\/\/api.w.org\/{rel}","templated":true}]}}