{"id":7569,"date":"2022-08-27T17:10:58","date_gmt":"2022-08-27T15:10:58","guid":{"rendered":"https:\/\/www.svieta.org\/nbh2-palliative\/"},"modified":"2022-10-16T14:53:09","modified_gmt":"2022-10-16T12:53:09","slug":"nbh2-palliatif","status":"publish","type":"page","link":"https:\/\/www.svieta.org\/fr\/nbh2-palliatif\/","title":{"rendered":"Unit\u00e9 de soins palliatifs"},"content":{"rendered":"<p>La deuxi\u00e8me salle de taille moyenne est utilis\u00e9e pour les enfants en soins palliatifs.<br \/>\nLa pi\u00e8ce est divis\u00e9e en zones : Chambre \u00e0 coucher, aire de jeu et salle \u00e0 manger.<\/p>\n<div id=\"lads-gallery-1\" class=\"lads-gallery\">\n    <span class=\"btn btn-default btn-xs glyphicon glyphicon-chevron-left\"><\/span>\n    <span class=\"btn btn-default btn-xs glyphicon glyphicon-chevron-right\"><\/span>\n    <figure class=\"lads-image\"><\/figure> <!-- placeholder -->\n    <div class=\"lads-thumbs\">\n    <div class=\"row\">\n        <div class=\"col-xs-4 col-sm-3 col-md-2\"><figure class=\"lads-image\">\n    <img decoding=\"async\" src=\"https:\/\/www.svieta.org\/wp-content\/uploads\/2022\/10\/palliative-care-1.jpg\" class=\"img-responsive\" alt=\"\">\n    <\/figure><\/div><div class=\"col-xs-4 col-sm-3 col-md-2\"><figure class=\"lads-image\">\n    <img decoding=\"async\" src=\"https:\/\/www.svieta.org\/wp-content\/uploads\/2022\/10\/palliative-care-2.jpg\" class=\"img-responsive\" alt=\"\">\n    <\/figure><\/div><div class=\"col-xs-4 col-sm-3 col-md-2\"><figure class=\"lads-image\">\n    <img decoding=\"async\" src=\"https:\/\/www.svieta.org\/wp-content\/uploads\/2022\/10\/palliative-care-3.jpg\" class=\"img-responsive\" alt=\"\">\n    <\/figure><\/div>    <\/div>\n<\/div><\/div>\n<p>Cette unit\u00e9 palliative est destin\u00e9e aux enfants souffrant du plus haut degr\u00e9 de handicap. Ce type d&#8217;unit\u00e9 a malheureusement toujours exist\u00e9, m\u00eame \u00e0 Nikolaiev. L&#8217;unit\u00e9 est occup\u00e9e par 10 enfants au maximum, car les soins sont beaucoup plus importants que dans les groupes normaux. En outre, les enfants sont surveill\u00e9s 24 heures sur 24 par deux infirmi\u00e8res.<br \/>\nDans le groupe palliatif du NBH2, tout est tr\u00e8s bien organis\u00e9 et les enfants sont assur\u00e9s d&#8217;avoir tout ce dont ils ont besoin.<\/p>\n<p><\/br><br \/>\n<a href=\"https:\/\/www.svieta.org\/fr\/nbh2\/\">Retour \u00e0 la page principale<\/a><\/p>\n","protected":false},"excerpt":{"rendered":"<p>La deuxi\u00e8me salle de taille moyenne est utilis\u00e9e pour les enfants en soins palliatifs. La pi\u00e8ce est divis\u00e9e en zones : Chambre \u00e0 coucher, aire de jeu et salle \u00e0 manger. Cette unit\u00e9 palliative est destin\u00e9e aux enfants souffrant du plus haut degr\u00e9 de handicap. Ce type d&#8217;unit\u00e9 a malheureusement toujours exist\u00e9, m\u00eame \u00e0 Nikolaiev. [&hellip;]<\/p>\n","protected":false},"author":3,"featured_media":0,"parent":0,"menu_order":0,"comment_status":"closed","ping_status":"closed","template":"","meta":{"footnotes":""},"class_list":["post-7569","page","type-page","status-publish","hentry"],"_links":{"self":[{"href":"https:\/\/www.svieta.org\/fr\/wp-json\/wp\/v2\/pages\/7569","targetHints":{"allow":["GET"]}}],"collection":[{"href":"https:\/\/www.svieta.org\/fr\/wp-json\/wp\/v2\/pages"}],"about":[{"href":"https:\/\/www.svieta.org\/fr\/wp-json\/wp\/v2\/types\/page"}],"author":[{"embeddable":true,"href":"https:\/\/www.svieta.org\/fr\/wp-json\/wp\/v2\/users\/3"}],"replies":[{"embeddable":true,"href":"https:\/\/www.svieta.org\/fr\/wp-json\/wp\/v2\/comments?post=7569"}],"version-history":[{"count":2,"href":"https:\/\/www.svieta.org\/fr\/wp-json\/wp\/v2\/pages\/7569\/revisions"}],"predecessor-version":[{"id":7651,"href":"https:\/\/www.svieta.org\/fr\/wp-json\/wp\/v2\/pages\/7569\/revisions\/7651"}],"wp:attachment":[{"href":"https:\/\/www.svieta.org\/fr\/wp-json\/wp\/v2\/media?parent=7569"}],"curies":[{"name":"wp","href":"https:\/\/api.w.org\/{rel}","templated":true}]}}