{"id":7563,"date":"2022-08-27T17:09:35","date_gmt":"2022-08-27T15:09:35","guid":{"rendered":"https:\/\/www.svieta.org\/nbh2-grosse-kinder\/"},"modified":"2022-10-14T14:07:21","modified_gmt":"2022-10-14T12:07:21","slug":"nbh2-les-grands","status":"publish","type":"page","link":"https:\/\/www.svieta.org\/fr\/nbh2-les-grands\/","title":{"rendered":"Espace des enfants plus grands"},"content":{"rendered":"<p>C&#8217;est la chambre des enfants plus \u00e2g\u00e9s (2-4 ans).<br \/>\nLa chambre est divis\u00e9e en espace de couchage, espace de jeu et espace repas.<\/p>\n<div id=\"lads-gallery-1\" class=\"lads-gallery\">\n    <span class=\"btn btn-default btn-xs glyphicon glyphicon-chevron-left\"><\/span>\n    <span class=\"btn btn-default btn-xs glyphicon glyphicon-chevron-right\"><\/span>\n    <figure class=\"lads-image\"><\/figure> <!-- placeholder -->\n    <div class=\"lads-thumbs\">\n    <div class=\"row\">\n        <div class=\"col-xs-4 col-sm-3 col-md-2\"><figure class=\"lads-image\">\n    <img decoding=\"async\" src=\"https:\/\/www.svieta.org\/wp-content\/uploads\/2022\/10\/gr-Kinder-2.jpg\" class=\"img-responsive\" alt=\"\">\n    <\/figure><\/div><div class=\"col-xs-4 col-sm-3 col-md-2\"><figure class=\"lads-image\">\n    <img decoding=\"async\" src=\"https:\/\/www.svieta.org\/wp-content\/uploads\/2022\/10\/gr-Kinder-3.jpg\" class=\"img-responsive\" alt=\"\">\n    <\/figure><\/div><div class=\"col-xs-4 col-sm-3 col-md-2\"><figure class=\"lads-image\">\n    <img decoding=\"async\" src=\"https:\/\/www.svieta.org\/wp-content\/uploads\/2022\/10\/gr-Kinder-1.jpg\" class=\"img-responsive\" alt=\"\">\n    <\/figure><\/div>    <\/div>\n<\/div><\/div>\n<p>La chambre est vide parce qu&#8217;il faisait beau et que les enfants \u00e9taient dehors sur <a href=\"https:\/\/www.svieta.org\/fr\/nbh2-exterieur\/\">l&#8217;aire de jeux<\/a>.<\/p>\n<p><\/br><br \/>\n<a href=\"https:\/\/www.svieta.org\/fr\/nbh2\/\">Retour \u00e0 la page principale<\/a><\/p>\n","protected":false},"excerpt":{"rendered":"<p>C&#8217;est la chambre des enfants plus \u00e2g\u00e9s (2-4 ans). La chambre est divis\u00e9e en espace de couchage, espace de jeu et espace repas. La chambre est vide parce qu&#8217;il faisait beau et que les enfants \u00e9taient dehors sur l&#8217;aire de jeux. Retour \u00e0 la page principale<\/p>\n","protected":false},"author":3,"featured_media":0,"parent":0,"menu_order":0,"comment_status":"closed","ping_status":"closed","template":"","meta":{"footnotes":""},"class_list":["post-7563","page","type-page","status-publish","hentry"],"_links":{"self":[{"href":"https:\/\/www.svieta.org\/fr\/wp-json\/wp\/v2\/pages\/7563","targetHints":{"allow":["GET"]}}],"collection":[{"href":"https:\/\/www.svieta.org\/fr\/wp-json\/wp\/v2\/pages"}],"about":[{"href":"https:\/\/www.svieta.org\/fr\/wp-json\/wp\/v2\/types\/page"}],"author":[{"embeddable":true,"href":"https:\/\/www.svieta.org\/fr\/wp-json\/wp\/v2\/users\/3"}],"replies":[{"embeddable":true,"href":"https:\/\/www.svieta.org\/fr\/wp-json\/wp\/v2\/comments?post=7563"}],"version-history":[{"count":2,"href":"https:\/\/www.svieta.org\/fr\/wp-json\/wp\/v2\/pages\/7563\/revisions"}],"predecessor-version":[{"id":7567,"href":"https:\/\/www.svieta.org\/fr\/wp-json\/wp\/v2\/pages\/7563\/revisions\/7567"}],"wp:attachment":[{"href":"https:\/\/www.svieta.org\/fr\/wp-json\/wp\/v2\/media?parent=7563"}],"curies":[{"name":"wp","href":"https:\/\/api.w.org\/{rel}","templated":true}]}}