{"id":7551,"date":"2022-08-27T17:05:40","date_gmt":"2022-08-27T15:05:40","guid":{"rendered":"https:\/\/www.svieta.org\/nbh2-aussen\/"},"modified":"2022-10-14T13:54:11","modified_gmt":"2022-10-14T11:54:11","slug":"nbh2-exterieur","status":"publish","type":"page","link":"https:\/\/www.svieta.org\/fr\/nbh2-exterieur\/","title":{"rendered":"Ext\u00e9rieur du b\u00e2timent et environnement avec place de jeux"},"content":{"rendered":"<p>Le terrain de la &#8220;City of Goodness&#8221; est tr\u00e8s beau et bien entretenu.<\/p>\n<div id=\"lads-gallery-1\" class=\"lads-gallery\">\n    <span class=\"btn btn-default btn-xs glyphicon glyphicon-chevron-left\"><\/span>\n    <span class=\"btn btn-default btn-xs glyphicon glyphicon-chevron-right\"><\/span>\n    <figure class=\"lads-image\"><\/figure> <!-- placeholder -->\n    <div class=\"lads-thumbs\">\n    <div class=\"row\">\n        <div class=\"col-xs-4 col-sm-3 col-md-2\"><figure class=\"lads-image\">\n    <img decoding=\"async\" src=\"https:\/\/www.svieta.org\/wp-content\/uploads\/2022\/08\/city-of-goodness-5.jpg\" class=\"img-responsive\" alt=\"\">\n    <\/figure><\/div><div class=\"col-xs-4 col-sm-3 col-md-2\"><figure class=\"lads-image\">\n    <img decoding=\"async\" src=\"https:\/\/www.svieta.org\/wp-content\/uploads\/2022\/08\/city-of-goodness-6.jpg\" class=\"img-responsive\" alt=\"\">\n    <\/figure><\/div><div class=\"col-xs-4 col-sm-3 col-md-2\"><figure class=\"lads-image\">\n    <img decoding=\"async\" src=\"https:\/\/www.svieta.org\/wp-content\/uploads\/2022\/08\/city-of-goodness-4.jpg\" class=\"img-responsive\" alt=\"\">\n    <\/figure><\/div><div class=\"col-xs-4 col-sm-3 col-md-2\"><figure class=\"lads-image\">\n    <img decoding=\"async\" src=\"https:\/\/www.svieta.org\/wp-content\/uploads\/2022\/09\/image01.jpg\" class=\"img-responsive\" alt=\"\">\n    <\/figure><\/div><div class=\"col-xs-4 col-sm-3 col-md-2\"><figure class=\"lads-image\">\n    <img decoding=\"async\" src=\"https:\/\/www.svieta.org\/wp-content\/uploads\/2022\/09\/image02.jpg\" class=\"img-responsive\" alt=\"\">\n    <\/figure><\/div><div class=\"col-xs-4 col-sm-3 col-md-2\"><figure class=\"lads-image\">\n    <img decoding=\"async\" src=\"https:\/\/www.svieta.org\/wp-content\/uploads\/2022\/09\/image03.jpg\" class=\"img-responsive\" alt=\"\">\n    <\/figure><\/div><div class=\"col-xs-4 col-sm-3 col-md-2\"><figure class=\"lads-image\">\n    <img decoding=\"async\" src=\"https:\/\/www.svieta.org\/wp-content\/uploads\/2022\/09\/image04.jpg\" class=\"img-responsive\" alt=\"\">\n    <\/figure><\/div>    <\/div>\n<\/div><\/div>\n<p>Les enfants ont non seulement des chambres superbes et bien \u00e9quip\u00e9es, mais aussi de grandes aires de jeux o\u00f9 ils peuvent passer du temps \u00e0 l&#8217;ext\u00e9rieur.<\/p>\n<p><\/br><br \/>\n<a href=\"https:\/\/www.svieta.org\/fr\/nbh2\/\">Retour \u00e0 la page principale<\/a><\/p>\n","protected":false},"excerpt":{"rendered":"<p>Le terrain de la &#8220;City of Goodness&#8221; est tr\u00e8s beau et bien entretenu. Les enfants ont non seulement des chambres superbes et bien \u00e9quip\u00e9es, mais aussi de grandes aires de jeux o\u00f9 ils peuvent passer du temps \u00e0 l&#8217;ext\u00e9rieur. Retour \u00e0 la page principale<\/p>\n","protected":false},"author":3,"featured_media":0,"parent":0,"menu_order":0,"comment_status":"closed","ping_status":"closed","template":"","meta":{"footnotes":""},"class_list":["post-7551","page","type-page","status-publish","hentry"],"_links":{"self":[{"href":"https:\/\/www.svieta.org\/fr\/wp-json\/wp\/v2\/pages\/7551","targetHints":{"allow":["GET"]}}],"collection":[{"href":"https:\/\/www.svieta.org\/fr\/wp-json\/wp\/v2\/pages"}],"about":[{"href":"https:\/\/www.svieta.org\/fr\/wp-json\/wp\/v2\/types\/page"}],"author":[{"embeddable":true,"href":"https:\/\/www.svieta.org\/fr\/wp-json\/wp\/v2\/users\/3"}],"replies":[{"embeddable":true,"href":"https:\/\/www.svieta.org\/fr\/wp-json\/wp\/v2\/comments?post=7551"}],"version-history":[{"count":2,"href":"https:\/\/www.svieta.org\/fr\/wp-json\/wp\/v2\/pages\/7551\/revisions"}],"predecessor-version":[{"id":7555,"href":"https:\/\/www.svieta.org\/fr\/wp-json\/wp\/v2\/pages\/7551\/revisions\/7555"}],"wp:attachment":[{"href":"https:\/\/www.svieta.org\/fr\/wp-json\/wp\/v2\/media?parent=7551"}],"curies":[{"name":"wp","href":"https:\/\/api.w.org\/{rel}","templated":true}]}}