{"id":7543,"date":"2022-08-27T17:04:02","date_gmt":"2022-08-27T15:04:02","guid":{"rendered":"https:\/\/www.svieta.org\/wer-ist-city-of-goodness-und-was-macht-city-of-goodness\/"},"modified":"2022-10-12T11:49:55","modified_gmt":"2022-10-12T09:49:55","slug":"qui-est-city-of-goodness-et-que-fait-city-of-goodness","status":"publish","type":"page","link":"https:\/\/www.svieta.org\/fr\/qui-est-city-of-goodness-et-que-fait-city-of-goodness\/","title":{"rendered":"Qui est City of Goodness et que fait City of Goodness ?"},"content":{"rendered":"<p>Il existe \u00e0 Chernovtsy une grande association caritative appel\u00e9e &#8220;City of Goodness&#8221;. L&#8217;objectif principal de cette association est de prot\u00e9ger les femmes avec leurs enfants qui se trouvent dans des situations difficiles. Les raisons peuvent \u00eatre diverses : violence domestique, perte d&#8217;emploi ou de logement, probl\u00e8mes physiologiques ou physiques&#8230; Les femmes peuvent s&#8217;y rendre et demander de l&#8217;aide. Elles y trouvent un lit, de la nourriture, une aide et un soutien psychologique, financier ou juridique.<\/p>\n<div id=\"lads-gallery-1\" class=\"lads-gallery\">\n    <span class=\"btn btn-default btn-xs glyphicon glyphicon-chevron-left\"><\/span>\n    <span class=\"btn btn-default btn-xs glyphicon glyphicon-chevron-right\"><\/span>\n    <figure class=\"lads-image\"><\/figure> <!-- placeholder -->\n    <div class=\"lads-thumbs\">\n    <div class=\"row\">\n        <div class=\"col-xs-4 col-sm-3 col-md-2\"><figure class=\"lads-image\">\n    <img decoding=\"async\" src=\"https:\/\/www.svieta.org\/wp-content\/uploads\/2022\/08\/city-of-goodness-3.jpg\" class=\"img-responsive\" alt=\"\">\n    <\/figure><\/div><div class=\"col-xs-4 col-sm-3 col-md-2\"><figure class=\"lads-image\">\n    <img decoding=\"async\" src=\"https:\/\/www.svieta.org\/wp-content\/uploads\/2022\/08\/city-of-goodness-2.jpg\" class=\"img-responsive\" alt=\"\">\n    <\/figure><\/div><div class=\"col-xs-4 col-sm-3 col-md-2\"><figure class=\"lads-image\">\n    <img decoding=\"async\" src=\"https:\/\/www.svieta.org\/wp-content\/uploads\/2022\/08\/city-of-goodness-4.jpg\" class=\"img-responsive\" alt=\"\">\n    <\/figure><\/div>    <\/div>\n<\/div><\/div>\n<p>&#8220;City of Goodness&#8221; a de l&#8217;argent. On peut le voir tout de suite. Ils poss\u00e8dent un immense terrain et trois nouveaux b\u00e2timents. Dans deux de ces b\u00e2timents vivent des femmes avec leurs enfants. Le troisi\u00e8me a \u00e9t\u00e9 mis \u00e0 la disposition du NBH.<br \/>\nIl est int\u00e9ressant de noter que le gouvernement ukrainien (comme toujours) fait payer l&#8217;ensemble des co\u00fbts aux \u00e9paules des sponsors et donateurs priv\u00e9s, car &#8220;City of Goodness&#8221; est enti\u00e8rement financ\u00e9e par des dons.<\/p>\n<p>NBH est install\u00e9e dans un b\u00e2timent compos\u00e9 de deux \u00e9tages. Le premier \u00e9tage comprend une grande pi\u00e8ce, une petite cuisine et deux petites chambres. Le deuxi\u00e8me \u00e9tage se compose de deux chambres de taille moyenne et d&#8217;une petite chambre. Les grandes et moyennes chambres sont attribu\u00e9es \u00e0 des enfants. Tout est en parfait \u00e9tat, fra\u00eechement r\u00e9nov\u00e9 avec des mat\u00e9riaux tr\u00e8s chers, des meubles neufs, des appareils et des jouets co\u00fbteux. La grande chambre est r\u00e9serv\u00e9e aux enfants plus \u00e2g\u00e9s (2-4 ans). Les pi\u00e8ces de taille moyenne ont \u00e9t\u00e9 r\u00e9parties entre les petits enfants (0-2 ans) et les enfants en soins palliatifs. Les pi\u00e8ces ont \u00e9t\u00e9 divis\u00e9es en zones : Chambre \u00e0 coucher, aire de jeu et salle \u00e0 manger.<\/p>\n<p><\/br><br \/>\n<a href=\"https:\/\/www.svieta.org\/fr\/nbh2\/\">Retour \u00e0 la page principale<\/a><\/p>\n","protected":false},"excerpt":{"rendered":"<p>Il existe \u00e0 Chernovtsy une grande association caritative appel\u00e9e &#8220;City of Goodness&#8221;. L&#8217;objectif principal de cette association est de prot\u00e9ger les femmes avec leurs enfants qui se trouvent dans des situations difficiles. Les raisons peuvent \u00eatre diverses : violence domestique, perte d&#8217;emploi ou de logement, probl\u00e8mes physiologiques ou physiques&#8230; Les femmes peuvent s&#8217;y rendre et [&hellip;]<\/p>\n","protected":false},"author":3,"featured_media":0,"parent":0,"menu_order":0,"comment_status":"closed","ping_status":"closed","template":"","meta":{"footnotes":""},"class_list":["post-7543","page","type-page","status-publish","hentry"],"_links":{"self":[{"href":"https:\/\/www.svieta.org\/fr\/wp-json\/wp\/v2\/pages\/7543","targetHints":{"allow":["GET"]}}],"collection":[{"href":"https:\/\/www.svieta.org\/fr\/wp-json\/wp\/v2\/pages"}],"about":[{"href":"https:\/\/www.svieta.org\/fr\/wp-json\/wp\/v2\/types\/page"}],"author":[{"embeddable":true,"href":"https:\/\/www.svieta.org\/fr\/wp-json\/wp\/v2\/users\/3"}],"replies":[{"embeddable":true,"href":"https:\/\/www.svieta.org\/fr\/wp-json\/wp\/v2\/comments?post=7543"}],"version-history":[{"count":3,"href":"https:\/\/www.svieta.org\/fr\/wp-json\/wp\/v2\/pages\/7543\/revisions"}],"predecessor-version":[{"id":7548,"href":"https:\/\/www.svieta.org\/fr\/wp-json\/wp\/v2\/pages\/7543\/revisions\/7548"}],"wp:attachment":[{"href":"https:\/\/www.svieta.org\/fr\/wp-json\/wp\/v2\/media?parent=7543"}],"curies":[{"name":"wp","href":"https:\/\/api.w.org\/{rel}","templated":true}]}}