{"id":7081,"date":"2022-08-15T15:27:44","date_gmt":"2022-08-15T13:27:44","guid":{"rendered":"https:\/\/www.svieta.org\/donations\/"},"modified":"2022-10-09T17:39:29","modified_gmt":"2022-10-09T15:39:29","slug":"don","status":"publish","type":"page","link":"https:\/\/www.svieta.org\/fr\/don\/","title":{"rendered":"Faites un don"},"content":{"rendered":"<p>Chaque don nous aide dans notre travail quotidien. Merci !<\/p>\n<p>\u201cAmis de Svieta &#8211; Freunde von Svieta\u201d<br \/>\n3000 Bern<\/p>\n<p><strong>IBAN CH88 0900 0000 1573 6331 1<\/strong><\/p>\n<p>PostFinance AG<br \/>\nBIC: POFICHBEXXX<br \/>\nMingerstrasse 20<br \/>\nCH-3030 Bern<\/p>\n<p>T\u00e9l\u00e9charger ici un <strong><a href=\"https:\/\/www.svieta.org\/wp-content\/uploads\/2022\/10\/QR-Einzahlungsschein-fr.pdf\">bulletin de versement QR<\/a><\/strong> vierge.<\/p>\n<p><\/br><br \/>\nVous pouvez \u00e9galement faire un don en ligne :<\/p>\n<p><figure class=\"lads-image\">\n    <img decoding=\"async\" src=\"https:\/\/www.svieta.org\/wp-content\/uploads\/2021\/08\/TWINT_Montant-personalise_FR.jpg\" class=\"img-responsive\" alt=\"\">\n            <figcaption><\/figcaption>\n    <\/figure><br \/>\n<\/br><br \/>\nOu <strong>cliquez sur ce <a href=\"https:\/\/donate.raisenow.io\/jfqdv\">lien Twint<\/a><\/strong> pour faire un don.<br \/>\n<\/br><\/p>\n<p>Les dons \u00e0 l&#8217;association &#8216;Amis de Svieta&#8217; sont <a href=\"https:\/\/www.svieta.org\/fr\/2021\/10\/exoneration-fiscale-des-dons-mise-a-jour\/\">enti\u00e8rement d\u00e9ductibles des imp\u00f4ts<\/a> dans la majorit\u00e9 des cantons suisses !<\/p>\n<figure class=\"lads-image\">\n    <img decoding=\"async\" src=\"https:\/\/www.svieta.org\/wp-content\/uploads\/2022\/03\/Thank-Friends-169x300.jpeg\" class=\"img-responsive\" alt=\"\">\n            <figcaption><\/figcaption>\n    <\/figure>\n<p><\/br><br \/>\n<strong>H\u00e9ritages<\/strong><br \/>\nLe monde continue de tourner, m\u00eame si nous ne sommes plus l\u00e0. En laissant un h\u00e9ritage, vous pouvez faire du bien &#8211; au-del\u00e0 de votre propre vie.<br \/>\nMerci de nous contacter par <script type=\"text\/javascript\">ofs_pl('106112102112066115119107101117099046112116103064117117099108101100118061073103114106118097104103','Email')<\/script>.<\/p>\n<h3><u>Aidez <a title=\"Comment puis-je faire un don \u00e0 Les Amis de Svieta.\" href=\"https:\/\/www.svieta.org\/fr\/comment-aider\/\">les orpehlins et les orphelinats d&#8217;Ukraine<\/a>,<\/u> s\u2019il vous pla\u00eet ! <\/p>\n","protected":false},"excerpt":{"rendered":"<p>Chaque don nous aide dans notre travail quotidien. Merci ! \u201cAmis de Svieta &#8211; Freunde von Svieta\u201d 3000 Bern IBAN CH88 0900 0000 1573 6331 1 PostFinance AG BIC: POFICHBEXXX Mingerstrasse 20 CH-3030 Bern T\u00e9l\u00e9charger ici un bulletin de versement QR vierge. Vous pouvez \u00e9galement faire un don en ligne : Ou cliquez sur ce [&hellip;]<\/p>\n","protected":false},"author":3,"featured_media":0,"parent":0,"menu_order":0,"comment_status":"closed","ping_status":"closed","template":"","meta":{"footnotes":""},"class_list":["post-7081","page","type-page","status-publish","hentry"],"_links":{"self":[{"href":"https:\/\/www.svieta.org\/fr\/wp-json\/wp\/v2\/pages\/7081","targetHints":{"allow":["GET"]}}],"collection":[{"href":"https:\/\/www.svieta.org\/fr\/wp-json\/wp\/v2\/pages"}],"about":[{"href":"https:\/\/www.svieta.org\/fr\/wp-json\/wp\/v2\/types\/page"}],"author":[{"embeddable":true,"href":"https:\/\/www.svieta.org\/fr\/wp-json\/wp\/v2\/users\/3"}],"replies":[{"embeddable":true,"href":"https:\/\/www.svieta.org\/fr\/wp-json\/wp\/v2\/comments?post=7081"}],"version-history":[{"count":5,"href":"https:\/\/www.svieta.org\/fr\/wp-json\/wp\/v2\/pages\/7081\/revisions"}],"predecessor-version":[{"id":7537,"href":"https:\/\/www.svieta.org\/fr\/wp-json\/wp\/v2\/pages\/7081\/revisions\/7537"}],"wp:attachment":[{"href":"https:\/\/www.svieta.org\/fr\/wp-json\/wp\/v2\/media?parent=7081"}],"curies":[{"name":"wp","href":"https:\/\/api.w.org\/{rel}","templated":true}]}}