{"id":5892,"date":"2021-07-06T19:15:02","date_gmt":"2021-07-06T17:15:02","guid":{"rendered":"https:\/\/www.svieta.org\/?page_id=5892"},"modified":"2021-08-23T17:17:02","modified_gmt":"2021-08-23T15:17:02","slug":"devenez-membre","status":"publish","type":"page","link":"https:\/\/www.svieta.org\/fr\/devenez-membre\/","title":{"rendered":"Devenez membre des <em>Amis de Svieta<\/em>"},"content":{"rendered":"<p>Les membres peuvent participer activement \u00e0 l&#8217;association et \u00e9ventuellement devenir membres du comit\u00e9.<br \/>\nEn faisant <strong><a href=\"https:\/\/donate.raisenow.io\/jfqdv\">un don<\/a><\/strong>, vous aidez les orphelins d&#8217;Ukraine.<\/p>\n<p><iframe\nsrc=\"https:\/\/lads.webling.ch\/forms\/memberform\/c621a37b378f9af7248e\"\nframeborder=\"0\"\nstyle=\"overflow: hidden; min-height: 1000px; width: 100%\"\nheight=\"100%\"\nwidth=\"100%\"\n><\/iframe><\/p>\n","protected":false},"excerpt":{"rendered":"<p>Les membres peuvent participer activement \u00e0 l&#8217;association et \u00e9ventuellement devenir membres du comit\u00e9. En faisant un don, vous aidez les orphelins d&#8217;Ukraine.<\/p>\n","protected":false},"author":3,"featured_media":0,"parent":0,"menu_order":0,"comment_status":"closed","ping_status":"closed","template":"","meta":{"footnotes":""},"class_list":["post-5892","page","type-page","status-publish","hentry"],"_links":{"self":[{"href":"https:\/\/www.svieta.org\/fr\/wp-json\/wp\/v2\/pages\/5892","targetHints":{"allow":["GET"]}}],"collection":[{"href":"https:\/\/www.svieta.org\/fr\/wp-json\/wp\/v2\/pages"}],"about":[{"href":"https:\/\/www.svieta.org\/fr\/wp-json\/wp\/v2\/types\/page"}],"author":[{"embeddable":true,"href":"https:\/\/www.svieta.org\/fr\/wp-json\/wp\/v2\/users\/3"}],"replies":[{"embeddable":true,"href":"https:\/\/www.svieta.org\/fr\/wp-json\/wp\/v2\/comments?post=5892"}],"version-history":[{"count":5,"href":"https:\/\/www.svieta.org\/fr\/wp-json\/wp\/v2\/pages\/5892\/revisions"}],"predecessor-version":[{"id":6173,"href":"https:\/\/www.svieta.org\/fr\/wp-json\/wp\/v2\/pages\/5892\/revisions\/6173"}],"wp:attachment":[{"href":"https:\/\/www.svieta.org\/fr\/wp-json\/wp\/v2\/media?parent=5892"}],"curies":[{"name":"wp","href":"https:\/\/api.w.org\/{rel}","templated":true}]}}