{"id":5630,"date":"2021-06-27T00:01:04","date_gmt":"2021-06-26T22:01:04","guid":{"rendered":"https:\/\/www.svieta.org\/?page_id=5630"},"modified":"2022-10-09T17:40:51","modified_gmt":"2022-10-09T15:40:51","slug":"nous-contacter","status":"publish","type":"page","link":"https:\/\/www.svieta.org\/fr\/nous-contacter\/","title":{"rendered":"Nous contacter"},"content":{"rendered":"<p><strong>L&#8217;association n&#8217;existe que gr\u00e2ce aux g\u00e9n\u00e9reux dons de ses membres.<br \/>\n&#8220;Ce sont les petits ruisseaux qui font les grandes rivi\u00e8res !&#8221;<\/strong><\/p>\n<p><\/br><br \/>\nPour nous joindre, rien de plus simple:<\/p>\n<h3>Les Amis de Svieta (<a href=\"https:\/\/www.svieta.org\/fr\/comite\/\">comit\u00e9<\/a>)<\/h3>\n<p><a href=\"https:\/\/www.svieta.org\/wp-content\/uploads\/2021\/09\/Flyer-23.8.21-franz.pdf\">Prospectus 2021<\/a><\/p>\n<p><\/br><br \/>\n<strong>Email :<\/strong><\/p>\n<p><script type=\"text\/javascript\">ofs_pl('106112102112066115119107101117099046112116103','')<\/script><\/p>\n<p><\/br><br \/>\n<strong>Adresse postale pour des lettres :<\/strong><\/p>\n<p>Freunde von Svieta \/ Amis de Svieta<br \/>\n3000 Bern \/ Suisse<\/p>\n<p><\/br><br \/>\nVeuillez appeler pour obtenir l&#8217;adresse postale pour les colis.<\/p>\n<p><strong>T\u00e9l\u00e9phone :<\/strong><\/p>\n<p>Thomas Rudolf<br \/>\n+41 31 371 18 92<\/p>\n<p><a name=\"donations\"><\/a><br \/>\n<\/br><br \/>\n<strong>Num\u00e9ro de compte bancaire :<\/strong><br \/>\n15-736331-1<br \/>\nIBAN CH88 0900 0000 1573 6331 1<\/p>\n<p>PostFinance AG<br \/>\nMingerstrasse 20<br \/>\n3030 Bern<br \/>\nSchweiz<br \/>\nBIC (SWIFT-Code): POFICHBEXXX<\/p>\n<p>Titulaire du compte:<br \/>\n&#8220;Freunde von Svieta &#8211; Amis de Svieta&#8221;<br \/>\n3000 Bern<\/p>\n<p>T\u00e9l\u00e9charger ici un <strong><a href=\"https:\/\/www.svieta.org\/wp-content\/uploads\/2022\/10\/QR-Einzahlungsschein-fr.pdf\">bulletin de versement QR<\/a><\/strong> vierge.<\/p>\n<p><\/br><br \/>\n<figure class=\"lads-image\">\n    <img decoding=\"async\" src=\"https:\/\/www.svieta.org\/wp-content\/uploads\/2021\/08\/TWINT_Montant-personalise_FR.jpg\" class=\"img-responsive\" alt=\"\">\n            <figcaption><\/figcaption>\n    <\/figure><br \/>\n<\/br><br \/>\nOu <strong>cliquez sur ce <a href=\"https:\/\/donate.raisenow.io\/jfqdv\">lien Twint<\/a><\/strong> pour faire un don.<br \/>\n<\/br><\/p>\n","protected":false},"excerpt":{"rendered":"<p>L&#8217;association n&#8217;existe que gr\u00e2ce aux g\u00e9n\u00e9reux dons de ses membres. &#8220;Ce sont les petits ruisseaux qui font les grandes rivi\u00e8res !&#8221; Pour nous joindre, rien de plus simple: Les Amis de Svieta (comit\u00e9) Prospectus 2021 Email : Adresse postale pour des lettres : Freunde von Svieta \/ Amis de Svieta 3000 Bern \/ Suisse Veuillez [&hellip;]<\/p>\n","protected":false},"author":3,"featured_media":0,"parent":0,"menu_order":0,"comment_status":"closed","ping_status":"closed","template":"","meta":{"footnotes":""},"class_list":["post-5630","page","type-page","status-publish","hentry"],"_links":{"self":[{"href":"https:\/\/www.svieta.org\/fr\/wp-json\/wp\/v2\/pages\/5630","targetHints":{"allow":["GET"]}}],"collection":[{"href":"https:\/\/www.svieta.org\/fr\/wp-json\/wp\/v2\/pages"}],"about":[{"href":"https:\/\/www.svieta.org\/fr\/wp-json\/wp\/v2\/types\/page"}],"author":[{"embeddable":true,"href":"https:\/\/www.svieta.org\/fr\/wp-json\/wp\/v2\/users\/3"}],"replies":[{"embeddable":true,"href":"https:\/\/www.svieta.org\/fr\/wp-json\/wp\/v2\/comments?post=5630"}],"version-history":[{"count":5,"href":"https:\/\/www.svieta.org\/fr\/wp-json\/wp\/v2\/pages\/5630\/revisions"}],"predecessor-version":[{"id":7538,"href":"https:\/\/www.svieta.org\/fr\/wp-json\/wp\/v2\/pages\/5630\/revisions\/7538"}],"wp:attachment":[{"href":"https:\/\/www.svieta.org\/fr\/wp-json\/wp\/v2\/media?parent=5630"}],"curies":[{"name":"wp","href":"https:\/\/api.w.org\/{rel}","templated":true}]}}