{"id":5597,"date":"2021-06-27T00:01:31","date_gmt":"2021-06-26T22:01:31","guid":{"rendered":"https:\/\/www.svieta.org\/?page_id=5597"},"modified":"2021-11-11T16:43:01","modified_gmt":"2021-11-11T15:43:01","slug":"a-propos-des-amis-de-svieta","status":"publish","type":"page","link":"https:\/\/www.svieta.org\/fr\/a-propos-des-amis-de-svieta\/","title":{"rendered":"A propos des <em>Amis de Svieta<\/em>"},"content":{"rendered":"<p><strong>Les Amis de Svieta (Suisse) a \u00e9t\u00e9 cr\u00e9\u00e9 en \u00e9t\u00e9 2000.<\/strong><br \/>\nLe 21 novembre 2010, nous avons f\u00eat\u00e9 nos 10 ans d&#8217;existence.<br \/>\n<a href=\"https:\/\/www.svieta.org\/fr\/2010\/11\/10-ans-les-amis-de-svieta-suisse\/\">Ce fut un succ\u00e8s, de nombreuses personnes nous ont rejoint \u00e0 Saint-Brais.<\/a><\/p>\n<p>En 2020, nous n&#8217;avons pas pu c\u00e9l\u00e9brer notre 20e anniversaire \u00e0 cause de Covid. <a href=\"https:\/\/www.svieta.org\/fr\/2021\/01\/20-ans\/\">En savoir plus sur les r\u00e9alisations de ces 10 derni\u00e8res ann\u00e9es.<\/a><\/p>\n<p><\/br><br \/>\n<strong>L&#8217;histoire du succ\u00e8s<\/strong> continue (<a href=\"https:\/\/www.svieta.org\/wp-content\/uploads\/2021\/09\/Flyer-23.8.21-franz.pdf\">prospectus 2021<\/a>).<br \/>\n\u00c0 l&#8217;\u00e9t\u00e9 2021, la nouvelle association <em>Freunde von Svieta \/ Amis de Svieta<\/em> <a href=\"https:\/\/www.svieta.org\/fr\/2021\/06\/fondation-2-0\/\">a \u00e9t\u00e9 fond\u00e9e<\/a> pour poursuivre le travail en Ukraine. <em>Freunde von Svieta \/ Amis de Svieta<\/em> fait le bilan de plus de 20 ans d&#8217;aide aux orphelins ukrainiens et se tourne vers l&#8217;avenir avec une <a href=\"https:\/\/www.svieta.org\/fr\/comite\/\">nouvelle \u00e9quipe de direction (comit\u00e9)<\/a>.<\/p>\n<p><b><\/p>\n<h4>Le <a href=\"https:\/\/www.svieta.org\/fr\/comite\/\">comit\u00e9&#8230;<\/a><\/h4>\n<p><\/b><\/p>\n<p>Nous sommes soutenus sur place en Ukraine, comme nous le sommes depuis 20 ans, par Viktoria (Vika) Dobrzhynska. Le travail sur place serait impensable sans le soutien d&#8217;une personne qui conna\u00eet la situation dans le pays et dans les orphelinats comme personne d&#8217;autre. Gr\u00e2ce \u00e0 cette repr\u00e9sentation en Ukraine, nous pouvons \u00e9galement vous assurer que les dons arrivent l\u00e0 o\u00f9 ils sont le plus urgemment n\u00e9cessaires, c&#8217;est-\u00e0-dire aupr\u00e8s des enfants.<\/p>\n<p>L&#8217;objectif principal des <em>Freunde von Svieta \/ Amis de Svieta<\/em> est d&#8217;aider les deux orphelinats de Nikolaiev et de Kherson, ainsi que d&#8217;autres orphelinats en Ukraine. Sur le plan financier et organisationnel, les <em>Freunde von Svieta \/ Amis de Svieta<\/em> soutiennent les orphelins qui ont besoin d&#8217;une aide m\u00e9dicale. Il s&#8217;agit notamment des d\u00e9penses pour :<\/p>\n<li>Examens et traitements m\u00e9dicaux<\/li>\n<li>Op\u00e9rations, tests de laboratoire, vaccins et m\u00e9dicaments<\/li>\n<li>Mat\u00e9riel m\u00e9dical<\/li>\n<li>Th\u00e9rapies et aides correspondantes<\/li>\n<p><\/br><\/p>\n<p>En outre, les <em>Freunde von Svieta \/ Amis de Svieta<\/em> am\u00e9liorent la vie des orphelins, de leur naissance \u00e0 leur majorit\u00e9, et peuvent \u00e9galement soutenir les orphelins adultes et handicap\u00e9s.<\/p>\n<p>Dans la mesure du possible, nous contribuons \u00e9galement aux frais de :<\/p>\n<li>Formation continue du personnel<\/li>\n<li>Entretien et r\u00e9novation des b\u00e2timents<\/li>\n<li>Projets d&#8217;infrastructure<\/li>\n<p><\/br><\/p>\n<p><em>Freunde von Svieta \/ Amis de Svieta<\/em> est une organisation \u00e0 but non lucratif soutenue par ses membres et ses donateurs. Elle est ind\u00e9pendante sur le plan politique et confessionnel. Notre association a obtenu <a href=\"https:\/\/www.svieta.org\/fr\/2021\/10\/exoneration-fiscale-des-dons-mise-a-jour\/\">l\u2019\u00e9xon\u00e9ration fiscale.<\/a><\/p>\n<p>Parfois, nous coop\u00e9rons \u00e9galement \u00e0 des projets dans d&#8217;autres endroits en Ukraine avec d&#8217;autres organisations d&#8217;aide (par exemple, avec Orphan&#8217;s Bright Star).<\/p>\n<p>Vous trouverez <strong><a href=\"\/fr\/nous-contacter\/#donations\">ici<\/a><\/strong> comment nous aider.<\/p>\n<p>Nous aimerions rester en contact avec vous.<br \/>\n<strong>Inscrivez-vous \u00e0 la Newsletter <script type=\"text\/javascript\">ofs_pl('111103119116110101117118101115066115119107101117099046112116103064117117099108101100118061087103117106110108102124032110041101111120111122103114033110101033100117109110101117107110033102039106112102112116109098118105112112046','en envoyant un courriel.')<\/script><\/strong><\/p>\n<p>Merci d&#8217;avance !<\/p>\n","protected":false},"excerpt":{"rendered":"<p>Les Amis de Svieta (Suisse) a \u00e9t\u00e9 cr\u00e9\u00e9 en \u00e9t\u00e9 2000. Le 21 novembre 2010, nous avons f\u00eat\u00e9 nos 10 ans d&#8217;existence. Ce fut un succ\u00e8s, de nombreuses personnes nous ont rejoint \u00e0 Saint-Brais. En 2020, nous n&#8217;avons pas pu c\u00e9l\u00e9brer notre 20e anniversaire \u00e0 cause de Covid. En savoir plus sur les r\u00e9alisations de [&hellip;]<\/p>\n","protected":false},"author":3,"featured_media":0,"parent":0,"menu_order":0,"comment_status":"closed","ping_status":"closed","template":"","meta":{"footnotes":""},"class_list":["post-5597","page","type-page","status-publish","hentry"],"_links":{"self":[{"href":"https:\/\/www.svieta.org\/fr\/wp-json\/wp\/v2\/pages\/5597","targetHints":{"allow":["GET"]}}],"collection":[{"href":"https:\/\/www.svieta.org\/fr\/wp-json\/wp\/v2\/pages"}],"about":[{"href":"https:\/\/www.svieta.org\/fr\/wp-json\/wp\/v2\/types\/page"}],"author":[{"embeddable":true,"href":"https:\/\/www.svieta.org\/fr\/wp-json\/wp\/v2\/users\/3"}],"replies":[{"embeddable":true,"href":"https:\/\/www.svieta.org\/fr\/wp-json\/wp\/v2\/comments?post=5597"}],"version-history":[{"count":5,"href":"https:\/\/www.svieta.org\/fr\/wp-json\/wp\/v2\/pages\/5597\/revisions"}],"predecessor-version":[{"id":6451,"href":"https:\/\/www.svieta.org\/fr\/wp-json\/wp\/v2\/pages\/5597\/revisions\/6451"}],"wp:attachment":[{"href":"https:\/\/www.svieta.org\/fr\/wp-json\/wp\/v2\/media?parent=5597"}],"curies":[{"name":"wp","href":"https:\/\/api.w.org\/{rel}","templated":true}]}}