{"id":5396,"date":"2021-06-27T00:15:08","date_gmt":"2021-06-26T22:15:08","guid":{"rendered":"https:\/\/www.svieta.org\/?page_id=5396"},"modified":"2022-10-16T20:02:24","modified_gmt":"2022-10-16T18:02:24","slug":"comite","status":"publish","type":"page","link":"https:\/\/www.svieta.org\/fr\/comite\/","title":{"rendered":"Comit\u00e9"},"content":{"rendered":"<h4>L&#8217;association <em>Amis de Svieta &#8211; Freunde von Svieta<\/em> a \u00e9t\u00e9 fond\u00e9e le 26.6.2021.<\/h4>\n<p>Verena Bodmer (\u00e0 gauche), Thomas Rudolf (\u00e0 droite) et Viktoria (Vika) Dobrzynska (en bas au centre) continueront \u00e0 s&#8217;occuper des enfants en Ukraine au sein du comit\u00e9 et pour cela nous avons toujours besoin de votre aide et de votre soutien.<\/p>\n<p><img decoding=\"async\" src=\"https:\/\/www.svieta.org\/wp-content\/uploads\/2022\/10\/Vorstand-3-3.jpg\" width=\"480\"  class=\"aligncenter size-full wp-image-5299\" \/><\/p>\n<p><strong>Comit\u00e9 :<\/strong><\/p>\n<li>Verena Bodmer, infirmi\u00e8re, (\u00e9tait en Ukraine en 2018, \u00e0 Nikolaiev, \u00e0 l&#8217;orphelinat NBH).<\/li>\n<li><script type=\"text\/javascript\">ofs_pl('117113109065117118106103116098048111115105','Thomas Rudolf')<\/script> (nouveau), Pr\u00e9sident du comit\u00e9 des directeurs d&#8217;une institution pour enfants pendant 10 ans, webmaster svieta.org (s&#8217;est rendu en Ukraine \u00e0 plusieurs reprises depuis 2002)<\/li>\n<li>Viktoria Dobrzynska, directrice des <em>Amis de Svieta<\/em> Ukraine et principale responsable de tous les travaux en Ukraine.<\/li>\n<p><\/br><br \/>\n<strong>L&#8217;association est g\u00e9r\u00e9e par Thomas Rudolf.<\/strong><br \/>\nNous sommes toujours \u00e0 la recherche de renforts pour le comit\u00e9. Si vous vous sentez attir\u00e9(e), n&#8217;h\u00e9sitez pas \u00e0 nous contacter.<\/p>\n<p><\/br><br \/>\nIci vous pouvez voir <strong><a href=\"https:\/\/translate.google.com\/translate?sl=de&#038;tl=fr&#038;u=https:\/\/www.svieta.org\/de\/statuten\/\" rel=\"noopener\" target=\"_blank\">les statuts de l&#8217;association<\/a> <em>Amis de Svieta<\/em><\/strong> (traduit par Google).<br \/>\nNotre association a obtenu <a href=\"https:\/\/www.svieta.org\/wp-content\/uploads\/2021\/10\/FvS_Steuerbefreiung.pdf\" target=\"lads_ext\" rel=\"noopener\">l&#8217;\u00e9xon\u00e9ration fiscale<\/a> de la part de l&#8217;Intendance des imp\u00f4ts du canton de Berne.<\/p>\n<p><\/br><br \/>\n<strong>Dons<\/strong><br \/>\nIl est vital pour les orphelins d\u2019Ukraine que nous puissions continuer \u00e0 <a href=\"https:\/\/www.svieta.org\/fr\/nous-contacter\/#donations\">envoyer des dons<\/a> d\u2019Europe vers l\u2019Ukraine. Depuis Corona, l\u2019\u00c9tat ukrainien a encore moins d\u2019argent pour les orphelinats et pour les orphelins. Notre travail est donc plus important que jamais.<\/p>\n<p><strong>Flux d&#8217;argent<\/strong><br \/>\nNous transf\u00e9rons toujours les dons \u00e0 notre responsable et jamais directement aux orphelinats ukrainiens. Nous travaillons avec des responsables qui parlent les langues locales, connaissent les conditions locales et les circonstances particuli\u00e8res des enfants concern\u00e9s. Le responsable ach\u00e8te les billets du train de nuit pour Kiev, par exemple, et organise les escortes m\u00e9dicales ainsi que l&#8217;h\u00e9bergement.<br \/>\nPour les r\u00e9parations ou reconstructions plus importantes, nous travaillons avec au moins 2 offres pour comparaison. Ces offres servent de base \u00e0 la d\u00e9cision du comit\u00e9 en Suisse.<\/p>\n<p>De cette fa\u00e7on, nous pouvons garantir que vos dons arrivent exactement l\u00e0 o\u00f9 ils sont n\u00e9cessaires et ne se perdent pas dans le &#8220;marais ukrainien&#8221;.<\/p>\n<p>De cette fa\u00e7on, nous pouvons garantir que vos dons parviennent l\u00e0 o\u00f9 ils sont vraiment n\u00e9cessaires.<br \/>\n<\/br><\/p>\n<p><strong>Bulletin d&#8217;information<\/strong><br \/>\nNous aimerions rester en contact avec vous. <strong>Inscrivez-vous au bulletin d&#8217;information<\/strong> <script type=\"text\/javascript\">ofs_pl('111103119116110101117118101115066115119107101117099046112116103064117117099108101100118061099119108109103116106112032101041105111104111115111097117107111111','en envoyant un courriel.')<\/script><\/p>\n<p><\/br><br \/>\nPour nous joindre, rien de plus simple:<br \/>\n<\/br><\/p>\n<h2>Amis de Svieta<\/h2>\n<p><script type=\"text\/javascript\">ofs_pl('106112102112066115119107101117099046112116103','')<\/script><\/p>\n<p>Thomas Rudolf<br \/>\nT\u00e9l +41 31 371 18 92<br \/>\n<script type=\"text\/javascript\">ofs_pl('117113109065117118106103116098048111115105','')<\/script><\/p>\n<figure class=\"lads-image\">\n    <img decoding=\"async\" src=\"https:\/\/www.svieta.org\/wp-content\/uploads\/2021\/08\/Logo-rund-hellblau-FvS-lang-transp.png\" class=\"img-responsive\" alt=\"\">\n            <figcaption><\/figcaption>\n    <\/figure>\n","protected":false},"excerpt":{"rendered":"<p>L&#8217;association Amis de Svieta &#8211; Freunde von Svieta a \u00e9t\u00e9 fond\u00e9e le 26.6.2021. Verena Bodmer (\u00e0 gauche), Thomas Rudolf (\u00e0 droite) et Viktoria (Vika) Dobrzynska (en bas au centre) continueront \u00e0 s&#8217;occuper des enfants en Ukraine au sein du comit\u00e9 et pour cela nous avons toujours besoin de votre aide et de votre soutien. Comit\u00e9 [&hellip;]<\/p>\n","protected":false},"author":3,"featured_media":0,"parent":0,"menu_order":0,"comment_status":"closed","ping_status":"closed","template":"","meta":{"footnotes":""},"class_list":["post-5396","page","type-page","status-publish","hentry"],"_links":{"self":[{"href":"https:\/\/www.svieta.org\/fr\/wp-json\/wp\/v2\/pages\/5396","targetHints":{"allow":["GET"]}}],"collection":[{"href":"https:\/\/www.svieta.org\/fr\/wp-json\/wp\/v2\/pages"}],"about":[{"href":"https:\/\/www.svieta.org\/fr\/wp-json\/wp\/v2\/types\/page"}],"author":[{"embeddable":true,"href":"https:\/\/www.svieta.org\/fr\/wp-json\/wp\/v2\/users\/3"}],"replies":[{"embeddable":true,"href":"https:\/\/www.svieta.org\/fr\/wp-json\/wp\/v2\/comments?post=5396"}],"version-history":[{"count":5,"href":"https:\/\/www.svieta.org\/fr\/wp-json\/wp\/v2\/pages\/5396\/revisions"}],"predecessor-version":[{"id":7685,"href":"https:\/\/www.svieta.org\/fr\/wp-json\/wp\/v2\/pages\/5396\/revisions\/7685"}],"wp:attachment":[{"href":"https:\/\/www.svieta.org\/fr\/wp-json\/wp\/v2\/media?parent=5396"}],"curies":[{"name":"wp","href":"https:\/\/api.w.org\/{rel}","templated":true}]}}