{"id":400,"date":"2010-03-16T11:53:16","date_gmt":"2010-03-16T10:53:16","guid":{"rendered":"http:\/\/www.svieta.ch\/?page_id=400"},"modified":"2010-04-10T18:27:19","modified_gmt":"2010-04-10T17:27:19","slug":"albums","status":"publish","type":"page","link":"https:\/\/www.svieta.org\/fr\/albums\/","title":{"rendered":"Albums photos des Amis de Svieta"},"content":{"rendered":"<p>Vous trouverez ci-dessous les album photos des Amis de Svieta. Les albums sont tri\u00e9 par &#8220;Oblast&#8221; (l&#8217;\u00e9quivalent d&#8217;un canton suisse, d&#8217;un d\u00e9partement fran\u00e7ais ou d&#8217;un \u00e9tat am\u00e9ricain) et contiennent plusieurs s\u00e9ries de photos, chacune sur le m\u00eame sujet. Les titres et l\u00e9gendes ne sont disponibles qu&#8217;en Anglais.<\/p>\n<hr \/>\n<p><strong><a href=\"\/albums-chernivtsi\/\">Chernivtsi Oblast<\/a><\/strong><\/p>\n<p><strong><a href=\"\/albums-donetsk\/\">Donetsk Oblast<\/a><\/strong><\/p>\n<p><strong><a href=\"\/albums-kharkov\/\">Kharkov Oblast<\/a><\/strong><\/p>\n<p><strong><a href=\"\/albums-kherson\/\">Kherson Oblast<\/a><\/strong><\/p>\n<p><strong><a href=\"\/albums-lads\/\">Les Amis de Svieta<\/a><\/strong><\/p>\n<p><strong><a href=\"\/albums-nikolaiev\/\">Nikolaiev Oblast<\/a><\/strong><\/p>\n<p><strong><a href=\"\/albums-poltava\/\">Poltava Oblast<\/a><\/strong><\/p>\n<p><strong><a href=\"\/albums-zhytomyr\/\">Zhytomyr Oblast<\/a><\/strong><\/p>\n","protected":false},"excerpt":{"rendered":"<p>Vous trouverez ci-dessous les album photos des Amis de Svieta. Les albums sont tri\u00e9 par &#8220;Oblast&#8221; (l&#8217;\u00e9quivalent d&#8217;un canton suisse, d&#8217;un d\u00e9partement fran\u00e7ais ou d&#8217;un \u00e9tat am\u00e9ricain) et contiennent plusieurs s\u00e9ries de photos, chacune sur le m\u00eame sujet. Les titres et l\u00e9gendes ne sont disponibles qu&#8217;en Anglais. Chernivtsi Oblast Donetsk Oblast Kharkov Oblast Kherson Oblast [&hellip;]<\/p>\n","protected":false},"author":3,"featured_media":0,"parent":0,"menu_order":0,"comment_status":"closed","ping_status":"open","template":"","meta":{"footnotes":""},"class_list":["post-400","page","type-page","status-publish","hentry"],"_links":{"self":[{"href":"https:\/\/www.svieta.org\/fr\/wp-json\/wp\/v2\/pages\/400","targetHints":{"allow":["GET"]}}],"collection":[{"href":"https:\/\/www.svieta.org\/fr\/wp-json\/wp\/v2\/pages"}],"about":[{"href":"https:\/\/www.svieta.org\/fr\/wp-json\/wp\/v2\/types\/page"}],"author":[{"embeddable":true,"href":"https:\/\/www.svieta.org\/fr\/wp-json\/wp\/v2\/users\/3"}],"replies":[{"embeddable":true,"href":"https:\/\/www.svieta.org\/fr\/wp-json\/wp\/v2\/comments?post=400"}],"version-history":[{"count":0,"href":"https:\/\/www.svieta.org\/fr\/wp-json\/wp\/v2\/pages\/400\/revisions"}],"wp:attachment":[{"href":"https:\/\/www.svieta.org\/fr\/wp-json\/wp\/v2\/media?parent=400"}],"curies":[{"name":"wp","href":"https:\/\/api.w.org\/{rel}","templated":true}]}}