{"id":235,"date":"2021-06-27T10:44:00","date_gmt":"2021-06-27T08:44:00","guid":{"rendered":"http:\/\/localhost:3030\/2008\/01\/comment-aider\/"},"modified":"2022-11-03T21:27:10","modified_gmt":"2022-11-03T20:27:10","slug":"comment-aider","status":"publish","type":"page","link":"https:\/\/www.svieta.org\/fr\/comment-aider\/","title":{"rendered":"Comment aider ?"},"content":{"rendered":"<h3><u>Aidez <a title=\"Comment puis-je faire un don \u00e0 Les Amis de Svieta.\" href=\"\/fr\/nous-contacter\/#donations\">les orpehlins et les orphelinats d&#8217;Ukraine<\/a>,<\/u> s\u2019il vous pla\u00eet !<br \/>\nOu lisez plus sur <a href=\"\/fr\/a-propos-des-amis-de-svieta\/\">Amis de Svieta.<\/a><\/p>\n<p>Nous avons besoin de votre soutien. <\/h3>\n<p>&#8220;Ce sont les petits ruisseaux qui font les grandes rivi\u00e8res !&#8221;<br \/>\nNous serons tr\u00e8s heureux et reconnaissants de recevoir votre don grand ou petit ! Car ce n\u2019est que tous ensemble que nous arriverons \u00e0 am\u00e9liorer le quotidien et \u00e0 faciliter l\u2019acc\u00e8s \u00e0 l\u2019\u00e9ducation des orphelins ukrainiens. <strong><a href=\"https:\/\/www.svieta.org\/fr\/nous-contacter\/#donations\">Compte bancaire.<\/a><\/strong><\/p>\n<li>D\u00e9couvrez les succ\u00e8s des <a href=\"https:\/\/www.svieta.org\/fr\/2010\/11\/10-ans-les-amis-de-svieta-suisse\/\">Amis de Svieta en 2000-2010.<\/a><\/li>\n<li><strong>D\u00e9couvrez les succ\u00e8s des <a href=\"https:\/\/www.svieta.org\/fr\/2021\/01\/20-ans\/\">Amis de Svieta en 2011-2020.<\/a><\/strong><\/li>\n<p><\/br><br \/>\nVous trouverez ci-apr\u00e8s, une liste des projets pour lesquels des fonds sont requis :<\/p>\n<ul>\n<li><strong><a href=\"https:\/\/www.svieta.org\/fr\/2022\/11\/mykola\/\">Mykola<\/a><\/strong> est n\u00e9e avec une surdit\u00e9 bilat\u00e9rale cong\u00e9nitale.<br \/>\nIl a besoin d&#8217;un appareil auditif.<\/li>\n<li><strong><a href=\"https:\/\/www.svieta.org\/fr\/2022\/11\/robert\/\">Robert<\/a><\/strong> est n\u00e9e avec plusieures maladies physiques tr\u00e8s grave. Sa m\u00e8re l&#8217;a abandonn\u00e9e et maintenant il vit dans l&#8217;orphelinat de Nikolaiev (NBH). Nous pr\u00e9voyons des co\u00fbts de 50 \u20ac par mois.<\/li>\n<li><strong><a href=\"https:\/\/www.svieta.org\/fr\/2022\/10\/elena\/\">Elena<\/a><\/strong> est n\u00e9e avec une malformation cardiaque cong\u00e9nitale multiple et tr\u00e8s grave. Sa m\u00e8re l&#8217;a abandonn\u00e9e et maintenant elle vit dans l&#8217;orphelinat de Nikolaiev (NBH). Nous pr\u00e9voyons des co\u00fbts de 750 \u20ac.<\/li>\n<li><strong><a href=\"https:\/\/www.svieta.org\/fr\/2021\/10\/adriana\/\">Adriana<\/a><\/strong> a \u00e9t\u00e9 retir\u00e9e de sa famille en raison de violences domestiques. Elle souffre d&#8217;une maladie cardiaque, d&#8217;an\u00e9mie et d&#8217;un retard mental, moteur et psychologique. Adriana vit maintenant aussi \u00e0 l&#8217;orphelinat (NBH). Nous pr\u00e9voyons des co\u00fbts de 750 \u20ac.<\/li>\n<li><strong><a href=\"https:\/\/www.svieta.org\/fr\/2021\/08\/viktor\/\">Viktor<\/a><\/strong> a pass\u00e9 la premi\u00e8re ann\u00e9e de sa vie \u00e0 l&#8217;h\u00f4pital pour enfants. Il souffre d&#8217;une malformation cardiaque cong\u00e9nitale, de l\u00e9sions c\u00e9r\u00e9brales, d&#8217;une obstruction duod\u00e9nale et pr\u00e9sente un retard mental, moteur et psychologique. Il vit d\u00e9sormais dans un orphelinat et doit se rendre \u00e0 Kiev pour obtenir des \u00e9claircissements sur la suite de son traitement. Nous pr\u00e9voyons des co\u00fbts de 250 \u20ac.<\/li>\n<li>L&#8217;internat de Zurupinsk a besoin de <strong>r\u00e9nover la deuxi\u00e8me salle de bains de style sovi\u00e9tique.<\/strong> <a href=\"https:\/\/www.svieta.org\/fr\/2018\/06\/zubs-needs-new-bathroom\/\">En 2018, la premi\u00e8re salle de bain a \u00e9t\u00e9 r\u00e9nov\u00e9e avec succ\u00e8s.<\/a> Pour la deuxi\u00e8me salle de bains, nous avons maintenant besoin de 6 000 euros.<\/li>\n<\/ul>\n<h2>Vous trouverez tous les d\u00e9tails sur la possibilit\u00e9 de nous faire parvenir votre don <a href=\"\/fr\/nous-contacter\/#donations\">ici!<\/a><\/h2>\n<p><!--more--><\/p>\n<p><figure class=\"lads-image\">\n    <img decoding=\"async\" src=\"https:\/\/www.svieta.org\/wp-content\/uploads\/2021\/10\/FvS-Kinder2.jpg\" class=\"img-responsive\" alt=\"\">\n            <figcaption><\/figcaption>\n    <\/figure><br \/>\n<figure class=\"lads-image\">\n    <img decoding=\"async\" src=\"https:\/\/www.svieta.org\/wp-content\/uploads\/2021\/09\/Merci.jpg\" class=\"img-responsive\" alt=\"\">\n            <figcaption><\/figcaption>\n    <\/figure><\/p>\n<h3>Projets pour lesquels un financement a \u00e9t\u00e9 trouv\u00e9s :<\/h3>\n<ul>\n<li><strong><a href=\"https:\/\/www.svieta.org\/fr\/2020\/12\/sofia-a-besoin-de-notre-aide\/\">Sofia a besoin de votre aide !<\/a><\/strong> Sofia a besoin de 95 euros par mois pour des m\u00e9dicaments sp\u00e9ciaux, une alimentation sp\u00e9ciale et des capteurs pour la surveiller.<\/li>\n<li><strong><a href=\"https:\/\/www.svieta.org\/fr\/2018\/06\/deuxiem-mere-bebe\/\">Deuxiem projet \u201cm\u00e8re &#038; b\u00e9b\u00e9\u201d<\/a><\/strong> lancer \u00e0 Nikolaiev. Ce projet co\u00fbte \u00e0 peu pr\u00e8s CHF 25\u2019000 (US$ 25\u2019000 oder \u20ac 22\u2019000).<\/li>\n<li><strong><a href=\"https:\/\/www.svieta.org\/fr\/2018\/06\/zubs-needs-new-bathroom\/\">Internat de Zurupinsk<\/a><\/strong> a besoin d\u2019une nouvelle salle de bain. Les travaux s\u2019\u00e9l\u00e8vent \u00e0 environ 6\u2019000.- francs suisses.<\/li>\n<li><strong><a title=\"Yaroslav\" href=\"\/fr\/2017\/07\/yaroslav-a-repris-le-chemin-de-kiev\/#news\">L\u2019op\u00e9ration chirurgicale<\/a><\/strong> de Yaroslav a \u00e9t\u00e9 effectu\u00e9e au mois de mars. Yaroslav et son infirmi\u00e8re ont repris le chemin de Kiev pour le premier grand contr\u00f4le (3 mois apr\u00e8s l&#8217;op\u00e9ration). Veuillez faire un don pour soutenir Yaroslav.<\/li>\n<li><strong><a title=\"Petite Sofia\" href=\"\/fr\/2018\/06\/sofia-est-de-retour\/\">Petite Sofia<\/a><\/strong> est n\u00e9e avec deux s\u00e9v\u00e8res probl\u00e8mes de sant\u00e9, une fente palatine ainsi qu\u2019un probl\u00e8me cardiaque. Petite Sofia doit manger un aliment riche en prot\u00e9ines sp\u00e9ciale. <strong>CHF 150.-<\/strong> (~ \u20ac 145.- or ~ US$ 150.-).<\/li>\n<li><strong><a title=\"en savoir plus sur le projet de r\u00e9novation des salles de bain \u00e0 NBH\" href=\"\/fr\/2010\/03\/renovation-des-salles-de-bains\/\">12 salles de bain<\/a><\/strong> ont \u00e9t\u00e9 r\u00e9nov\u00e9es au Baby House de Nikolaiev. La projet complet repr\u00e9sente une somme de <strong>CHF 80&#8217;000.-<\/strong> (\u20ac 50&#8217;000.- ou US$ 78\u2019000.-).<\/li>\n<li><strong><a title=\"Aide urgente pour Vika &amp; Vera\" href=\"\/fr\/2010\/07\/aide-urgente-pour-vika-vera\/\">2 fillettes<\/a><\/strong> du NBH sont en r\u00e9habilitation orthop\u00e9dique \u00e0 Evpatoriya (Crim\u00e9e). Le montant total requis est d&#8217;environ <strong>CHF 1\u2019100.-<\/strong> (~\u20ac 900.- ou ~US$ 1&#8217;000.-).<\/li>\n<li><strong><a title=\"3 enfants ont besoin d'aide\" href=\"\/fr\/2008\/11\/3-nouveaux-enfants-du-nbh-ont-besoin-de-votre-aide\/\">3 fillettes<\/a><\/strong> et 1 gar\u00e7on du NBH ont besoin d&#8217;une op\u00e9ration cardiaque. Le montant total requis est d&#8217;environ <strong>CHF 5\u2019800.-<\/strong> (~\u20ac 3\u2019200.- ou ~US$ 4&#8217;800.-).<\/li>\n<li><strong><a title=\"Chaudi\u00e8re en panne et projet d\u2019am\u00e9lioration de l\u2019efficacit\u00e9 du  chauffage au NBH.\" href=\"\/fr\/2010\/02\/chaudiere-en-panne-et-projet-damelioration-de-lefficacite-du-chauffage-au-nbh\/\">Chaudi\u00e8re en panne et projet d\u2019am\u00e9lioration de  l\u2019efficacit\u00e9 du chauffage au NBH<\/a><\/strong>. Le montant total requis est  7.500 US$ ou (CHF 8 200 ou 5.350\u20ac).<\/li>\n<li><strong><a title=\"Le NBH a besoin d'un petit central t\u00e9l\u00e9phonique\" href=\"\/fr\/2009\/04\/nbh-a-besoin-d\u2019un-central-telephonique\/\">Le NBH a besoin d&#8217;un petit central t\u00e9l\u00e9phonique<\/a><\/strong>. Montant total pour le system <strong>CHF 4&#8217;800.-<\/strong> (\u20ac 3&#8217;200.- ou US$ 4&#8217;000.-).<\/li>\n<li><strong><a title=\"Vaccins anti-grippe\" href=\"\/fr\/2009\/10\/vaccins-anti-grippe-pour-nbh-2\/\">Vaccins anti-grippe<\/a><\/strong> pour l&#8217;ensemble des enfants du NBH. Le montant total requis est d&#8217;environ <strong>CHF 2\u2019300.-<\/strong> (~\u20ac 1\u2019800.- or ~US$ 2&#8217;650.-).<\/li>\n<li><strong><a title=\"LAdS a besoin d'un nouveau v\u00e9hicule\" href=\"\/fr\/2008\/06\/la-voiture-lads-histoire-dun-succes\/\">LAdS a besoin d&#8217;un nouveau v\u00e9hicule.<\/a><\/strong><br \/>\nAfin de pouvoir acheter localement un nouveau v\u00e9hicule, LAdS a besoin de r\u00e9unir <strong>CHF 10&#8217;000<\/strong> (US$ 10&#8217;000 ou \u20ac 6,000).<\/li>\n<li><strong><a title=\"l'op\u00e9ration de Nikolay\" href=\"\/fr\/2008\/08\/demande-daide-et-nouvelles-de-nikolay\/\">L&#8217;intervention chirurgicale de Nikolay <\/a><\/strong> \u00e0 Kiev est devis\u00e9e \u00e0 environ <strong>CHF 4&#8217;000.-<\/strong> (US$ 4&#8217;000.- ou \u20ac 2&#8217;500.-).<\/li>\n<li><strong><a title=\"en lire plus sur la place de jeu ext\u00e9rieure Montessori\" href=\"\/fr\/2007\/07\/place-de-jeu-exterieure-montessori-au-baby-house-de-nikolaiev-financement-recherche\/\">Place de jeu ext\u00e9rieure Montessori<\/a><\/strong> au Baby House de Nikolaiev. En compl\u00e9ment \u00e0 la classe Montessori, une place de jeu ext\u00e9rieure est en cours de construction. Il nous manque <strong>CHF 6&#8217;000.-<\/strong> (~ \u20ac 3&#8217;600.- or ~ US$ 4&#8217;900.-) pour la terminer.<\/li>\n<li>Demande d&#8217;aide pour la <strong><a title=\"certification Montessori finale \u00e0 Nikolaiev\" href=\"\/fr\/2008\/05\/demande-daide-pour-la-certification-montessori-finale-a-nikolaiev\/\">certification Montessori finale \u00e0 Nikolaiev<\/a><\/strong> \u00e0 environ <strong>CHF 1&#8217;200.-<\/strong> (~\u20ac 750 ou ~ US$ 1\u2019000).<\/li>\n<li><a title=\"en lire plus \u00e0 propos de ces 2 enfants\" href=\"\/fr\/2007\/12\/irina-et-vitaly\/\"><strong>Irina (13 mois) et Vitaly (7 mois) ont tous deux un probl\u00e8me de fente palatine<\/strong><\/a>. Le financement du voyage \u00e0 Kiev pour consultation au centre de chirurgie maxillo-faciale a pu \u00eatre assur\u00e9.<\/li>\n<li><a title=\"en lire plus \u00e0 propos de ces 2 fillettes\" href=\"\/fr\/2007\/07\/ces-deux-fillettes-ont-besoin-de-votre-aide\/\"><strong>Ces 2 fillettes ont besoin de votre aide<\/strong><\/a>. Un g\u00e9n\u00e9reux donateur am\u00e9ricain est dispos\u00e9 \u00e0 assurer le financement des op\u00e9rations orthop\u00e9diques de Nataliya et Ilona. Un grand merci \u00e0 lui !<\/li>\n<li><a title=\"en lire plus \u00e0 propos de Viktoriya\" href=\"\/fr\/2008\/12\/viktoriya-avait-besoin-dune-operation-cardiaque-mise-a-jour\/\"><strong>Viktoriya avait besoin d\u2019une op\u00e9ration cardiaque<\/strong><\/a>. Verena de Nouvelle-Z\u00e9lande a g\u00e9n\u00e9reusement accept\u00e9 les co\u00fbts suppl\u00e9mentaires g\u00e9n\u00e9r\u00e9s par le long s\u00e9jour de Vika au KCC. Qu\u2019elle en soit chaleureusement remerci\u00e9e !<\/li>\n<\/ul>\n<p><a href=\"https:\/\/donate.raisenow.io\/jfqdv\" alt=\"link to TWINT\"><figure class=\"lads-image\">\n    <img decoding=\"async\" src=\"https:\/\/www.svieta.org\/wp-content\/uploads\/2021\/08\/TWINT_Montant-personalise_FR.jpg\" class=\"img-responsive\" alt=\"\">\n            <figcaption><\/figcaption>\n    <\/figure><\/a><br \/>\n<\/br><br \/>\nOu <strong>cliquez sur ce <a href=\"https:\/\/donate.raisenow.io\/jfqdv\">lien Twint<\/a><\/strong> pour faire un don.<br \/>\n<\/br><\/p>\n","protected":false},"excerpt":{"rendered":"<p>Aidez les orpehlins et les orphelinats d&#8217;Ukraine, s\u2019il vous pla\u00eet ! Ou lisez plus sur Amis de Svieta. Nous avons besoin de votre soutien. &#8220;Ce sont les petits ruisseaux qui font les grandes rivi\u00e8res !&#8221; Nous serons tr\u00e8s heureux et reconnaissants de recevoir votre don grand ou petit ! Car ce n\u2019est que tous ensemble [&hellip;]<\/p>\n","protected":false},"author":3,"featured_media":0,"parent":0,"menu_order":0,"comment_status":"closed","ping_status":"open","template":"","meta":{"footnotes":""},"class_list":["post-235","page","type-page","status-publish","hentry"],"_links":{"self":[{"href":"https:\/\/www.svieta.org\/fr\/wp-json\/wp\/v2\/pages\/235","targetHints":{"allow":["GET"]}}],"collection":[{"href":"https:\/\/www.svieta.org\/fr\/wp-json\/wp\/v2\/pages"}],"about":[{"href":"https:\/\/www.svieta.org\/fr\/wp-json\/wp\/v2\/types\/page"}],"author":[{"embeddable":true,"href":"https:\/\/www.svieta.org\/fr\/wp-json\/wp\/v2\/users\/3"}],"replies":[{"embeddable":true,"href":"https:\/\/www.svieta.org\/fr\/wp-json\/wp\/v2\/comments?post=235"}],"version-history":[{"count":5,"href":"https:\/\/www.svieta.org\/fr\/wp-json\/wp\/v2\/pages\/235\/revisions"}],"predecessor-version":[{"id":7743,"href":"https:\/\/www.svieta.org\/fr\/wp-json\/wp\/v2\/pages\/235\/revisions\/7743"}],"wp:attachment":[{"href":"https:\/\/www.svieta.org\/fr\/wp-json\/wp\/v2\/media?parent=235"}],"curies":[{"name":"wp","href":"https:\/\/api.w.org\/{rel}","templated":true}]}}