{"id":194,"date":"2000-01-09T03:40:00","date_gmt":"2000-01-09T02:40:00","guid":{"rendered":"http:\/\/localhost:3030\/2000\/01\/a-propos-de-les-amis-de-svieta\/"},"modified":"2021-01-04T16:10:38","modified_gmt":"2021-01-04T15:10:38","slug":"a-propos-de-les-amis-de-svieta","status":"publish","type":"page","link":"https:\/\/www.svieta.org\/fr\/a-propos-de-les-amis-de-svieta\/","title":{"rendered":"A propos de &#8220;Les Amis de Svieta&#8221;"},"content":{"rendered":"<p>Les Amis de Svieta (Suisse) a \u00e9t\u00e9 cr\u00e9\u00e9 en \u00e9t\u00e9 2000.<br \/>\n<strong>Le 21 novembre 2010, nous avons f\u00eat\u00e9 nos 10 ans d&#8217;existence.<\/strong><br \/>\n<a href=\"https:\/\/www.svieta.org\/fr\/2010\/11\/10-ans-les-amis-de-svieta-suisse\/\">Ce fut un succ\u00e8s, de nombreuses personnes nous ont rejoint \u00e0 Saint-Brais.<\/a><\/p>\n<p><strong>En 2020, nous n&#8217;avons pas pu c\u00e9l\u00e9brer notre 20e anniversaire<\/strong> \u00e0 cause de Covid. <a href=\"https:\/\/www.svieta.org\/fr\/2021\/01\/20-ans\/\">En savoir plus sur les r\u00e9alisations de ces 10 derni\u00e8res ann\u00e9es.<\/a><\/p>\n<p>Sur ces quelques pages vous trouverez toutes les informations relatives \u00e0 notre association et \u00e0 ses activit\u00e9s. Nous esp\u00e9rons que vous prendrez plaisir \u00e0 visiter notre site et que vous ne manquerez pas de nous faire part de vos commentaires, remarques ou corrections par email sur <script type=\"text\/javascript\">ofs_pl('106112102112066115119107101117099046112116103','')<\/script>.<\/p>\n<p>En quelques mots, voici les buts que nous poursuivons:<\/p>\n<ul>\n<li><a href=\"\/fr\/2002\/05\/lassociation-en-suisse\/\">Les Amis de Svieta Suisse<\/a> vient en aide aux enfants des orphelinats du district de Nikolaiev en <a href=\"\/fr\/2006\/06\/informations-sur-lukraine-mis-a-jour\">Ukraine<\/a><\/li>\n<li>Dans la mesure ou l&#8217;un des orphelinats de la r\u00e9gion de Nikolaiev a des besoins mat\u00e9riels urgents en relation directe avec l&#8217;am\u00e9lioration de la qualit\u00e9 de vie ses enfants y r\u00e9sidant, l&#8217;association est pr\u00eate \u00e0 initialiser un projet pour r\u00e9pondre \u00e0 ces besoins<\/li>\n<li>Gr\u00e2ce \u00e0 la cr\u00e9ation de <a href=\"\/fr\/2002\/06\/lassociation-aux-usa\/\">Les Amis de Svieta USA Inc.<\/a> ainsi qu&#8217;\u00e0 une <a href=\"\/fr\/2003\/01\/lassociation-en-france\/\">branche fran\u00e7aise<\/a>, nous avons \u00e9tendus nos activit\u00e9s aux r\u00e9gions de Kharkov et de Kherson.<\/li>\n<li>Nous collaborons aussi \u00e9troitement avec d\u2019autres associations d\u2019aide humanitaire (comme par exemple <a title=\"OBS\" href=\"http:\/\/www.orphansbrightstar.org\/\" target=\"_blank\" rel=\"noopener\">an Orphan\u2019s Bright Star<\/a>) sur des projets ponctuels dans d\u2019autres r\u00e9gions d\u2019Ukraine.<\/li>\n<\/ul>\n<p>Bonne visite et revenez nous voir souvent !<\/p>\n","protected":false},"excerpt":{"rendered":"<p>Les Amis de Svieta (Suisse) a \u00e9t\u00e9 cr\u00e9\u00e9 en \u00e9t\u00e9 2000. Le 21 novembre 2010, nous avons f\u00eat\u00e9 nos 10 ans d&#8217;existence. Ce fut un succ\u00e8s, de nombreuses personnes nous ont rejoint \u00e0 Saint-Brais. En 2020, nous n&#8217;avons pas pu c\u00e9l\u00e9brer notre 20e anniversaire \u00e0 cause de Covid. En savoir plus sur les r\u00e9alisations de [&hellip;]<\/p>\n","protected":false},"author":2,"featured_media":0,"parent":0,"menu_order":0,"comment_status":"closed","ping_status":"open","template":"","meta":{"footnotes":""},"class_list":["post-194","page","type-page","status-publish","hentry"],"_links":{"self":[{"href":"https:\/\/www.svieta.org\/fr\/wp-json\/wp\/v2\/pages\/194","targetHints":{"allow":["GET"]}}],"collection":[{"href":"https:\/\/www.svieta.org\/fr\/wp-json\/wp\/v2\/pages"}],"about":[{"href":"https:\/\/www.svieta.org\/fr\/wp-json\/wp\/v2\/types\/page"}],"author":[{"embeddable":true,"href":"https:\/\/www.svieta.org\/fr\/wp-json\/wp\/v2\/users\/2"}],"replies":[{"embeddable":true,"href":"https:\/\/www.svieta.org\/fr\/wp-json\/wp\/v2\/comments?post=194"}],"version-history":[{"count":5,"href":"https:\/\/www.svieta.org\/fr\/wp-json\/wp\/v2\/pages\/194\/revisions"}],"predecessor-version":[{"id":5187,"href":"https:\/\/www.svieta.org\/fr\/wp-json\/wp\/v2\/pages\/194\/revisions\/5187"}],"wp:attachment":[{"href":"https:\/\/www.svieta.org\/fr\/wp-json\/wp\/v2\/media?parent=194"}],"curies":[{"name":"wp","href":"https:\/\/api.w.org\/{rel}","templated":true}]}}