{"id":193,"date":"2021-07-01T12:00:01","date_gmt":"2021-07-01T10:00:01","guid":{"rendered":"http:\/\/localhost:3030\/2000\/01\/liens\/"},"modified":"2021-07-06T21:20:06","modified_gmt":"2021-07-06T19:20:06","slug":"liens","status":"publish","type":"page","link":"https:\/\/www.svieta.org\/fr\/liens\/","title":{"rendered":"Liens"},"content":{"rendered":"<p>Quelques liens int\u00e9ressants.<\/p>\n<li>R\u00e9seau Suisse &#8211; Transcarpathie \/ Ukraine <a href=\"http:\/\/www.nestu.org\" rel=\"noopener\" target=\"_blank\">NeSTU<\/a> <img loading=\"lazy\" decoding=\"async\" src=\"\/wp-content\/uploads\/ee\/lads_images\/geo\/flag-de.png\" alt=\"\" width=\"16\" height=\"11\"><\/li>\n<li>Maison r\u00e9sidentielle Parasolka \u00e0 Tyakhiv &#8211; <a href=\"http:\/\/www.parasolka.ch\" rel=\"noopener\" target=\"_blank\">Association Parasolka<\/a> <img loading=\"lazy\" decoding=\"async\" src=\"\/wp-content\/uploads\/ee\/lads_images\/geo\/flag-de.png\" alt=\"\" width=\"16\" height=\"11\"><\/li>\n<h5>Orphelinats &amp; Internats d&#8217;Ukraine<\/h5>\n<ul class=\"links\">\n<li><a href=\"http:\/\/nikolaev-deti.mk.ua\/\" target=\"_blank\" rel=\"noopener\">Nikolaiev Baby House<\/a> <img loading=\"lazy\" decoding=\"async\" src=\"\/wp-content\/uploads\/ee\/lads_images\/geo\/flag-ua.png\" alt=\"\" width=\"16\" height=\"11\"><\/li>\n<li><a href=\"http:\/\/www.novaborova-detdom.com.ua\/\" target=\"_blank\" rel=\"noopener\">Nova Borova (r\u00e9gion de Zhytomyr)<\/a> <img loading=\"lazy\" decoding=\"async\" src=\"\/wp-content\/uploads\/ee\/lads_images\/geo\/flag-ua.png\" alt=\"\" width=\"16\" height=\"11\"><\/li>\n<\/ul>\n<p>h5>Autres associations d&#8217;aide humanitaire<\/h5>\n<ul class=\"links\">\n<li><a href=\"http:\/\/anorphansbrightstar.shutterfly.com\/\" target=\"_blank\" rel=\"noopener\">OBS Shutterfly<\/a> <img loading=\"lazy\" decoding=\"async\" src=\"\/wp-content\/uploads\/ee\/lads_images\/geo\/flag-gb.png\" alt=\"\" width=\"16\" height=\"11\"><\/li>\n<\/ul>\n<h5>Liens divers<\/h5>\n<ul class=\"links\">\n<li><a href=\"http:\/\/www.childsrights.com\" target=\"_blank\" rel=\"noopener\">Institut International des droits de l&#8217;enfant<\/a> <img loading=\"lazy\" decoding=\"async\" src=\"\/wp-content\/uploads\/ee\/lads_images\/geo\/flag-fr.png\" alt=\"\" width=\"16\" height=\"11\"> ou <img loading=\"lazy\" decoding=\"async\" src=\"\/wp-content\/uploads\/ee\/lads_images\/geo\/flag-gb.png\" alt=\"\" width=\"16\" height=\"11\"><\/li>\n<li><a href=\"http:\/\/www.dei.ch\/\" target=\"_blank\" rel=\"noopener\">D\u00e9fense des enfants international<\/a><\/li>\n<\/ul>\n","protected":false},"excerpt":{"rendered":"<p>Quelques liens int\u00e9ressants. R\u00e9seau Suisse &#8211; Transcarpathie \/ Ukraine NeSTU Maison r\u00e9sidentielle Parasolka \u00e0 Tyakhiv &#8211; Association Parasolka Orphelinats &amp; Internats d&#8217;Ukraine Nikolaiev Baby House Nova Borova (r\u00e9gion de Zhytomyr) h5>Autres associations d&#8217;aide humanitaire OBS Shutterfly Liens divers Institut International des droits de l&#8217;enfant ou D\u00e9fense des enfants international<\/p>\n","protected":false},"author":2,"featured_media":0,"parent":0,"menu_order":0,"comment_status":"closed","ping_status":"closed","template":"","meta":{"footnotes":""},"class_list":["post-193","page","type-page","status-publish","hentry"],"_links":{"self":[{"href":"https:\/\/www.svieta.org\/fr\/wp-json\/wp\/v2\/pages\/193","targetHints":{"allow":["GET"]}}],"collection":[{"href":"https:\/\/www.svieta.org\/fr\/wp-json\/wp\/v2\/pages"}],"about":[{"href":"https:\/\/www.svieta.org\/fr\/wp-json\/wp\/v2\/types\/page"}],"author":[{"embeddable":true,"href":"https:\/\/www.svieta.org\/fr\/wp-json\/wp\/v2\/users\/2"}],"replies":[{"embeddable":true,"href":"https:\/\/www.svieta.org\/fr\/wp-json\/wp\/v2\/comments?post=193"}],"version-history":[{"count":5,"href":"https:\/\/www.svieta.org\/fr\/wp-json\/wp\/v2\/pages\/193\/revisions"}],"predecessor-version":[{"id":5898,"href":"https:\/\/www.svieta.org\/fr\/wp-json\/wp\/v2\/pages\/193\/revisions\/5898"}],"wp:attachment":[{"href":"https:\/\/www.svieta.org\/fr\/wp-json\/wp\/v2\/media?parent=193"}],"curies":[{"name":"wp","href":"https:\/\/api.w.org\/{rel}","templated":true}]}}