{"id":97,"date":"2021-07-01T12:51:00","date_gmt":"2021-07-01T10:51:00","guid":{"rendered":"http:\/\/localhost:3030\/2000\/01\/links-2\/"},"modified":"2021-07-06T21:24:02","modified_gmt":"2021-07-06T19:24:02","slug":"links","status":"publish","type":"page","link":"https:\/\/www.svieta.org\/de\/links\/","title":{"rendered":"Links"},"content":{"rendered":"<p>Einige interessante Links:<\/p>\n<li>Netzwerk Schweiz &#8211; Transkarpatien \/ Ukraine <a href=\"http:\/\/www.nestu.org\" rel=\"noopener\" target=\"_blank\">NeSTU<\/a><\/li>\n<li>Wohnheim Parasolka in Tjachiv &#8211; <a href=\"http:\/\/www.parasolka.ch\" rel=\"noopener\" target=\"_blank\">Verein Parasolka<\/a><\/li>\n<h5>Waisenh\u00e4user &amp; Internat in der Ukraine<\/h5>\n<ul class=\"links\">\n<li><a href=\"http:\/\/nikolaev-deti.mk.ua\/\" target=\"_blank\" rel=\"noopener\">Nikolaiev Baby House<\/a> <img loading=\"lazy\" decoding=\"async\" src=\"\/wp-content\/uploads\/ee\/lads_images\/geo\/flag-ua.png\" alt=\"\" width=\"16\" height=\"11\"><\/li>\n<li><a href=\"http:\/\/www.novaborova-detdom.com.ua\/\" target=\"_blank\" rel=\"noopener\">Nova Borova (Zhytomyr Region)<\/a> <img loading=\"lazy\" decoding=\"async\" src=\"\/wp-content\/uploads\/ee\/lads_images\/geo\/flag-ua.png\" alt=\"\" width=\"16\" height=\"11\"><\/li>\n<\/ul>\n<h5>Andere humanit\u00e4re Hilfsorganisationen<\/h5>\n<ul class=\"links\">\n<li><a href=\"http:\/\/anorphansbrightstar.shutterfly.com\/\" target=\"_blank\" rel=\"noopener\">OBS Shutterfly<\/a> <img loading=\"lazy\" decoding=\"async\" src=\"\/wp-content\/uploads\/ee\/lads_images\/geo\/flag-gb.png\" alt=\"\" width=\"16\" height=\"11\"><\/li>\n<\/ul>\n<h5>Verschiedene Links<\/h5>\n<ul class=\"links\">\n<li><a href=\"http:\/\/www.childsrights.com\" target=\"_blank\" rel=\"noopener\">Internationales Institut f\u00fcr Kinderrechts<\/a> <img loading=\"lazy\" decoding=\"async\" src=\"\/wp-content\/uploads\/ee\/lads_images\/geo\/flag-fr.png\" alt=\"\" width=\"16\" height=\"11\"> oder <img loading=\"lazy\" decoding=\"async\" src=\"\/wp-content\/uploads\/ee\/lads_images\/geo\/flag-gb.png\" alt=\"\" width=\"16\" height=\"11\"><\/li>\n<li><a href=\"http:\/\/www.dei.ch\/\" target=\"_blank\" rel=\"noopener\">Defence for Children international<\/a> <img loading=\"lazy\" decoding=\"async\" src=\"\/wp-content\/uploads\/ee\/lads_images\/geo\/flag-fr.png\" alt=\"\" width=\"16\" height=\"11\"><\/li>\n<\/ul>\n","protected":false},"excerpt":{"rendered":"<p>Einige interessante Links: Netzwerk Schweiz &#8211; Transkarpatien \/ Ukraine NeSTU Wohnheim Parasolka in Tjachiv &#8211; Verein Parasolka Waisenh\u00e4user &amp; Internat in der Ukraine Nikolaiev Baby House Nova Borova (Zhytomyr Region) Andere humanit\u00e4re Hilfsorganisationen OBS Shutterfly Verschiedene Links Internationales Institut f\u00fcr Kinderrechts oder Defence for Children international<\/p>\n","protected":false},"author":2,"featured_media":0,"parent":0,"menu_order":0,"comment_status":"closed","ping_status":"closed","template":"","meta":{"footnotes":""},"class_list":["post-97","page","type-page","status-publish","hentry"],"_links":{"self":[{"href":"https:\/\/www.svieta.org\/de\/wp-json\/wp\/v2\/pages\/97","targetHints":{"allow":["GET"]}}],"collection":[{"href":"https:\/\/www.svieta.org\/de\/wp-json\/wp\/v2\/pages"}],"about":[{"href":"https:\/\/www.svieta.org\/de\/wp-json\/wp\/v2\/types\/page"}],"author":[{"embeddable":true,"href":"https:\/\/www.svieta.org\/de\/wp-json\/wp\/v2\/users\/2"}],"replies":[{"embeddable":true,"href":"https:\/\/www.svieta.org\/de\/wp-json\/wp\/v2\/comments?post=97"}],"version-history":[{"count":5,"href":"https:\/\/www.svieta.org\/de\/wp-json\/wp\/v2\/pages\/97\/revisions"}],"predecessor-version":[{"id":5900,"href":"https:\/\/www.svieta.org\/de\/wp-json\/wp\/v2\/pages\/97\/revisions\/5900"}],"wp:attachment":[{"href":"https:\/\/www.svieta.org\/de\/wp-json\/wp\/v2\/media?parent=97"}],"curies":[{"name":"wp","href":"https:\/\/api.w.org\/{rel}","templated":true}]}}