{"id":7346,"date":"2022-09-25T20:27:22","date_gmt":"2022-09-25T18:27:22","guid":{"rendered":"https:\/\/www.svieta.org\/?page_id=7346"},"modified":"2022-10-04T21:55:02","modified_gmt":"2022-10-04T19:55:02","slug":"nbh2-kleine-kueche","status":"publish","type":"page","link":"https:\/\/www.svieta.org\/de\/nbh2-kleine-kueche\/","title":{"rendered":"Kleine K\u00fcche"},"content":{"rendered":"<p>Die Mitarbeiterinnen erhalten das Essen von &#8220;City of Goodness&#8221;. Sie haben diese kleine K\u00fcche auch zur Verf\u00fcgung, falls sie etwas am Abend f\u00fcr sich kochen m\u00f6chten. Das wird sehr gesch\u00e4tzt.<\/p>\n<div id=\"lads-gallery-1\" class=\"lads-gallery\">\n    <span class=\"btn btn-default btn-xs glyphicon glyphicon-chevron-left\"><\/span>\n    <span class=\"btn btn-default btn-xs glyphicon glyphicon-chevron-right\"><\/span>\n    <figure class=\"lads-image\"><\/figure> <!-- placeholder -->\n    <div class=\"lads-thumbs\">\n    <div class=\"row\">\n        <div class=\"col-xs-4 col-sm-3 col-md-2\"><figure class=\"lads-image\">\n    <img decoding=\"async\" src=\"https:\/\/www.svieta.org\/wp-content\/uploads\/2022\/09\/kleine-kueche-1.jpg\" class=\"img-responsive\" alt=\"\">\n    <\/figure><\/div><div class=\"col-xs-4 col-sm-3 col-md-2\"><figure class=\"lads-image\">\n    <img decoding=\"async\" src=\"https:\/\/www.svieta.org\/wp-content\/uploads\/2022\/09\/kleine-kueche-2.jpg\" class=\"img-responsive\" alt=\"\">\n    <\/figure><\/div><div class=\"col-xs-4 col-sm-3 col-md-2\"><figure class=\"lads-image\">\n    <img decoding=\"async\" src=\"https:\/\/www.svieta.org\/wp-content\/uploads\/2022\/09\/kleine-kueche-3.jpg\" class=\"img-responsive\" alt=\"\">\n    <\/figure><\/div><div class=\"col-xs-4 col-sm-3 col-md-2\"><figure class=\"lads-image\">\n    <img decoding=\"async\" src=\"https:\/\/www.svieta.org\/wp-content\/uploads\/2022\/09\/kleine-kueche-4.jpg\" class=\"img-responsive\" alt=\"\">\n    <\/figure><\/div>    <\/div>\n<\/div><\/div>\n<p><\/br><br \/>\n<a href=\"https:\/\/www.svieta.org\/de\/nbh2\/\">Zur\u00fcck zur Hauptseite<\/a><\/p>\n","protected":false},"excerpt":{"rendered":"<p>Die Mitarbeiterinnen erhalten das Essen von &#8220;City of Goodness&#8221;. Sie haben diese kleine K\u00fcche auch zur Verf\u00fcgung, falls sie etwas am Abend f\u00fcr sich kochen m\u00f6chten. Das wird sehr gesch\u00e4tzt. Zur\u00fcck zur Hauptseite<\/p>\n","protected":false},"author":3,"featured_media":0,"parent":0,"menu_order":0,"comment_status":"closed","ping_status":"closed","template":"","meta":{"footnotes":""},"class_list":["post-7346","page","type-page","status-publish","hentry"],"_links":{"self":[{"href":"https:\/\/www.svieta.org\/de\/wp-json\/wp\/v2\/pages\/7346","targetHints":{"allow":["GET"]}}],"collection":[{"href":"https:\/\/www.svieta.org\/de\/wp-json\/wp\/v2\/pages"}],"about":[{"href":"https:\/\/www.svieta.org\/de\/wp-json\/wp\/v2\/types\/page"}],"author":[{"embeddable":true,"href":"https:\/\/www.svieta.org\/de\/wp-json\/wp\/v2\/users\/3"}],"replies":[{"embeddable":true,"href":"https:\/\/www.svieta.org\/de\/wp-json\/wp\/v2\/comments?post=7346"}],"version-history":[{"count":5,"href":"https:\/\/www.svieta.org\/de\/wp-json\/wp\/v2\/pages\/7346\/revisions"}],"predecessor-version":[{"id":7508,"href":"https:\/\/www.svieta.org\/de\/wp-json\/wp\/v2\/pages\/7346\/revisions\/7508"}],"wp:attachment":[{"href":"https:\/\/www.svieta.org\/de\/wp-json\/wp\/v2\/media?parent=7346"}],"curies":[{"name":"wp","href":"https:\/\/api.w.org\/{rel}","templated":true}]}}