{"id":7198,"date":"2022-08-27T17:14:36","date_gmt":"2022-08-27T15:14:36","guid":{"rendered":"https:\/\/www.svieta.org\/?page_id=7198"},"modified":"2022-10-04T21:58:09","modified_gmt":"2022-10-04T19:58:09","slug":"nbh2-angestellte","status":"publish","type":"page","link":"https:\/\/www.svieta.org\/de\/nbh2-angestellte\/","title":{"rendered":"B\u00fcro, Unterkunft, Schlafzimmer f\u00fcr Angestellte"},"content":{"rendered":"<p>Direktorin, ihr Stellvertreter, zwei \u00c4rzte, Krankenschwestern, Anwalt, Buchhalterin m\u00fcssen sich in diesen drei kleinen Zimmern, die gleichzeitig ihre Schlafzimmer und B\u00fcros sind, irgendwie organisieren. Die Direktorin zum Beispiel hat keinen eigenen Schreibtisch. Anwalt und Buchhalterin haben je einen Schreibtisch, welche in dem kleinen R\u00e4ume stehen.<br \/>\nEs ist ungew\u00f6hnlich, dass es keine Trennung zwischen Zuhause (ausruhen) und Arbeit gibt. Die Frauen haben keinen ruhigen Platz zum Ausruhen. Sie leben praktisch bei der Arbeit, wo die Kinder auf der anderen Seite der Wand sind. Und hier verbringen sie auch ihre Freizeit, am Wochenende oder an freien Tagen. Es ist immer laut und \u00fcberf\u00fcllt.<br \/>\nWir danken f\u00fcr die Gastfreundschaft und Unterst\u00fctzung durch &#8220;City of Goodness&#8221;. Wir sind froh, dass die Frauen in diesen engen Verh\u00e4ltnissen so gut arbeiten k\u00f6nnen.<\/p>\n<div id=\"lads-gallery-1\" class=\"lads-gallery\">\n    <span class=\"btn btn-default btn-xs glyphicon glyphicon-chevron-left\"><\/span>\n    <span class=\"btn btn-default btn-xs glyphicon glyphicon-chevron-right\"><\/span>\n    <figure class=\"lads-image\"><\/figure> <!-- placeholder -->\n    <div class=\"lads-thumbs\">\n    <div class=\"row\">\n        <div class=\"col-xs-4 col-sm-3 col-md-2\"><figure class=\"lads-image\">\n    <img decoding=\"async\" src=\"https:\/\/www.svieta.org\/wp-content\/uploads\/2022\/09\/image0-3.jpg\" class=\"img-responsive\" alt=\"\">\n    <\/figure><\/div><div class=\"col-xs-4 col-sm-3 col-md-2\"><figure class=\"lads-image\">\n    <img decoding=\"async\" src=\"https:\/\/www.svieta.org\/wp-content\/uploads\/2022\/09\/image1-5.jpg\" class=\"img-responsive\" alt=\"\">\n    <\/figure><\/div><div class=\"col-xs-4 col-sm-3 col-md-2\"><figure class=\"lads-image\">\n    <img decoding=\"async\" src=\"https:\/\/www.svieta.org\/wp-content\/uploads\/2022\/09\/image2-5.jpg\" class=\"img-responsive\" alt=\"\">\n    <\/figure><\/div>    <\/div>\n<\/div><\/div>\n<p>Dies sind die Bilder der Schlafs\u00e4le und des B\u00fcros f\u00fcr das Personal, damit Sie eine Vorstellung davon haben, wie sie leben. Der Raum mit dem Schreibtisch ist sehr klein, er passt kaum auf das Bild.<\/p>\n<p><\/br><br \/>\n<a href=\"https:\/\/www.svieta.org\/de\/nbh2\/\">Zur\u00fcck zur Hauptseite<\/a><\/p>\n","protected":false},"excerpt":{"rendered":"<p>Direktorin, ihr Stellvertreter, zwei \u00c4rzte, Krankenschwestern, Anwalt, Buchhalterin m\u00fcssen sich in diesen drei kleinen Zimmern, die gleichzeitig ihre Schlafzimmer und B\u00fcros sind, irgendwie organisieren. Die Direktorin zum Beispiel hat keinen eigenen Schreibtisch. Anwalt und Buchhalterin haben je einen Schreibtisch, welche in dem kleinen R\u00e4ume stehen. Es ist ungew\u00f6hnlich, dass es keine Trennung zwischen Zuhause (ausruhen) [&hellip;]<\/p>\n","protected":false},"author":3,"featured_media":0,"parent":0,"menu_order":0,"comment_status":"closed","ping_status":"closed","template":"","meta":{"footnotes":""},"class_list":["post-7198","page","type-page","status-publish","hentry"],"_links":{"self":[{"href":"https:\/\/www.svieta.org\/de\/wp-json\/wp\/v2\/pages\/7198","targetHints":{"allow":["GET"]}}],"collection":[{"href":"https:\/\/www.svieta.org\/de\/wp-json\/wp\/v2\/pages"}],"about":[{"href":"https:\/\/www.svieta.org\/de\/wp-json\/wp\/v2\/types\/page"}],"author":[{"embeddable":true,"href":"https:\/\/www.svieta.org\/de\/wp-json\/wp\/v2\/users\/3"}],"replies":[{"embeddable":true,"href":"https:\/\/www.svieta.org\/de\/wp-json\/wp\/v2\/comments?post=7198"}],"version-history":[{"count":5,"href":"https:\/\/www.svieta.org\/de\/wp-json\/wp\/v2\/pages\/7198\/revisions"}],"predecessor-version":[{"id":7512,"href":"https:\/\/www.svieta.org\/de\/wp-json\/wp\/v2\/pages\/7198\/revisions\/7512"}],"wp:attachment":[{"href":"https:\/\/www.svieta.org\/de\/wp-json\/wp\/v2\/media?parent=7198"}],"curies":[{"name":"wp","href":"https:\/\/api.w.org\/{rel}","templated":true}]}}