{"id":7194,"date":"2022-08-27T17:12:06","date_gmt":"2022-08-27T15:12:06","guid":{"rendered":"https:\/\/www.svieta.org\/?page_id=7194"},"modified":"2022-10-08T17:56:13","modified_gmt":"2022-10-08T15:56:13","slug":"nbh2-direktorin","status":"publish","type":"page","link":"https:\/\/www.svieta.org\/de\/nbh2-direktorin\/","title":{"rendered":"Direktorin"},"content":{"rendered":"<p>Direktorin Nataliya Grigorenko ist die richtige Person f\u00fcr diese Stelle in dieser schwierigen Zeit. Sie ist eine erfahrene \u00c4rztin, liebt Kinder und ist sehr einsatzbereit. Momentan ist es f\u00fcr sie nicht leicht. <\/p>\n<p>Die Direktorin teil mit dem Personal eines der 3 Zimmer in Chernovtsy. Sie teilt den Schreibtisch mit den anderen.<br \/>\nDie Arbeitsbedingungen in Kriegszeiten sind ungew\u00f6hnlich und alle machen das beste daraus.<\/p>\n<figure class=\"lads-image\">\n    <img decoding=\"async\" src=\"https:\/\/www.svieta.org\/wp-content\/uploads\/2022\/10\/Nataliya-Gri.jpg\" class=\"img-responsive\" alt=\"\">\n            <figcaption>Nataliya Grigorenko<\/figcaption>\n    <\/figure>\n<p>Das Geb\u00e4ude des Kleinkinderwaisenhauses NBH steht in Nikolaev. Einige Angestellte arbeiten dort. Nataliya Grigorenko reist entweder mit ihrem Auto nach Nikolaiev (500 km) oder mit dem Zug nach Odessa und dann mit dem Bus nach Nikolaev (die Zugverbindung nach Nikolaiev wurde durch den Krieg unterbrochen).<\/p>\n<p>Die Kinder leben in Chernovtsy im Geb\u00e4ude, welches von <a href=\"https:\/\/www.svieta.org\/de\/wer-ist-city-of-goodness-und-was-macht-city-of-goodness\/\">&#8220;City of Goodness&#8221;<\/a> zur Verf\u00fcgung gestellt wird. Nataliya Grigorenko muss st\u00e4ndig hin und her fahren, um sicher zu stellen, dass alles korrekt l\u00e4uft und um alles zu kontrollieren. Sie opfert daf\u00fcr ihr privates Leben und sieht ihre Familie nur noch selten. Grosser Respekt.<\/p>\n<p><\/br><br \/>\n<a href=\"https:\/\/www.svieta.org\/de\/nbh2\/\">Zur\u00fcck zur Hauptseite<\/a><\/p>\n","protected":false},"excerpt":{"rendered":"<p>Direktorin Nataliya Grigorenko ist die richtige Person f\u00fcr diese Stelle in dieser schwierigen Zeit. Sie ist eine erfahrene \u00c4rztin, liebt Kinder und ist sehr einsatzbereit. Momentan ist es f\u00fcr sie nicht leicht. Die Direktorin teil mit dem Personal eines der 3 Zimmer in Chernovtsy. Sie teilt den Schreibtisch mit den anderen. Die Arbeitsbedingungen in Kriegszeiten [&hellip;]<\/p>\n","protected":false},"author":3,"featured_media":0,"parent":0,"menu_order":0,"comment_status":"closed","ping_status":"closed","template":"","meta":{"footnotes":""},"class_list":["post-7194","page","type-page","status-publish","hentry"],"_links":{"self":[{"href":"https:\/\/www.svieta.org\/de\/wp-json\/wp\/v2\/pages\/7194","targetHints":{"allow":["GET"]}}],"collection":[{"href":"https:\/\/www.svieta.org\/de\/wp-json\/wp\/v2\/pages"}],"about":[{"href":"https:\/\/www.svieta.org\/de\/wp-json\/wp\/v2\/types\/page"}],"author":[{"embeddable":true,"href":"https:\/\/www.svieta.org\/de\/wp-json\/wp\/v2\/users\/3"}],"replies":[{"embeddable":true,"href":"https:\/\/www.svieta.org\/de\/wp-json\/wp\/v2\/comments?post=7194"}],"version-history":[{"count":5,"href":"https:\/\/www.svieta.org\/de\/wp-json\/wp\/v2\/pages\/7194\/revisions"}],"predecessor-version":[{"id":7520,"href":"https:\/\/www.svieta.org\/de\/wp-json\/wp\/v2\/pages\/7194\/revisions\/7520"}],"wp:attachment":[{"href":"https:\/\/www.svieta.org\/de\/wp-json\/wp\/v2\/media?parent=7194"}],"curies":[{"name":"wp","href":"https:\/\/api.w.org\/{rel}","templated":true}]}}