{"id":7190,"date":"2022-08-27T17:09:35","date_gmt":"2022-08-27T15:09:35","guid":{"rendered":"https:\/\/www.svieta.org\/?page_id=7190"},"modified":"2022-10-08T17:59:02","modified_gmt":"2022-10-08T15:59:02","slug":"nbh2-grosse-kinder","status":"publish","type":"page","link":"https:\/\/www.svieta.org\/de\/nbh2-grosse-kinder\/","title":{"rendered":"Abteilung der gr\u00f6sseren Kinder"},"content":{"rendered":"<p>Das ist das Zimmer f\u00fcr \u00e4ltere Kinder (2-4 Jahre alt).<br \/>\nDas Zimmer ist aufgeteilt in Schlaf-, Spiel- und Essbereich. <\/p>\n<div id=\"lads-gallery-1\" class=\"lads-gallery\">\n    <span class=\"btn btn-default btn-xs glyphicon glyphicon-chevron-left\"><\/span>\n    <span class=\"btn btn-default btn-xs glyphicon glyphicon-chevron-right\"><\/span>\n    <figure class=\"lads-image\"><\/figure> <!-- placeholder -->\n    <div class=\"lads-thumbs\">\n    <div class=\"row\">\n        <div class=\"col-xs-4 col-sm-3 col-md-2\"><figure class=\"lads-image\">\n    <img decoding=\"async\" src=\"https:\/\/www.svieta.org\/wp-content\/uploads\/2022\/10\/gr-Kinder-2.jpg\" class=\"img-responsive\" alt=\"\">\n    <\/figure><\/div><div class=\"col-xs-4 col-sm-3 col-md-2\"><figure class=\"lads-image\">\n    <img decoding=\"async\" src=\"https:\/\/www.svieta.org\/wp-content\/uploads\/2022\/10\/gr-Kinder-3.jpg\" class=\"img-responsive\" alt=\"\">\n    <\/figure><\/div><div class=\"col-xs-4 col-sm-3 col-md-2\"><figure class=\"lads-image\">\n    <img decoding=\"async\" src=\"https:\/\/www.svieta.org\/wp-content\/uploads\/2022\/10\/gr-Kinder-1.jpg\" class=\"img-responsive\" alt=\"\">\n    <\/figure><\/div>    <\/div>\n<\/div><\/div>\n<p>Das Zimmer ist leer, da das Wetter sch\u00f6n war und die Kinder draussen auf dem <a href=\"https:\/\/www.svieta.org\/de\/nbh2-aussen\/\">Spielplatz<\/a> waren.<\/p>\n<p><\/br><br \/>\n<a href=\"https:\/\/www.svieta.org\/de\/nbh2\/\">Zur\u00fcck zur Hauptseite<\/a><\/p>\n","protected":false},"excerpt":{"rendered":"<p>Das ist das Zimmer f\u00fcr \u00e4ltere Kinder (2-4 Jahre alt). Das Zimmer ist aufgeteilt in Schlaf-, Spiel- und Essbereich. Das Zimmer ist leer, da das Wetter sch\u00f6n war und die Kinder draussen auf dem Spielplatz waren. Zur\u00fcck zur Hauptseite<\/p>\n","protected":false},"author":3,"featured_media":0,"parent":0,"menu_order":0,"comment_status":"closed","ping_status":"closed","template":"","meta":{"footnotes":""},"class_list":["post-7190","page","type-page","status-publish","hentry"],"_links":{"self":[{"href":"https:\/\/www.svieta.org\/de\/wp-json\/wp\/v2\/pages\/7190","targetHints":{"allow":["GET"]}}],"collection":[{"href":"https:\/\/www.svieta.org\/de\/wp-json\/wp\/v2\/pages"}],"about":[{"href":"https:\/\/www.svieta.org\/de\/wp-json\/wp\/v2\/types\/page"}],"author":[{"embeddable":true,"href":"https:\/\/www.svieta.org\/de\/wp-json\/wp\/v2\/users\/3"}],"replies":[{"embeddable":true,"href":"https:\/\/www.svieta.org\/de\/wp-json\/wp\/v2\/comments?post=7190"}],"version-history":[{"count":5,"href":"https:\/\/www.svieta.org\/de\/wp-json\/wp\/v2\/pages\/7190\/revisions"}],"predecessor-version":[{"id":7522,"href":"https:\/\/www.svieta.org\/de\/wp-json\/wp\/v2\/pages\/7190\/revisions\/7522"}],"wp:attachment":[{"href":"https:\/\/www.svieta.org\/de\/wp-json\/wp\/v2\/media?parent=7190"}],"curies":[{"name":"wp","href":"https:\/\/api.w.org\/{rel}","templated":true}]}}