{"id":7186,"date":"2022-08-27T17:05:40","date_gmt":"2022-08-27T15:05:40","guid":{"rendered":"https:\/\/www.svieta.org\/?page_id=7186"},"modified":"2022-10-08T17:57:30","modified_gmt":"2022-10-08T15:57:30","slug":"nbh2-aussen","status":"publish","type":"page","link":"https:\/\/www.svieta.org\/de\/nbh2-aussen\/","title":{"rendered":"Haus aussen und Umgebung, Spielplatz"},"content":{"rendered":"<p>Das Gel\u00e4nde der &#8220;City of Goodness&#8221; ist sehr sch\u00f6n und gut gepflegt. <\/p>\n<div id=\"lads-gallery-1\" class=\"lads-gallery\">\n    <span class=\"btn btn-default btn-xs glyphicon glyphicon-chevron-left\"><\/span>\n    <span class=\"btn btn-default btn-xs glyphicon glyphicon-chevron-right\"><\/span>\n    <figure class=\"lads-image\"><\/figure> <!-- placeholder -->\n    <div class=\"lads-thumbs\">\n    <div class=\"row\">\n        <div class=\"col-xs-4 col-sm-3 col-md-2\"><figure class=\"lads-image\">\n    <img decoding=\"async\" src=\"https:\/\/www.svieta.org\/wp-content\/uploads\/2022\/08\/city-of-goodness-5.jpg\" class=\"img-responsive\" alt=\"\">\n    <\/figure><\/div><div class=\"col-xs-4 col-sm-3 col-md-2\"><figure class=\"lads-image\">\n    <img decoding=\"async\" src=\"https:\/\/www.svieta.org\/wp-content\/uploads\/2022\/08\/city-of-goodness-6.jpg\" class=\"img-responsive\" alt=\"\">\n    <\/figure><\/div><div class=\"col-xs-4 col-sm-3 col-md-2\"><figure class=\"lads-image\">\n    <img decoding=\"async\" src=\"https:\/\/www.svieta.org\/wp-content\/uploads\/2022\/08\/city-of-goodness-4.jpg\" class=\"img-responsive\" alt=\"\">\n    <\/figure><\/div><div class=\"col-xs-4 col-sm-3 col-md-2\"><figure class=\"lads-image\">\n    <img decoding=\"async\" src=\"https:\/\/www.svieta.org\/wp-content\/uploads\/2022\/09\/image01.jpg\" class=\"img-responsive\" alt=\"\">\n    <\/figure><\/div><div class=\"col-xs-4 col-sm-3 col-md-2\"><figure class=\"lads-image\">\n    <img decoding=\"async\" src=\"https:\/\/www.svieta.org\/wp-content\/uploads\/2022\/09\/image02.jpg\" class=\"img-responsive\" alt=\"\">\n    <\/figure><\/div><div class=\"col-xs-4 col-sm-3 col-md-2\"><figure class=\"lads-image\">\n    <img decoding=\"async\" src=\"https:\/\/www.svieta.org\/wp-content\/uploads\/2022\/09\/image03.jpg\" class=\"img-responsive\" alt=\"\">\n    <\/figure><\/div><div class=\"col-xs-4 col-sm-3 col-md-2\"><figure class=\"lads-image\">\n    <img decoding=\"async\" src=\"https:\/\/www.svieta.org\/wp-content\/uploads\/2022\/09\/image04.jpg\" class=\"img-responsive\" alt=\"\">\n    <\/figure><\/div>    <\/div>\n<\/div><\/div>\n<p>Die Kinder haben nicht nur tolle und gut ausger\u00fcstete Zimmern sondern auch grosse Spielpl\u00e4tze wo sie Zeit draussen verbringen k\u00f6nnen.<\/p>\n<p><\/br><br \/>\n<a href=\"https:\/\/www.svieta.org\/de\/nbh2\/\">Zur\u00fcck zur Hauptseite<\/a><\/p>\n","protected":false},"excerpt":{"rendered":"<p>Das Gel\u00e4nde der &#8220;City of Goodness&#8221; ist sehr sch\u00f6n und gut gepflegt. Die Kinder haben nicht nur tolle und gut ausger\u00fcstete Zimmern sondern auch grosse Spielpl\u00e4tze wo sie Zeit draussen verbringen k\u00f6nnen. Zur\u00fcck zur Hauptseite<\/p>\n","protected":false},"author":3,"featured_media":0,"parent":0,"menu_order":0,"comment_status":"closed","ping_status":"closed","template":"","meta":{"footnotes":""},"class_list":["post-7186","page","type-page","status-publish","hentry"],"_links":{"self":[{"href":"https:\/\/www.svieta.org\/de\/wp-json\/wp\/v2\/pages\/7186","targetHints":{"allow":["GET"]}}],"collection":[{"href":"https:\/\/www.svieta.org\/de\/wp-json\/wp\/v2\/pages"}],"about":[{"href":"https:\/\/www.svieta.org\/de\/wp-json\/wp\/v2\/types\/page"}],"author":[{"embeddable":true,"href":"https:\/\/www.svieta.org\/de\/wp-json\/wp\/v2\/users\/3"}],"replies":[{"embeddable":true,"href":"https:\/\/www.svieta.org\/de\/wp-json\/wp\/v2\/comments?post=7186"}],"version-history":[{"count":6,"href":"https:\/\/www.svieta.org\/de\/wp-json\/wp\/v2\/pages\/7186\/revisions"}],"predecessor-version":[{"id":7521,"href":"https:\/\/www.svieta.org\/de\/wp-json\/wp\/v2\/pages\/7186\/revisions\/7521"}],"wp:attachment":[{"href":"https:\/\/www.svieta.org\/de\/wp-json\/wp\/v2\/media?parent=7186"}],"curies":[{"name":"wp","href":"https:\/\/api.w.org\/{rel}","templated":true}]}}