{"id":7183,"date":"2022-08-27T17:04:02","date_gmt":"2022-08-27T15:04:02","guid":{"rendered":"https:\/\/www.svieta.org\/?page_id=7183"},"modified":"2022-10-04T21:52:58","modified_gmt":"2022-10-04T19:52:58","slug":"wer-ist-city-of-goodness-und-was-macht-city-of-goodness","status":"publish","type":"page","link":"https:\/\/www.svieta.org\/de\/wer-ist-city-of-goodness-und-was-macht-city-of-goodness\/","title":{"rendered":"Wer ist City of Goodness und was macht City of Goodness"},"content":{"rendered":"<p>In Chernovtsy gibt es einen grossen Wohlt\u00e4tigkeitsverein mit dem Namen &#8220;City of Goodness&#8221;. Das Hauptziel dieses Vereins ist der Schutz von Frauen mit Kindern, die sich in schwierigen Lebenssituationen befinden. Die Gr\u00fcnde daf\u00fcr k\u00f6nnen unterschiedlich sein: h\u00e4usliche Gewalt, Verlust des Arbeitsplatzes oder der Wohnung, physiologische oder k\u00f6rperliche Probleme&#8230; Frauen k\u00f6nnen dorthin kommen und um Hilfe bitten. Sie erhalten dort ein Bett, Essen, psychologische, finanzielle oder juristische Hilfe und Unterst\u00fctzung.<\/p>\n<div id=\"lads-gallery-1\" class=\"lads-gallery\">\n    <span class=\"btn btn-default btn-xs glyphicon glyphicon-chevron-left\"><\/span>\n    <span class=\"btn btn-default btn-xs glyphicon glyphicon-chevron-right\"><\/span>\n    <figure class=\"lads-image\"><\/figure> <!-- placeholder -->\n    <div class=\"lads-thumbs\">\n    <div class=\"row\">\n        <div class=\"col-xs-4 col-sm-3 col-md-2\"><figure class=\"lads-image\">\n    <img decoding=\"async\" src=\"https:\/\/www.svieta.org\/wp-content\/uploads\/2022\/08\/city-of-goodness-3.jpg\" class=\"img-responsive\" alt=\"\">\n    <\/figure><\/div><div class=\"col-xs-4 col-sm-3 col-md-2\"><figure class=\"lads-image\">\n    <img decoding=\"async\" src=\"https:\/\/www.svieta.org\/wp-content\/uploads\/2022\/08\/city-of-goodness-2.jpg\" class=\"img-responsive\" alt=\"\">\n    <\/figure><\/div><div class=\"col-xs-4 col-sm-3 col-md-2\"><figure class=\"lads-image\">\n    <img decoding=\"async\" src=\"https:\/\/www.svieta.org\/wp-content\/uploads\/2022\/08\/city-of-goodness-4.jpg\" class=\"img-responsive\" alt=\"\">\n    <\/figure><\/div>    <\/div>\n<\/div><\/div>\n<p>Die &#8220;City of Goodness&#8221; hat Geld. Das kann man sofort sehen. Sie besitzen ein riesiges Gel\u00e4nde und drei neue Geb\u00e4ude. In zwei dieser Geb\u00e4ude leben Frauen mit Kindern. Das dritte wurde der NBH zur Verf\u00fcgung gestellt.<br \/>\nEs ist interessant zu wissen, dass die ukrainische Regierung (wie immer) die gesamten Kosten auf die Schultern privater Sponsoren und Spender abw\u00e4lzt, denn &#8220;City of Goodness&#8221; wird vollst\u00e4ndig von Spendengeldern finanziert.<\/p>\n<p>Die NBH ist in einem Geb\u00e4ude untergebracht, das aus zwei Stockwerken besteht. Im ersten Stock befinden sich ein grosser Raum, eine kleine K\u00fcche und zwei kleine Zimmer. Die zweite Etage besteht aus zwei mittelgrossen Zimmern und einem kleinen Zimmer. Die grossen und mittelgrossen Zimmer sind an Kinder vergeben. Alles ist in perfektem Zustand, frisch renoviert mit sehr teuren Materialien, neuen M\u00f6beln, teuren Ger\u00e4ten und Spielzeug. Im grossen Zimmer sind die \u00e4lteren Kinder (2-4 Jahre alt) untergebracht. Die mittelgrossen R\u00e4ume wurden zwischen kleinen Kindern (0-2 Jahre alt) und Palliativkindern aufgeteilt. Die R\u00e4ume wurden in Zonen unterteilt: Schlaf-, Spiel- und Essbereich.<\/p>\n<p><\/br><br \/>\n<a href=\"https:\/\/www.svieta.org\/de\/nbh2\/\">Zur\u00fcck zur Hauptseite<\/a><\/p>\n","protected":false},"excerpt":{"rendered":"<p>In Chernovtsy gibt es einen grossen Wohlt\u00e4tigkeitsverein mit dem Namen &#8220;City of Goodness&#8221;. Das Hauptziel dieses Vereins ist der Schutz von Frauen mit Kindern, die sich in schwierigen Lebenssituationen befinden. Die Gr\u00fcnde daf\u00fcr k\u00f6nnen unterschiedlich sein: h\u00e4usliche Gewalt, Verlust des Arbeitsplatzes oder der Wohnung, physiologische oder k\u00f6rperliche Probleme&#8230; Frauen k\u00f6nnen dorthin kommen und um Hilfe [&hellip;]<\/p>\n","protected":false},"author":3,"featured_media":0,"parent":0,"menu_order":0,"comment_status":"closed","ping_status":"closed","template":"","meta":{"footnotes":""},"class_list":["post-7183","page","type-page","status-publish","hentry"],"_links":{"self":[{"href":"https:\/\/www.svieta.org\/de\/wp-json\/wp\/v2\/pages\/7183","targetHints":{"allow":["GET"]}}],"collection":[{"href":"https:\/\/www.svieta.org\/de\/wp-json\/wp\/v2\/pages"}],"about":[{"href":"https:\/\/www.svieta.org\/de\/wp-json\/wp\/v2\/types\/page"}],"author":[{"embeddable":true,"href":"https:\/\/www.svieta.org\/de\/wp-json\/wp\/v2\/users\/3"}],"replies":[{"embeddable":true,"href":"https:\/\/www.svieta.org\/de\/wp-json\/wp\/v2\/comments?post=7183"}],"version-history":[{"count":5,"href":"https:\/\/www.svieta.org\/de\/wp-json\/wp\/v2\/pages\/7183\/revisions"}],"predecessor-version":[{"id":7504,"href":"https:\/\/www.svieta.org\/de\/wp-json\/wp\/v2\/pages\/7183\/revisions\/7504"}],"wp:attachment":[{"href":"https:\/\/www.svieta.org\/de\/wp-json\/wp\/v2\/media?parent=7183"}],"curies":[{"name":"wp","href":"https:\/\/api.w.org\/{rel}","templated":true}]}}