{"id":7177,"date":"2022-08-27T17:02:45","date_gmt":"2022-08-27T15:02:45","guid":{"rendered":"https:\/\/www.svieta.org\/?page_id=7177"},"modified":"2022-10-14T14:32:19","modified_gmt":"2022-10-14T12:32:19","slug":"nbh2","status":"publish","type":"page","link":"https:\/\/www.svieta.org\/de\/nbh2\/","title":{"rendered":"NBH2"},"content":{"rendered":"<p>Das Nikolaiev Kleinkinderwaisenhaus (NBH) wurde von Nikolaiev nach Chernovtsy (NBH2) <a href=\"https:\/\/www.svieta.org\/de\/2022\/03\/nbh-evakuiert\/\">evakuiert<\/a>.<br \/>\nAktuell leben die Kinder in diesem Haus des Vereins &#8220;City of Goodness&#8221; in Chernovtsy (NBH2).<\/p>\n<figure class=\"lads-image\">\n    <img decoding=\"async\" src=\"https:\/\/www.svieta.org\/wp-content\/uploads\/2022\/08\/NBH-Eingang.jpg\" class=\"img-responsive\" alt=\"\">\n            <figcaption>Eingangsbereich NHB2<\/figcaption>\n    <\/figure>\n<p>Am Anfang war alles schwierig: weder das NBH noch &#8220;City of Goodness&#8221; waren auf die neuen Bedingungen richtig vorbereitet. Das NBH hatte in Chernovtsy zu wenig Personal, um sich um 62 Kinder zu k\u00fcmmern. &#8220;City of Goodness&#8221; hatte weder eine K\u00fcche, die praktisch rund um die Uhr arbeiten konnte, noch eine W\u00e4scherei, die so viele Kleidungsst\u00fccke waschen konnte, noch Spielpl\u00e4tze f\u00fcr kleine Kinder, nicht einmal richtige Kinderbetten. In der Zwischenzeit ist alles geregelt und funktioniert sehr gut. F\u00fcr die Kinder ist es perfekt in Chernovtsy.<br \/>\nAlles ist vorhanden und es fehlt an nichts f\u00fcr die Kinder. &#8220;City of Goodness&#8221; versorgt die Kinder mit allem Notwendigen: Essen, Medikamente, Spielzeug, Kleidung&#8230;<br \/>\nNBH ist immer noch im Budget der Oblast\/Region Nikolaev. Die Region Nikolaiev bezahlt nur das Gehalt der Angestelten. Alles f\u00fcr die Kinder in Chernovtsy wird von &#8220;City of Goodness&#8221; bezahlt. Wir sind dankbar, dass die Kinder wirklich alles bekommen, was sie brauchen. Die Bedingungen, unter denen sie leben, sind gut und es muss nichts ge\u00e4ndert werden. Als vor\u00fcbergehende L\u00f6sung (denn wir alle hoffen, dass der Albtraum des Krieges bald zu Ende ist) ist es eine sehr gute L\u00f6sung.<br \/>\nF\u00fcr die Mitarbeiterinnen ist es schwierig. Einige sind in Nikolaiev geblieben, arbeiten momentan aber nicht und erhalten auch kein Geld. <a href=\"https:\/\/www.svieta.org\/de\/nbh2-angestellte\/\">Andere sind in Chernovtsy und arbeiten und wohnen dort.<\/a><\/p>\n<p><\/br><br \/>\n<strong>Hier lesen Sie \u00fcber die verschiedenen Bereiche in diesem Haus in Chernovtsy, das wir NBH2 nennen.<\/strong><\/p>\n<p><a href=\"https:\/\/www.svieta.org\/de\/wer-ist-city-of-goodness-und-was-macht-city-of-goodness\/\">Wer ist City of Goodness und was macht City of Goodness?<\/a><br \/>\nIn Chernovtsy gibt es einen grossen wohlt\u00e4tigen Verein mit dem Namen &#8220;City of Goodness&#8221;. Das Hauptziel des Vereins ist der Schutz von Frauen mit Kindern. Gr\u00fcnde sind: h\u00e4usliche Gewalt, Verlust des Arbeitsplatzes oder des Wohnorts, physiologische oder k\u00f6rperliche Probleme&#8230; <\/p>\n<p><a href=\"https:\/\/www.svieta.org\/de\/nbh2-aussen\/\">Haus aussen und Umgebung, Spielplatz<\/a><br \/>\nDie Umgebung ist sch\u00f6n und farbig eingerichtet und die Kinder haben ihre Spielger\u00e4te. Schauen Sie selbst, die Kinder f\u00fchlen sich wohl.<\/p>\n<p><a href=\"https:\/\/www.svieta.org\/de\/nbh2-kleinkinder\/\">Abteilung der kleinsten Kinder<\/a><br \/>\nEin mittelgrosser Raum wird f\u00fcr die kleinen Kindern (0-2 Jahre) genutzt.<\/p>\n<p><a href=\"https:\/\/www.svieta.org\/de\/nbh2-grosse-kinder\/\">Abteilung der gr\u00f6sseren Kinder<\/a><br \/>\nIn dem grossen Zimmer sind die \u00e4lteren Kinder (2-4 Jahre alt) untergebracht. <\/p>\n<p><a href=\"https:\/\/www.svieta.org\/de\/nbh2-palliative\/\">Palliative Abteilung<\/a><br \/>\nDer zweite mittelgrosse Raum wird f\u00fcr die Palliativkinder genutzt. <\/p>\n<p><a href=\"https:\/\/www.svieta.org\/de\/nbh2-direktorin\/\">Direktorin<\/a><br \/>\nDie Direktorin arbeitet mit Personal in Nikolaiev und mit Personal und Kinder im 500 km entfernten Chernovtsy und f\u00e4hrt st\u00e4ndig hin und her, um alles zu managen.<\/p>\n<p><a href=\"https:\/\/www.svieta.org\/de\/nbh2-angestellte\/\">Unterkunft, Schlafzimmer f\u00fcr Angestellte<\/a><br \/>\nDie Bedingungen, unter denen das Personal (Direktorin, ihr Stellvertreter, zwei \u00c4rzte, Krankenschwestern, Anwalt, Buchhalterin) lebt und arbeitet, sind schwierig (keine Trennung wie zuhause). F\u00fcr die Leitung, die \u00c4rzte und Krankenschwestern stehen drei kleine Zimmer zur Verf\u00fcgung.<\/p>\n<p><a href=\"https:\/\/www.svieta.org\/de\/nbh2-kleine-kueche\/\">Kleine K\u00fcche<\/a><br \/>\nHier kann das Pflegepersonal bei Bedarf ihre Mahlzeiten kochen.<\/p>\n<p><\/br><br \/>\n<strong>Wunschliste<\/strong><br \/>\nDas Personal m\u00f6chte extern vom Waisenhaus eine Wohnung oder ein Haus nutzen k\u00f6nnen, wo sie ihre Freizeit und arbeitsfreien Tage verbringen k\u00f6nnen. Dies w\u00fcrde die Wohn- und Arbeitsbedingungen stark verbessern. Wir unterst\u00fctzen dieses Anliegen und werden versuchen, dies zu finanzieren. Aktuell l\u00e4uft die Suche nach einem geeigneten Objekt, was aber wegen dem Krieg schwierig geworden ist.<\/p>\n<p><strong>Danke dass Sie die Aktivit\u00e4ten von Freunde von Svieta mit einer <a href=\"https:\/\/www.svieta.org\/de\/spenden\/\">Spende<\/a> unterst\u00fctzen m\u00f6chten!<\/strong><\/p>\n<p>Vielen Dank im Voraus!<\/p>\n<p><a href=\"https:\/\/donate.raisenow.io\/jfqdv\" alt=\"link to TWINT\"><figure class=\"lads-image\">\n    <img decoding=\"async\" src=\"https:\/\/www.svieta.org\/wp-content\/uploads\/2021\/08\/TWINT_Individueller-Betrag_DE.jpg\" class=\"img-responsive\" alt=\"\">\n            <figcaption><\/figcaption>\n    <\/figure><\/a><br \/>\n<\/br><\/p>\n","protected":false},"excerpt":{"rendered":"<p>Das Nikolaiev Kleinkinderwaisenhaus (NBH) wurde von Nikolaiev nach Chernovtsy (NBH2) evakuiert. Aktuell leben die Kinder in diesem Haus des Vereins &#8220;City of Goodness&#8221; in Chernovtsy (NBH2). Am Anfang war alles schwierig: weder das NBH noch &#8220;City of Goodness&#8221; waren auf die neuen Bedingungen richtig vorbereitet. Das NBH hatte in Chernovtsy zu wenig Personal, um sich [&hellip;]<\/p>\n","protected":false},"author":3,"featured_media":0,"parent":0,"menu_order":0,"comment_status":"closed","ping_status":"closed","template":"","meta":{"footnotes":""},"class_list":["post-7177","page","type-page","status-publish","hentry"],"_links":{"self":[{"href":"https:\/\/www.svieta.org\/de\/wp-json\/wp\/v2\/pages\/7177","targetHints":{"allow":["GET"]}}],"collection":[{"href":"https:\/\/www.svieta.org\/de\/wp-json\/wp\/v2\/pages"}],"about":[{"href":"https:\/\/www.svieta.org\/de\/wp-json\/wp\/v2\/types\/page"}],"author":[{"embeddable":true,"href":"https:\/\/www.svieta.org\/de\/wp-json\/wp\/v2\/users\/3"}],"replies":[{"embeddable":true,"href":"https:\/\/www.svieta.org\/de\/wp-json\/wp\/v2\/comments?post=7177"}],"version-history":[{"count":5,"href":"https:\/\/www.svieta.org\/de\/wp-json\/wp\/v2\/pages\/7177\/revisions"}],"predecessor-version":[{"id":7590,"href":"https:\/\/www.svieta.org\/de\/wp-json\/wp\/v2\/pages\/7177\/revisions\/7590"}],"wp:attachment":[{"href":"https:\/\/www.svieta.org\/de\/wp-json\/wp\/v2\/media?parent=7177"}],"curies":[{"name":"wp","href":"https:\/\/api.w.org\/{rel}","templated":true}]}}