{"id":6814,"date":"2022-03-02T14:55:16","date_gmt":"2022-03-02T13:55:16","guid":{"rendered":"https:\/\/www.svieta.org\/?page_id=6814"},"modified":"2022-03-09T18:10:03","modified_gmt":"2022-03-09T17:10:03","slug":"ukraine-krieg","status":"publish","type":"page","link":"https:\/\/www.svieta.org\/de\/ukraine-krieg\/","title":{"rendered":"Spendenaufruf Ukraine"},"content":{"rendered":"<p>Liebe Freunde von Svieta, heute sammeln wir Geld speziell f\u00fcr die beiden Waisenheime in Nikolaiev (NBH) und in Zurupinsk (ZuBS), damit sie fehlende Lebensmittel direkt auf dem lokalen Markt einkaufen k\u00f6nnen.<\/p>\n<figure class=\"lads-image\">\n    <img decoding=\"async\" src=\"https:\/\/www.svieta.org\/wp-content\/uploads\/2022\/03\/Thank-Friends.jpeg\" class=\"img-responsive\" alt=\"\">\n            <figcaption><\/figcaption>\n    <\/figure>\n<p>Wir sammeln auch Spendengelder f\u00fcr aktuell ben\u00f6tigte Dinge, so z.B. f\u00fcr Lampen und Heizk\u00f6rper, um den Aufenthalt in den Kellern ertr\u00e4glicher zu machen.<\/p>\n<figure class=\"lads-image\">\n    <img decoding=\"async\" src=\"https:\/\/www.svieta.org\/wp-content\/uploads\/2022\/03\/TWINT_Ukraine-Krieg_DE.png\" class=\"img-responsive\" alt=\"\">\n            <figcaption><\/figcaption>\n    <\/figure>\n<p>F\u00fcr eine <a href=\"https:\/\/donate.raisenow.io\/fstxh\">Spende mit TWINT clicken Sie bitte auf diesen Link<\/a> oder ben\u00fctzen Sie ihre TWINT APP auf Ihrem Handy.<\/p>\n<p>Vielen Dank im Voraus f\u00fcr ihre Hilfe! Wir sch\u00e4tzen ihre Spende auf das Bankkonto sehr.<br \/>\nDie Ukrainischen Waisenkinder leiden am meisten unter dem Krieg und ben\u00f6tigen dringend Hilfe!<\/p>\n<p>Bankverbindung:<br \/>\n15-736331-1<br \/>\nIBAN CH88 0900 0000 1573 6331 1<\/p>\n<p>PostFinance AG<br \/>\nMingerstrasse 20<br \/>\n3030 Bern<br \/>\nSchweiz<br \/>\nBIC (SWIFT-Code): POFICHBEXXX<\/p>\n<p>Kontoinhaber:<br \/>\n\u201cFreunde von Svieta \u2013 Amis de Svieta\u201d<br \/>\n3000 Bern<\/p>\n<p><\/br><\/p>\n","protected":false},"excerpt":{"rendered":"<p>Liebe Freunde von Svieta, heute sammeln wir Geld speziell f\u00fcr die beiden Waisenheime in Nikolaiev (NBH) und in Zurupinsk (ZuBS), damit sie fehlende Lebensmittel direkt auf dem lokalen Markt einkaufen k\u00f6nnen. Wir sammeln auch Spendengelder f\u00fcr aktuell ben\u00f6tigte Dinge, so z.B. f\u00fcr Lampen und Heizk\u00f6rper, um den Aufenthalt in den Kellern ertr\u00e4glicher zu machen. F\u00fcr [&hellip;]<\/p>\n","protected":false},"author":3,"featured_media":0,"parent":0,"menu_order":0,"comment_status":"closed","ping_status":"closed","template":"","meta":{"footnotes":""},"class_list":["post-6814","page","type-page","status-publish","hentry"],"_links":{"self":[{"href":"https:\/\/www.svieta.org\/de\/wp-json\/wp\/v2\/pages\/6814","targetHints":{"allow":["GET"]}}],"collection":[{"href":"https:\/\/www.svieta.org\/de\/wp-json\/wp\/v2\/pages"}],"about":[{"href":"https:\/\/www.svieta.org\/de\/wp-json\/wp\/v2\/types\/page"}],"author":[{"embeddable":true,"href":"https:\/\/www.svieta.org\/de\/wp-json\/wp\/v2\/users\/3"}],"replies":[{"embeddable":true,"href":"https:\/\/www.svieta.org\/de\/wp-json\/wp\/v2\/comments?post=6814"}],"version-history":[{"count":5,"href":"https:\/\/www.svieta.org\/de\/wp-json\/wp\/v2\/pages\/6814\/revisions"}],"predecessor-version":[{"id":6887,"href":"https:\/\/www.svieta.org\/de\/wp-json\/wp\/v2\/pages\/6814\/revisions\/6887"}],"wp:attachment":[{"href":"https:\/\/www.svieta.org\/de\/wp-json\/wp\/v2\/media?parent=6814"}],"curies":[{"name":"wp","href":"https:\/\/api.w.org\/{rel}","templated":true}]}}