{"id":5770,"date":"2021-06-28T10:09:47","date_gmt":"2021-06-28T08:09:47","guid":{"rendered":"https:\/\/www.svieta.org\/?page_id=5770"},"modified":"2021-06-28T10:41:07","modified_gmt":"2021-06-28T08:41:07","slug":"statuten","status":"publish","type":"page","link":"https:\/\/www.svieta.org\/de\/statuten\/","title":{"rendered":"Statuten des Vereins \u201eFreunde von Svieta\u201c"},"content":{"rendered":"<p>&nbsp;<\/p>\n<p><b>1. Name und Sitz<\/b><\/p>\n<p><span style=\"font-weight: 400;\">Unter dem Namen \u201eFreunde von Svieta\u201c (Franz\u00f6sisch \u201eAmis de Svieta\u201c) besteht ein Verein im Sinne von Art. 60 ff. ZGB mit Sitz in Bern.<\/span><\/p>\n<p>&nbsp;<\/p>\n<p><b>2. Ziel und Zweck<\/b><\/p>\n<p><span style=\"font-weight: 400;\">Das Hauptziel des Vereins ist es, den beiden Waisenh\u00e4usern in Nikolaiev und Kherson sowie anderen Waisenh\u00e4usern in der Ukraine zu helfen. Finanziell und organisatorisch unterst\u00fctzt der Verein Waisenkinder, welche medizinische Hilfe ben\u00f6tigen. Dazu geh\u00f6ren insbesondere Auslagen f\u00fcr:<\/span><\/p>\n<ul>\n<li style=\"font-weight: 400;\" aria-level=\"3\"><span style=\"font-weight: 400;\">Medizinische Abkl\u00e4rungen und Behandlungen<\/span><\/li>\n<li style=\"font-weight: 400;\" aria-level=\"3\"><span style=\"font-weight: 400;\">Operationen, Laboruntersuchungen, Impfstoffe und Medikamente<\/span><\/li>\n<li style=\"font-weight: 400;\" aria-level=\"3\"><span style=\"font-weight: 400;\">Medizinische Ger\u00e4te<\/span><\/li>\n<li style=\"font-weight: 400;\" aria-level=\"3\"><span style=\"font-weight: 400;\">Therapien und entsprechende Hilfsmittel<\/span><\/li>\n<\/ul>\n<p><span style=\"font-weight: 400;\">Im Weiteren verbessert der Verein das Leben der Waisenkinder, von der Geburt bis sie vollj\u00e4hrig sind und er kann auch erwachsene, behinderte Waisenkinder unterst\u00fctzen.<\/span><\/p>\n<p><span style=\"font-weight: 400;\">Der Verein beteiligt sich nach M\u00f6glichkeit auch an den Kosten f\u00fcr:<\/span><\/p>\n<ul>\n<li style=\"font-weight: 400;\" aria-level=\"3\"><span style=\"font-weight: 400;\">Weiterbildung von Personal<\/span><\/li>\n<li style=\"font-weight: 400;\" aria-level=\"3\"><span style=\"font-weight: 400;\">Geb\u00e4udeunterhalt und Sanierungen<\/span><\/li>\n<li style=\"font-weight: 400;\" aria-level=\"3\"><span style=\"font-weight: 400;\">Infrastrukturprojekte<\/span><\/li>\n<\/ul>\n<p><span style=\"font-weight: 400;\">Der Verein ist eine gemeinn\u00fctzige Organisation. Er wird getragen durch Mitglieder und Spendende. Er ist politisch und konfessionell unabh\u00e4ngig.<\/span><\/p>\n<p>&nbsp;<\/p>\n<p><b>3. Mitgliedschaft<\/b><\/p>\n<p><b>3.1 Mitgliedschaft<\/b><\/p>\n<p><span style=\"font-weight: 400;\">Mitglieder k\u00f6nnen nat\u00fcrliche und juristische Personen<\/span> <span style=\"font-weight: 400;\">werden, die den Vereinszweck unterst\u00fctzen. Aufnahmegesuche sind an den Vorstand zu richten. Er entscheidet \u00fcber die Aufnahme.&nbsp;<\/span><\/p>\n<p><b>3.2<\/b> <b>Mitgliederbeitrag<\/b><\/p>\n<p><span style=\"font-weight: 400;\">Jedes Mitglied hat einen Jahresbeitrag von CHF 60.00 zu leisten. Dieser Mitgliederbeitrag dient dazu, den Vereinszweck zu erreichen sowie die Aufgaben des Vorstandes zu erm\u00f6glichen und die dadurch entstehenden Kosten abzudecken.&nbsp;<\/span><\/p>\n<p><span style=\"font-weight: 400;\">Die Vorstandsmitglieder haben keinen Jahresbeitrag f\u00fcr die Mitgliedschaft zu leisten.<\/span><\/p>\n<p><b>3.3<\/b> <b>Austritt und Ausschluss<\/b><\/p>\n<p><span style=\"font-weight: 400;\">Ein Austritt aus dem Verein ist jederzeit mittels schriftlicher (auch E-Mail), dem Vorstand zugestellter Mitteilung mo\u0308glich. F\u00fcr das angebrochene Jahr ist der volle Mitgliederbeitrag zu bezahlen. F\u00fcr die n\u00e4chste Mitgliederversammlung ist nach Erkl\u00e4rung des Austritts das Mitglied nicht mehr stimmberechtigt.<\/span><\/p>\n<p><span style=\"font-weight: 400;\">Bleibt ein Mitglied trotz Mahnung den Mitgliederbeitrag schuldig, kann es vom Vorstand automatisch ausgeschlossen werden.<\/span><\/p>\n<p>&nbsp;<\/p>\n<p><b>4. Mittel und Finanzen<\/b><\/p>\n<p><span style=\"font-weight: 400;\">Zur Verfolgung des Vereinszweckes verf\u00fcgt der Verein \u00fcber folgende Mittel:<\/span><\/p>\n<ul>\n<li style=\"font-weight: 400;\" aria-level=\"3\"><span style=\"font-weight: 400;\">Mitgliederbeitr\u00e4ge&nbsp;<\/span><\/li>\n<li style=\"font-weight: 400;\" aria-level=\"3\"><span style=\"font-weight: 400;\">Spenden, Verm\u00e4chtnisse, Schenkungen und Zuwendungen aller Art<\/span><\/li>\n<li style=\"font-weight: 400;\" aria-level=\"3\"><span style=\"font-weight: 400;\">U\u0308berschu\u0308sse der Betriebsrechnung<\/span><\/li>\n<li style=\"font-weight: 400;\" aria-level=\"3\"><span style=\"font-weight: 400;\">Veranstaltungsbeitr\u00e4ge<\/span><\/li>\n<li style=\"font-weight: 400;\" aria-level=\"3\"><span style=\"font-weight: 400;\">Subventionen<\/span><\/li>\n<\/ul>\n<p><span style=\"font-weight: 400;\">Das Gesch\u00e4ftsjahr entspricht dem Kalenderjahr. Im Gr\u00fcndungsjahr wird das Gesch\u00e4ftsjahr auf das Ende des kommenden Jahres festgelegt.<\/span><\/p>\n<p>&nbsp;<\/p>\n<p><b>5. Organe des Vereins<\/b><\/p>\n<p><span style=\"font-weight: 400;\">Die Organe des Vereins sind:<\/span><\/p>\n<ol>\n<li style=\"font-weight: 400;\" aria-level=\"2\"><span style=\"font-weight: 400;\">die Mitgliederversammlung<\/span><\/li>\n<li style=\"font-weight: 400;\" aria-level=\"2\"><span style=\"font-weight: 400;\">der Vorstand<\/span><\/li>\n<li style=\"font-weight: 400;\" aria-level=\"2\"><span style=\"font-weight: 400;\">die Revisionsstelle<\/span><\/li>\n<\/ol>\n<p>&nbsp;<\/p>\n<p><b>6. Die Mitgliederversammlung<\/b><\/p>\n<p><b>6.1<\/b> <b>ordentliche Mitgliederversammlung<\/b><\/p>\n<p><span style=\"font-weight: 400;\">Die ordentliche Mitgliederversammlung findet allja\u0308hrlich innerhalb der ersten sechs Monate des Jahres statt.&nbsp;<\/span><\/p>\n<p><span style=\"font-weight: 400;\">Die Einladung zur Mitgliederversammlung erfolgt unter Einhaltung einer Frist von mindestens 20 Tagen schriftlich durch den Vorstand unter Angabe der Traktanden. Einladungen per E-Mail sind g\u00fcltig. Die Versammlung kann auch online erfolgen.<\/span><\/p>\n<p><span style=\"font-weight: 400;\">Antra\u0308ge zuhanden der Mitgliederversammlung sind spa\u0308testens zwei Wochen vor dem Versand der Einladung schriftlich an den Vorstand zu richten.&nbsp;<\/span><\/p>\n<p><b>6.2<\/b> <b>ausserordentliche Mitgliederversammlung<\/b><\/p>\n<p><span style=\"font-weight: 400;\">Der Vorstand oder 1\/5 der Mitglieder k\u00f6nnen jederzeit die Einberufung einer ausserordentlichen Mitgliederversammlung unter Angaben des Zwecks verlangen. Die Versammlung hat sp\u00e4testens sechs Wochen nach Eingang des Begehrens zu erfolgen.<\/span><\/p>\n<p><b>6.3<\/b> <b>Aufgaben der Mitgliederversammlung<\/b><\/p>\n<p><span style=\"font-weight: 400;\">Die Mitgliederversammlung ist das oberste Organ des Vereins. Sie hat die folgenden Aufgaben und Kompetenzen:<\/span><\/p>\n<p><span style=\"font-weight: 400;\">a) Wahl eines Tagespr\u00e4sidenten\/in&nbsp;<\/span><\/p>\n<p><span style=\"font-weight: 400;\">b) Genehmigung des Protokolls der letzten Mitgliederversammlung<\/span><\/p>\n<p><span style=\"font-weight: 400;\">c) Genehmigung des Jahresberichts des Vorstands<\/span><\/p>\n<p><span style=\"font-weight: 400;\">d) Entgegennahme des Revisionsberichts und Genehmigung der Jahresrechnung<\/span><\/p>\n<p><span style=\"font-weight: 400;\">e) Entlastung des Vorstandes<\/span><\/p>\n<p><span style=\"font-weight: 400;\">f) Wahl des Co-Pr\u00e4sidiums (2 Personen) oder des Pr\u00e4sidenten\/der Pr\u00e4sidentin und der \u00fcbrigen Vorstandsmitglieder sowie der Revisionsstelle<\/span><\/p>\n<p><span style=\"font-weight: 400;\">g) Information \u00fcber laufende Projekte<\/span><\/p>\n<p><span style=\"font-weight: 400;\">h) Beschlussfassung \u00fcber Antr\u00e4ge des Vorstands und der Mitglieder sowie Erledigung von Rekursen<\/span><\/p>\n<p><span style=\"font-weight: 400;\">i) Entscheid \u00fcber \u00c4nderung der Statuten<\/span><\/p>\n<p><span style=\"font-weight: 400;\">j) Beschlussfassung \u00fcber die Aufl\u00f6sung des Vereins und die Verwendung des Liquidationserl\u00f6ses.<\/span><\/p>\n<p>&nbsp;<\/p>\n<p><b>6.4<\/b> <b>Beschl\u00fcsse<\/b><\/p>\n<p><b>a) Allgemeine Beschlussfassung<\/b><\/p>\n<p><span style=\"font-weight: 400;\">Jede ordnungsgem\u00e4ss einberufene Mitgliederversammlung ist unabh\u00e4ngig von der Anzahl der anwesenden Mitglieder beschlussf\u00e4hig.<\/span><\/p>\n<p><span style=\"font-weight: 400;\">Die Mitglieder fassen die Beschl\u00fcsse mit dem einfachen Mehr. Bei Stimmengleichheit f\u00e4llt der Tagespr\u00e4sident\/die Tagespr\u00e4sidentin den Stichentscheid.&nbsp;<\/span><\/p>\n<p><span style=\"font-weight: 400;\">Alle anwesenden Mitglieder haben das gleiche Stimmrecht. Stellvertretung ist nur durch ein anderes Vereinsmitglied zula\u0308ssig<\/span><span style=\"font-weight: 400;\">. <\/span><span style=\"font-weight: 400;\">Jedes Vereinsmitglied kann h\u00f6chstens 3 Mitglieder vertreten.<\/span><\/p>\n<p><span style=\"font-weight: 400;\">Bei der Beschlussfassung u\u0308ber die De\u0301charge, u\u0308ber ein Rechtsgescha\u0308ft oder einen Rechtsstreit zwischen ihm und dem Verein, ist das betroffene Mitglied vom Stimmrecht ausgeschlossen.&nbsp;<\/span><\/p>\n<p><span style=\"font-weight: 400;\">\u00dcber die gefassten Beschl\u00fcsse ist ein Beschlussprotokoll abzufassen.<\/span><\/p>\n<p><b>b)<\/b> <b>\u00c4nderung der Statuten<\/b><\/p>\n<p><span style=\"font-weight: 400;\">Statuten\u00e4nderungen ben\u00f6tigen die Zustimmung einer 2\/3 Mehrheit der anwesenden Stimmberechtigten.&nbsp;<\/span><\/p>\n<p><span style=\"font-weight: 400;\">Jede vorgeschlagene \u00c4nderung der Statuten muss der Mitgliederversammlung in Form eines vollst\u00e4ndig ausgearbeiteten Textes vorgelegt werden.<\/span><\/p>\n<p>&nbsp;<\/p>\n<p><b>7. Der Vorstand<\/b><\/p>\n<p><b>7.1 <\/b> <b>Zusammensetzung des Vorstandes<\/b><\/p>\n<p><span style=\"font-weight: 400;\">Der Vorstand setzt sich zusammen aus:&nbsp;<\/span><\/p>\n<p><span style=\"font-weight: 400;\">a) Co-Pr\u00e4sidium (2 Personen) oder aus einem Pr\u00e4sidenten\/einer Pr\u00e4sidentin<\/span><\/p>\n<p><span style=\"font-weight: 400;\">b) Sekret\u00e4r\/in<\/span><\/p>\n<p><span style=\"font-weight: 400;\">c) Kassier\/in&nbsp;<\/span><\/p>\n<p><span style=\"font-weight: 400;\">Eine A\u0308mterkumulation ist zula\u0308ssig. Der Vorstand besteht aus mindestens 4 und maximal 7 Mitgliedern und wird von der Mitgliederversammlung auf eine Amtsdauer von 2 Jahren gewa\u0308hlt. Der Vorstand konstituiert sich selbst <\/span><span style=\"font-weight: 400;\">\u2013 <\/span><span style=\"font-weight: 400;\">abgesehen von der Wahl des Co-Pr\u00e4sidiums oder des Pr\u00e4sidiums durch die Mitgliederversammlung.&nbsp;<\/span><\/p>\n<p><span style=\"font-weight: 400;\">Der Vorstand ist beschlussfa\u0308hig, sofern mindestens 3 Mitglieder anwesend sind.<\/span><\/p>\n<p><span style=\"font-weight: 400;\">Scheiden Vorstandsmitglieder wa\u0308hrend der Amtsdauer aus, erga\u0308nzt sich der Vorstand von selbst. Solche Wahlen sind an der na\u0308chsten Mitgliederversammlung zur Besta\u0308tigung vorzulegen.&nbsp;<\/span><\/p>\n<p><b>7.2 <\/b> <b>Befugnisse und Aufgaben<\/b><\/p>\n<p><span style=\"font-weight: 400;\">Der Vorstand f\u00fchrt die laufenden Gesch\u00e4fte und vertritt den Verein nach aussen.<\/span><\/p>\n<p><span style=\"font-weight: 400;\">Er kann f\u00fcr die Erreichung der Vereinsziele Personen gegen eine angemessene Entsch\u00e4digung beauftragen.<\/span><\/p>\n<p><span style=\"font-weight: 400;\">Der Vorstand verf\u00fcgt \u00fcber alle Kompetenzen, die nicht von Gesetzes wegen oder gem\u00e4ss dieser Statuten einem anderen Organ \u00fcbertragen sind. Es sind dies insbesondere:<\/span><\/p>\n<p><span style=\"font-weight: 400;\">a) Vorbereitung und Durchfu\u0308hrung der ordentlichen und ausserordentlichen Mitgliederversammlungen&nbsp;<\/span><\/p>\n<p><span style=\"font-weight: 400;\">b) Ausarbeiten von Statuten, Statuten\u00e4nderungen, Antra\u0308gen und Reglementen&nbsp;<\/span><\/p>\n<p><span style=\"font-weight: 400;\">c) Aufnahme und Ausschluss von Mitgliedern<\/span><\/p>\n<p><span style=\"font-weight: 400;\">d) Ausarbeitung, Durchf\u00fchrung sowie Controlling von Projekten<\/span><\/p>\n<p><span style=\"font-weight: 400;\">Der Vorstand versammelt sich, sooft es die Gesch\u00e4fte verlangen. Jedes Vorstandsmitglied kann unter Angabe der Gr\u00fcnde die Einberufung einer Sitzung verlangen. Die Beschl\u00fcsse des Vorstandes werden mit der Mehrheit der anwesenden Mitglieder gefasst. Bei Stimmengleichheit hat der Sitzungsleiter\/die Sitzungsleiterin den Stichentscheid.&nbsp;<\/span><\/p>\n<p><span style=\"font-weight: 400;\">Sofern kein Vorstandsmitglied m\u00fcndliche Beratung verlangt, ist die Beschlussfassung auf dem Zirkularweg (auch E-Mail) g\u00fcltig.&nbsp;<\/span><\/p>\n<p><span style=\"font-weight: 400;\">Der Vorstand zeichnet kollektiv zu zweien.&nbsp;<\/span><\/p>\n<p><span style=\"font-weight: 400;\">Der Vorstand ist grunds\u00e4tzlich ehrenamtlich und unentgeltlich t\u00e4tig, er hat Anrecht auf Verg\u00fctung der effektiven Spesen.<\/span><\/p>\n<p>&nbsp;<\/p>\n<p><b>8. Die Revisionsstelle<\/b><\/p>\n<p><span style=\"font-weight: 400;\">Die Mitgliederversammlung w\u00e4hlt eine oder mehrere natu\u0308rliche oder juristische Personen, welche die Buchf\u00fchrung kontrollieren und mindestens einmal j\u00e4hrlich eine Stichkontrolle durchf\u00fchren. Die unabh\u00e4ngige Revisionsstelle erstattet dem Vorstand zuhanden der Mitgliederversammlung Bericht.&nbsp;<\/span><\/p>\n<p><span style=\"font-weight: 400;\">Die Revisionsstelle muss ihren Wohnsitz, ihren Sitz oder eine eingetragene Zweigniederlassung in der Schweiz haben.&nbsp;<\/span><\/p>\n<p><span style=\"font-weight: 400;\">Die Revisionsstelle wird fu\u0308r 2 Jahre gewa\u0308hlt. Ihr Amt endet mit der Abnahme der letzten Jahresrechnung. Eine Wiederwahl ist mo\u0308glich. Eine Abberufung ist jederzeit und fristlos mo\u0308glich.&nbsp;<\/span><\/p>\n<p>&nbsp;<\/p>\n<p><b>9. Haftung<\/b><\/p>\n<p><span style=\"font-weight: 400;\">F\u00fcr die Schulden des Vereins haftet nur das Vereinsverm\u00f6gen. Eine pers\u00f6nliche Haftung der Mitglieder ist ausgeschlossen.&nbsp;<\/span><\/p>\n<p>&nbsp;<\/p>\n<p><b>10. Aufl\u00f6sung des Vereins<\/b><\/p>\n<p><span style=\"font-weight: 400;\">Die Aufl\u00f6sung des Vereins kann mit einer Mehrheit von 2\/3 der anwesenden stimmberechtigten Mitglieder in einer ordentlichen oder ausserordentlichen Mitgliederversammlung beschlossen werden.<\/span><\/p>\n<p><span style=\"font-weight: 400;\">Im Falle einer Aufl\u00f6sung werden Gewinn und Kapital einer anderen wegen Gemeinn\u00fctzigkeit oder \u00f6ffentlichen Zwecks steuerbefreiten juristischen Person mit Sitz in der Schweiz zugewendet.<\/span><\/p>\n<p><span style=\"font-weight: 400;\">Eine Fusion kann nur mit einer anderen wegen Gemeinn\u00fctzigkeit oder \u00f6ffentlichen Zwecks von der Steuerpflicht befreiten juristischen Person mit Sitz in der Schweiz erfolgen.<\/span><\/p>\n<p><span style=\"font-weight: 400;\">Die Verteilung des Vereinsverm\u00f6gens unter den Mitgliedern ist ausgeschlossen.&nbsp;<\/span><\/p>\n<p>&nbsp;<\/p>\n<p><b>11. Inkrafttreten<\/b><\/p>\n<p><span style=\"font-weight: 400;\">Diese Statuten wurden an der Gr\u00fcndungsversammlung vom 26. Juni 2021 angenommen und sind mit diesem Datum in Kraft getreten.<\/span><\/p>\n<p>&nbsp;<\/p>\n<p><span style=\"font-weight: 400;\"><br \/>\n<\/span><span style=\"font-weight: 400;\">Datum, Ort:&nbsp; &nbsp; &nbsp; &nbsp; &nbsp; &nbsp; &nbsp; &nbsp; &nbsp; &nbsp; &nbsp; &nbsp; &nbsp;Bern, 26.6.2021&nbsp;<\/span><\/p>\n<p><span style=\"font-weight: 400;\"><br \/>\n<\/span><span style=\"font-weight: 400;\">Die Co-Pr\u00e4sidentin:<\/span>&nbsp; &nbsp; &nbsp; &nbsp; &nbsp; &nbsp; &nbsp; &nbsp; &nbsp; &nbsp; &nbsp; &nbsp; &nbsp; &nbsp; &nbsp; &nbsp; <span style=\"font-weight: 400;\">Der Co-Pr\u00e4sident:<\/span><\/p>\n<p>&nbsp;<\/p>\n<p>sig. Judith Fleischli&nbsp; &nbsp; &nbsp; &nbsp; &nbsp; &nbsp; &nbsp; &nbsp; &nbsp; &nbsp; &nbsp; &nbsp; &nbsp; &nbsp; &nbsp; &nbsp; sig. Thomas Rudolf<\/p>\n<p><span style=\"font-weight: 400;\">_________________________<\/span> <span style=\"font-weight: 400;\">__________________________<\/span><\/p>\n<p>&nbsp;<\/p>\n","protected":false},"excerpt":{"rendered":"<p>&nbsp; 1. Name und Sitz Unter dem Namen \u201eFreunde von Svieta\u201c (Franz\u00f6sisch \u201eAmis de Svieta\u201c) besteht ein Verein im Sinne von Art. 60 ff. ZGB mit Sitz in Bern. &nbsp; 2. Ziel und Zweck Das Hauptziel des Vereins ist es, den beiden Waisenh\u00e4usern in Nikolaiev und Kherson sowie anderen Waisenh\u00e4usern in der Ukraine zu helfen. [&hellip;]<\/p>\n","protected":false},"author":3,"featured_media":0,"parent":0,"menu_order":0,"comment_status":"closed","ping_status":"closed","template":"","meta":{"footnotes":""},"class_list":["post-5770","page","type-page","status-publish","hentry"],"_links":{"self":[{"href":"https:\/\/www.svieta.org\/de\/wp-json\/wp\/v2\/pages\/5770","targetHints":{"allow":["GET"]}}],"collection":[{"href":"https:\/\/www.svieta.org\/de\/wp-json\/wp\/v2\/pages"}],"about":[{"href":"https:\/\/www.svieta.org\/de\/wp-json\/wp\/v2\/types\/page"}],"author":[{"embeddable":true,"href":"https:\/\/www.svieta.org\/de\/wp-json\/wp\/v2\/users\/3"}],"replies":[{"embeddable":true,"href":"https:\/\/www.svieta.org\/de\/wp-json\/wp\/v2\/comments?post=5770"}],"version-history":[{"count":4,"href":"https:\/\/www.svieta.org\/de\/wp-json\/wp\/v2\/pages\/5770\/revisions"}],"predecessor-version":[{"id":5794,"href":"https:\/\/www.svieta.org\/de\/wp-json\/wp\/v2\/pages\/5770\/revisions\/5794"}],"wp:attachment":[{"href":"https:\/\/www.svieta.org\/de\/wp-json\/wp\/v2\/media?parent=5770"}],"curies":[{"name":"wp","href":"https:\/\/api.w.org\/{rel}","templated":true}]}}