{"id":5604,"date":"2021-06-27T00:01:53","date_gmt":"2021-06-26T22:01:53","guid":{"rendered":"https:\/\/www.svieta.org\/?page_id=5604"},"modified":"2022-10-16T19:39:28","modified_gmt":"2022-10-16T17:39:28","slug":"ueber-freunde-von-svieta","status":"publish","type":"page","link":"https:\/\/www.svieta.org\/de\/ueber-freunde-von-svieta\/","title":{"rendered":"\u00dcber <em>Freunde von Svieta \/ Amis de Svieta<\/em>"},"content":{"rendered":"<p><strong>Les Amis de Svieta (Schweiz) wurde im Sommer 2000 gestartet.<\/strong><\/p>\n<p>Am 21. November 2010 feierten wir das <a href=\"\/de\/2010\/11\/10-jahre-les-amis-de-svieta-schweiz\/\">10-j\u00e4hrige Jubil\u00e4um.<\/a><\/p>\n<p>2020 konnten wir das 20-j\u00e4hrige Jubil\u00e4um wegen Covid nicht feiern. <a href=\"https:\/\/www.svieta.org\/de\/2021\/01\/20-jahre\/\">Lesen Sie mehr \u00fcber die Erfolge der Jahre 2011 &#8211; 2021.<\/a><\/p>\n<p><\/br><br \/>\nDie <strong>Erfolgsgeschichte<\/strong> geht weiter (<strong><a href=\"https:\/\/www.svieta.org\/wp-content\/uploads\/2021\/08\/Flyer-18.8.2021.pdf\">Flyer 8.2021<\/a><\/strong> und <strong><a href=\"https:\/\/www.svieta.org\/wp-content\/uploads\/2021\/11\/Flyer-Weihn.-21-15.11.21-deutsch.pdf\">Flyer 11.2021<\/a><\/strong>). <\/p>\n<p>Im Sommer 2021 wurde der neue Verein <em>Freunde von Svieta<\/em> (franz\u00f6sisch Amis de Svieta, englisch Friends of Svieta) <a href=\"https:\/\/www.svieta.org\/de\/2021\/07\/gruendung-2-0\/\">gegr\u00fcndet<\/a>, mit dem Ziel, die Arbeiten in Ukraine weiter zu f\u00fchren. <em>Freunde von Svieta<\/em> blickt auf \u00fcber 20 Jahre Hilfe f\u00fcr ukrainische Waisenkinder zur\u00fcck und nun mit einer neuen F\u00fchrungsmanschaft in die Zukunft. <\/p>\n<p><\/br><br \/>\n<b><\/p>\n<h4>Der Vorstand sieht seit dem 29.4.2022 wir folgt aus:<\/h4>\n<p><\/b><\/p>\n<p><img decoding=\"async\" src=\"https:\/\/www.svieta.org\/wp-content\/uploads\/2022\/10\/Vorstand-3-3.jpg\" width=\"480\"  class=\"aligncenter size-full wp-image-5299\" \/><\/p>\n<p><a href=\"https:\/\/www.svieta.org\/de\/vorstand\/\">Lesen Sie mehr \u00fcber den Vorstand!<\/a><\/p>\n<p>Unterst\u00fctzt werden wir vor Ort in Ukraine wie schon <strong>seit 20 Jahren von Viktoria (Vika) Dobrzynska<\/strong>. Die Arbeiten vor Ort w\u00e4ren undenkbar ohne Unterst\u00fctzung durch eine Person, welche die Situation im Land und in den Waisenh\u00e4usern kennt, wie kaum jemand. Dank dieser Vertretung in Ukraine k\u00f6nnen wir auch sicherstellen, dass die Spendengelder dort ankommen, wo sie am Dringendsten ben\u00f6tigt werden, bei den Kindern.<\/p>\n<p>Das <strong>Hauptziel<\/strong> der <em>Freunde von Svieta<\/em> ist es, den beiden Waisenh\u00e4usern in Nikolaiev und Kherson sowie anderen Waisenh\u00e4usern in der Ukraine zu helfen. Finanziell und organisatorisch unterst\u00fctzen die <em>Freunde von Svieta<\/em> Waisenkinder, welche medizinische Hilfe ben\u00f6tigen. Dazu geh\u00f6ren insbesondere Auslagen f\u00fcr:<\/p>\n<li>Medizinische Abkl\u00e4rungen und Behandlungen<\/li>\n<li>Operationen, Laboruntersuchungen, Impfstoffe und Medikamente<\/li>\n<li>Medizinische Ger\u00e4te<\/li>\n<li>Therapien und entsprechende Hilfsmittel<\/li>\n<p><\/br><\/p>\n<p>Im Weiteren verbessern die <em>Freunde von Svieta<\/em> das Leben der Waisenkinder, von der Geburt bis sie vollj\u00e4hrig sind und er kann auch erwachsene, behinderte Waisenkinder unterst\u00fctzen.<\/p>\n<p>Wir beteiligen uns nach M\u00f6glichkeit auch an den Kosten f\u00fcr:<\/p>\n<li>Weiterbildung von Personal<\/li>\n<li>Geb\u00e4udeunterhalt und Sanierungen<\/li>\n<li>Infrastrukturprojekte<\/li>\n<p><\/br><\/p>\n<p><em>Freunde von Svieta<\/em> ist ein gemeinn\u00fctziger Verein, welche durch Mitglieder und Spendende getragen wird. Er ist politisch und konfessionell unabh\u00e4ngig. <a href=\"https:\/\/www.svieta.org\/de\/2021\/10\/steuerbefreiung-der-spenden-nachtrag\/\">Spenden sind steuerbefreit.<\/a><\/p>\n<p>Dank der Zusammenarbeit mit <a title=\"amerikanischer Zweig\" href=\"\/de\/2021\/07\/der-verein-in-den-usa\/\" mce_href=\"\/de\/2021\/07\/der-verein-in-den-usa\/\">Les Amis de Svieta USA, Inc.<\/a> sind wir finanziell st\u00e4rker aufgestellt.<\/p>\n<p>Wir arbeiten manchmal auch an Projekten in anderen Standorten der Ukraine mit anderen Hilfsorganisationen zusammen (z.B. an Orphan\u2019s Bright Star).<\/p>\n<h4>Schauen Sie bitte <strong><a href=\"\/de\/kontakt\/#donations\">hier<\/a><\/strong> nach, wie Sie eine <strong><a href=\"\/de\/kontakt\/#donations\">Spende<\/a><\/strong> machen k\u00f6nnen!<br \/>\n<\/h4>\n<p><\/br><\/p>\n<p>Wir m\u00f6chten gerne mit Ihnen in Kontakt bleiben.<br \/>\n<strong>Melden Sie sich f\u00fcr den Newsletter an, <script type=\"text\/javascript\">ofs_pl('111103119116110101117118101115066115119107101117099046112116103064117117099108101100118061067107116117103032116103110101103032110107114033102101111034078102121115109103116117103114','indem Sie eine E-Mail senden.')<\/script><\/strong><\/p>\n<p>Vielen Dank im Voraus!<\/p>\n","protected":false},"excerpt":{"rendered":"<p>Les Amis de Svieta (Schweiz) wurde im Sommer 2000 gestartet. Am 21. November 2010 feierten wir das 10-j\u00e4hrige Jubil\u00e4um. 2020 konnten wir das 20-j\u00e4hrige Jubil\u00e4um wegen Covid nicht feiern. Lesen Sie mehr \u00fcber die Erfolge der Jahre 2011 &#8211; 2021. Die Erfolgsgeschichte geht weiter (Flyer 8.2021 und Flyer 11.2021). Im Sommer 2021 wurde der neue [&hellip;]<\/p>\n","protected":false},"author":3,"featured_media":0,"parent":0,"menu_order":0,"comment_status":"closed","ping_status":"closed","template":"","meta":{"footnotes":""},"class_list":["post-5604","page","type-page","status-publish","hentry"],"_links":{"self":[{"href":"https:\/\/www.svieta.org\/de\/wp-json\/wp\/v2\/pages\/5604","targetHints":{"allow":["GET"]}}],"collection":[{"href":"https:\/\/www.svieta.org\/de\/wp-json\/wp\/v2\/pages"}],"about":[{"href":"https:\/\/www.svieta.org\/de\/wp-json\/wp\/v2\/types\/page"}],"author":[{"embeddable":true,"href":"https:\/\/www.svieta.org\/de\/wp-json\/wp\/v2\/users\/3"}],"replies":[{"embeddable":true,"href":"https:\/\/www.svieta.org\/de\/wp-json\/wp\/v2\/comments?post=5604"}],"version-history":[{"count":5,"href":"https:\/\/www.svieta.org\/de\/wp-json\/wp\/v2\/pages\/5604\/revisions"}],"predecessor-version":[{"id":7668,"href":"https:\/\/www.svieta.org\/de\/wp-json\/wp\/v2\/pages\/5604\/revisions\/7668"}],"wp:attachment":[{"href":"https:\/\/www.svieta.org\/de\/wp-json\/wp\/v2\/media?parent=5604"}],"curies":[{"name":"wp","href":"https:\/\/api.w.org\/{rel}","templated":true}]}}