{"id":5393,"date":"2021-06-27T00:15:18","date_gmt":"2021-06-26T22:15:18","guid":{"rendered":"https:\/\/www.svieta.org\/?page_id=5393"},"modified":"2022-10-16T20:02:44","modified_gmt":"2022-10-16T18:02:44","slug":"vorstand","status":"publish","type":"page","link":"https:\/\/www.svieta.org\/de\/vorstand\/","title":{"rendered":"Vorstand"},"content":{"rendered":"<h4>Der Verein <em>Freunde von Svieta &#8211; Amis de Svieta<\/em> wurde am 26.6.2021 neu gegr\u00fcndet.<\/h4>\n<p>Seit dem 29.4.2022 sieht der Vorstand wie folgt aus:<\/p>\n<p>Verena Bodmer (links), Thomas Rudolf (rechts) und Viktoria (Vika) Dobrzynska (unten Mitte) werden im Vorstand weiterhin f\u00fcr die Kinder in Ukraine sorgen und dazu brauchen wir weiterhin Ihre Hilfe und Unterst\u00fctzung.<\/p>\n<p><img decoding=\"async\" src=\"https:\/\/www.svieta.org\/wp-content\/uploads\/2022\/10\/Vorstand-3-3.jpg\" width=\"480\"  class=\"aligncenter size-full wp-image-5299\" \/><\/p>\n<p><strong>Vorstand:<\/strong><\/p>\n<li>Verena Bodmer, Pflegefachfrau, (war 2018 in Ukraine, in Nikolaiev im Kleinkinderwaisenhaus NBH)<\/li>\n<li><script type=\"text\/javascript\">ofs_pl('117113109065117118106103116098048111115105','Thomas Rudolf')<\/script>, Verwaltungsratspr\u00e4sident eines Kinderheims w\u00e4hrend 10 Jahren, Webmaster svieta.org  (war seit 2002 mehrmals in Ukraine)<\/li>\n<li>Viktoria Dobrzynska, Direktorin von <em>Freunde von Svieta<\/em> Ukraine und Hauptverantwortliche f\u00fcr alle Arbeiten in Ukraine<\/li>\n<p><\/br><br \/>\n<strong>Der Verein wird von Thomas Rudolf geleitet.<\/strong><br \/>\nWir suchen immer Verst\u00e4rkung f\u00fcr den Vorstand. Wer sich angesprochen f\u00fchlt, darf sich gerne <script type=\"text\/javascript\">ofs_pl('117113109065117118106103116098048111115105','melden')<\/script>.<\/p>\n<p><\/br><br \/>\nHier k\u00f6nnen sie die <strong><a href=\"https:\/\/www.svieta.org\/de\/statuten\/\">Statuten<\/a> des Vereins <em>Freunde von Svieta<\/em><\/strong> anschauen.<br \/>\nDie Steuerverwaltung des Kantons Bern hat unserem Verein <a href=\"https:\/\/www.svieta.org\/wp-content\/uploads\/2021\/10\/FvS_Steuerbefreiung.pdf\" target=\"lads_ext\" rel=\"noopener\">Steuerbefreiung<\/a> erteilt.<\/p>\n<p><\/br><br \/>\n<strong>Spendengelder<\/strong><br \/>\nEs ist f\u00fcr die Waisenkinder in der Ukraine lebenswichtig, dass wir aus Europa weiterhin <a href=\"https:\/\/www.svieta.org\/de\/kontakt\/#donations\">Spendengelder<\/a> nach Ukraine senden k\u00f6nnen. Seit Corona hat der Ukrainische Staat noch weniger Geld f\u00fcr die Waisenheime und f\u00fcr die Waisenkinder. Unser Arbeit ist daher wichtiger denn je.<\/p>\n<p><strong>Geldfluss<\/strong><br \/>\nWir \u00fcberweisen Spendengelder immer an unsere Gew\u00e4hrsperson und nie direkt an Ukrainische Waisenh\u00e4user. Wir arbeiten mit Gew\u00e4hrspersonen, welche die lokalen Sprachen sprechen, die lokalen Gegebenheiten und die besonderen Gegebenheiten der betroffenen Kinder kennen. Die jeweilige Gew\u00e4hrsperson kauft beispielsweise Fahrkarten f\u00fcr den Nachtzug nach Kiev und organisiert die medizinischen Begleitpersonen wie auch die Unterk\u00fcnfte.<br \/>\nBei gr\u00f6sseren Reparaturen oder Umbauten arbeiten wir mit mindestens 2 Offerten zum Vergleichen. Diese Offerten dienen dem Vorstand in der Schweiz als Basis f\u00fcr den Entscheid.<\/p>\n<p>So k\u00f6nnen wir sicherstellen, dass ihre Spendengelder genau dort ankommen, wo sie ben\u00f6tigt werden und nicht im &#8216;Ukrainischen Sumpf&#8217; verloren gehen k\u00f6nnten.<br \/>\n<\/br><\/p>\n<p><strong>Newsletter<\/strong><br \/>\nWir m\u00f6chten gerne mit Ihnen in Kontakt bleiben. <strong>Melden Sie sich f\u00fcr den Newsletter an,<\/strong> <script type=\"text\/javascript\">ofs_pl('111103119116110101117118101115066115119107101117099046112116103064117117099108101100118061067107116117103032116103110101103032110107114033102101111034078102121115109103116117103114','indem Sie eine E-Mail senden.')<\/script><\/p>\n<p><\/br><br \/>\nKontaktieren sie uns:<\/p>\n<h2>Freunde von Svieta<\/h2>\n<p><script type=\"text\/javascript\">ofs_pl('106112102112066115119107101117099046112116103','')<\/script><\/p>\n<p>Thomas Rudolf<br \/>\nTel +41 31 371 18 92<br \/>\n<script type=\"text\/javascript\">ofs_pl('117113109065117118106103116098048111115105','')<\/script><\/p>\n<figure class=\"lads-image\">\n    <img decoding=\"async\" src=\"https:\/\/www.svieta.org\/wp-content\/uploads\/2021\/08\/Logo-rund-hellblau-FvS-lang-transp.png\" class=\"img-responsive\" alt=\"\">\n            <figcaption><\/figcaption>\n    <\/figure>\n","protected":false},"excerpt":{"rendered":"<p>Der Verein Freunde von Svieta &#8211; Amis de Svieta wurde am 26.6.2021 neu gegr\u00fcndet. Seit dem 29.4.2022 sieht der Vorstand wie folgt aus: Verena Bodmer (links), Thomas Rudolf (rechts) und Viktoria (Vika) Dobrzynska (unten Mitte) werden im Vorstand weiterhin f\u00fcr die Kinder in Ukraine sorgen und dazu brauchen wir weiterhin Ihre Hilfe und Unterst\u00fctzung. Vorstand: [&hellip;]<\/p>\n","protected":false},"author":3,"featured_media":0,"parent":0,"menu_order":0,"comment_status":"closed","ping_status":"closed","template":"","meta":{"footnotes":""},"class_list":["post-5393","page","type-page","status-publish","hentry"],"_links":{"self":[{"href":"https:\/\/www.svieta.org\/de\/wp-json\/wp\/v2\/pages\/5393","targetHints":{"allow":["GET"]}}],"collection":[{"href":"https:\/\/www.svieta.org\/de\/wp-json\/wp\/v2\/pages"}],"about":[{"href":"https:\/\/www.svieta.org\/de\/wp-json\/wp\/v2\/types\/page"}],"author":[{"embeddable":true,"href":"https:\/\/www.svieta.org\/de\/wp-json\/wp\/v2\/users\/3"}],"replies":[{"embeddable":true,"href":"https:\/\/www.svieta.org\/de\/wp-json\/wp\/v2\/comments?post=5393"}],"version-history":[{"count":6,"href":"https:\/\/www.svieta.org\/de\/wp-json\/wp\/v2\/pages\/5393\/revisions"}],"predecessor-version":[{"id":7686,"href":"https:\/\/www.svieta.org\/de\/wp-json\/wp\/v2\/pages\/5393\/revisions\/7686"}],"wp:attachment":[{"href":"https:\/\/www.svieta.org\/de\/wp-json\/wp\/v2\/media?parent=5393"}],"curies":[{"name":"wp","href":"https:\/\/api.w.org\/{rel}","templated":true}]}}