{"id":143,"date":"2021-06-27T10:44:00","date_gmt":"2021-06-27T08:44:00","guid":{"rendered":"http:\/\/localhost:3030\/2008\/01\/wie-konnen-sie-helfen\/"},"modified":"2022-11-03T21:28:21","modified_gmt":"2022-11-03T20:28:21","slug":"wie-konnen-sie-helfen","status":"publish","type":"page","link":"https:\/\/www.svieta.org\/de\/wie-konnen-sie-helfen\/","title":{"rendered":"Wie k\u00f6nnen Sie helfen?"},"content":{"rendered":"<h3>\n<u>Bitte spenden Sie f\u00fcr <a title=\"Spenden f\u00fcr Freunde von Svieta\" href=\"https:\/\/www.svieta.org\/de\/kontakt\/#donations\">Waisenkinder und Waisenh\u00e4user in Ukraine<\/u><\/a> oder <a href=\"https:\/\/www.svieta.org\/de\/ueber-freunde-von-svieta\/\">lesen Sie mehr \u00fcber Freunde von Svieta!<\/a><\/p>\n<p>Wir ben\u00f6tigen Ihre Unterst\u00fctzung.<\/h3>\n<p>\u201cEs sind die kleine B\u00e4che die einen grossen Fluss machen!\u201d<\/p>\n<p>Wir freuen uns \u00fcber kleine und grosse Spenden und sind \u00fcber jeden Betrag dankbar. Zusammen k\u00f6nnen wir das Leben und die Bildung der ukrainischen Waisenkinder wesentlich verbessern. <strong><a href=\"https:\/\/www.svieta.org\/de\/kontakt\/#donations\">Bankverbindung.<\/a><\/strong><\/p>\n<p><\/br><br \/>\nMit Ihrer Spende k\u00f6nnen Sie unter anderem bei folgenden Projekten helfen:<\/p>\n<ul>\n<li><strong><a href=\"https:\/\/www.svieta.org\/de\/2022\/11\/mykola\/\">Mykola<\/a><\/strong> wurde mit einer angeborenen beidseitigen Taubheit geboren.<br \/>\nEr ben\u00f6tigt ein H\u00f6rger\u00e4t.<\/li>\n<li><strong><a href=\"https:\/\/www.svieta.org\/de\/2023\/01\/robert\/\">Robert<\/a><\/strong> wurde mit mehrfachen und sehr schweren angeborenen Gebrechen geboren. Seine Mutter hat ihn verlassen und jetzt lebt er im Waisenhaus in Nikolaiev. Wir rechnen mit Kosten von \u20ac50\/Mt.<\/li>\n<li><strong><a href=\"https:\/\/www.svieta.org\/de\/2022\/10\/elena\/\">Elena<\/a><\/strong> wurde mit einem mehrfachen und sehr schweren angeborenen Herzfehler geboren. Ihre Mutter hat sie verlassen und jetzt lebt sie im Waisenhaus in Nikolaiev. Wir rechnen mit Kosten von \u20ac750.<\/li>\n<li><strong><a href=\"https:\/\/www.svieta.org\/de\/2021\/10\/adriana\/\">Adriana<\/a><\/strong> wurde ihrer Familie wegen h\u00e4uslicher Gewalt entzogen. Sie leidet unter einer Herzkrankheit sowie Blutarmut und ist geistig, motorisch und psychologisch zur\u00fcckgeblieben. Auch Adriana lebt jetzt im Waisenhaus.Wir rechnen mit Kosten von \u20ac750.<\/li>\n<li><strong><a href=\"https:\/\/www.svieta.org\/de\/2021\/08\/viktor\/\">Viktor<\/a><\/strong> verbrachte das erste Lebensjahr im Kinderspital, leidet an einem angeborenen Herzfehler, an einem Hirnschaden, Zw\u00f6lffingerdarmverschluss und ist geistige, motorische und psychologische zur\u00fcckgeblieben. Jetzt lebt er im Waisenhaus und muss nach Kiev zur Abkl\u00e4rung, wie er weiter behandelt werden kann. Wir rechnen mit Kosten von \u20ac250<\/li>\n<li><strong>Das Internat Zurupinsk (ZuBS)<\/strong> braucht ihre Hilfe f\u00fcr die <strong>Renovation des zweiten soviet-style Badezimmers<\/strong>. <a href=\"https:\/\/www.svieta.org\/de\/2019\/03\/zubs-needs-new-bathroom\/\">2018 wurde das erste Badezimmer saniert.<\/a> F\u00fcr das zweite Badezimmer ben\u00f6tigen wir \u20ac6&#8217;000.<\/li>\n<\/ul>\n<h2>Schauen Sie bitte <a href=\"https:\/\/www.svieta.org\/de\/kontakt\/#donations\">hier<\/a> nach, wie Sie <a href=\"https:\/\/www.svieta.org\/de\/kontakt\/#donations\">Spenden<\/a> machen k\u00f6nnen!<\/h2>\n<p><!--more--><br \/>\n<figure class=\"lads-image\">\n    <img decoding=\"async\" src=\"https:\/\/www.svieta.org\/wp-content\/uploads\/2021\/10\/FvS-Kinder2.jpg\" class=\"img-responsive\" alt=\"\">\n            <figcaption><\/figcaption>\n    <\/figure><br \/>\n<figure class=\"lads-image\">\n    <img decoding=\"async\" src=\"https:\/\/www.svieta.org\/wp-content\/uploads\/2021\/09\/Danke.jpg\" class=\"img-responsive\" alt=\"\">\n            <figcaption><\/figcaption>\n    <\/figure><\/p>\n<h3>Einige Projekte, f\u00fcr welche die Finanzierung gesichert ist:<\/h3>\n<ul>\n<li><strong><a href=\"https:\/\/www.svieta.org\/de\/2020\/12\/sofia-needs-our-help\/\">Sofia braucht ihre Hilfe!<\/a><\/strong> Sofia ben\u00f6tigt monatlich \u20ac95 f\u00fcr spezielle Medikamente, spezielle Ern\u00e4hrung und f\u00fcr Sensoren zur \u00dcberwachung.<\/li>\n<li><strong><a href=\"https:\/\/www.svieta.org\/de\/2020\/12\/zweite-mutter-baby-abteilung\/\">Zweite \u201cMutter-Baby\u201d Abteilung<\/a><\/strong> geplant im Kleinkinderwaisenheim in Nikolaiev!<\/li>\n<li><strong><a href=\"https:\/\/www.svieta.org\/de\/2019\/03\/zubs-needs-new-bathroom\/\">Internat in Zurupinsk<\/a><\/strong> ben\u00f6tigt neue Badezimmer. Kostensch\u00e4tzung f\u00fcr die Renovation des ersten Badezimmers ungef\u00e4hr CHF 6\u2019000.-<\/li>\n<li><strong><a title=\"Yaroslav \" href=\"https:\/\/www.svieta.org\/de\/2017\/07\/yaroslavs-neuste-reise-nach-kiev\/#news3\/\">Yaroslav<\/a><\/strong> wurde am Herz operiert. Jetzt f\u00e4hrt er nach Kiev in die Herzchirurgie zur Kontrolle. Die Reise mit Krankenschwester nach Kiev kostet <strong>CHF 100.-<\/strong> (US$ 100.- oder \u20ac 100.-)<\/li>\n<li><strong><a title=\"Kleine Sofia \" href=\"https:\/\/www.svieta.org\/de\/2018\/06\/sofia-is-back-after-operation\/\">Die kleine Sofia<\/a><\/strong> wurde mit zwei ernsten Diagnosen geboren: angeborene Herzkrankheit und Gaumenspalte. Sie ben\u00f6tigt eine spezielle Di\u00e4t und diese kostest <strong>CHF 150.-<\/strong> (US$ 150.- oder \u20ac 145.-) jeden Monat.<\/li>\n<li><strong><a title=\"Lesen Sie die ganze Badezimmer Erfolgsgeschichte\" href=\"https:\/\/www.svieta.org\/de\/2010\/03\/badezimmer-renovation\/\">12 Kinderbadezimmern<\/a><\/strong> mussten im Kleinkinderwaisenheim von Nikolaiev renoviert werden. Gesamtkosten f\u00fcr das ganze Projekt: CHF 80&#8217;000.- (\u20ac 50&#8217;000.- oder US$ 78\u2019000.-).<\/li>\n<li><strong><a title=\"Vika &amp; Vera werden in Evpatoriya operiert\" href=\"https:\/\/www.svieta.org\/de\/2010\/07\/dringende-hilfe-zur-finanzierung-der-operationen-notig\/\">Zwei Kinder<\/a><\/strong> vom Kleinkinderwaisenheim in Nikolaiev ben\u00f6tigten unsere Hilfe.<br \/>\nGesamtkosten: <strong>CHF 1\u2019100.-<\/strong> (\u20ac 800.- oder US$ 1,000.-).<\/li>\n<li><strong><a title=\"Effizienzsteigerung der Heizung im Kleinkinderwaisenheim in Nikolaiev\" href=\"https:\/\/www.svieta.org\/de\/2010\/02\/effizienzsteigerung-der-heizung-im-kleinkinderwaisenheim-in-nikolaiev\/\">Effizienzsteigerung<\/a><\/strong> der Heizung im Kleinkinderwaisenheim in Nikolaiev. Gesamtkosten: CHF 8&#8217;200 (\u20ac 5&#8217;350 or US$ 7&#8217;500).<\/li>\n<li><strong><a title=\"neue Telefoninstallation\" href=\"https:\/\/www.svieta.org\/de\/2009\/04\/telefonzentrale-fur-das-kleinkinderwaisenheim-in-nikolaiev\/\">Das Kleinkinderwaisenheim in Nikolaiev ben\u00f6tigt eine Telefonanlage<\/a><\/strong> mit maximal 24 internen und 3 externen Linien. Kosten f\u00fcr das ganze System CHF 4\u2019800 (\u20ac 3\u2019200 oder US$ 4\u2019000).<\/li>\n<li>153 Kinder im Kleinkinderwaisenheim in Nikolaiev ben\u00f6tigen eine <strong><a title=\"je 2 Grippenimpfungen pro Kind\" href=\"https:\/\/www.svieta.org\/de\/2009\/10\/grippenimpfung-im-kleinkinderwaisenheim-von-nikolaiev-2\/\">Grippenimpfung.<\/a><\/strong> Gesamtkosten: CHF 2\u2019300 (~ \u20ac 1\u2019800 oder ~ US $ 2650).<\/li>\n<li><strong>Dozorov ben\u00f6tigt eine Herzoperation.<\/strong><\/li>\n<li><strong><a title=\"Les Amis de Svieta ben\u00f6tigt einen neuen Wagen\" href=\"https:\/\/www.svieta.org\/de\/2008\/06\/auto-erfolgsgeschichte\/\">LAdS ben\u00f6tigt einen neuen Wagen.<\/a><\/strong><br \/>\nF\u00fcr einen Gebrauchtwagen ben\u00f6tigen wir ca. CHF 10\u2019000 ($ 10\u2019000 oder \u20ac 6&#8217;000).<\/li>\n<li><strong><a title=\"Nikolay's Operation\" href=\"https:\/\/www.svieta.org\/de\/2008\/08\/spendenaufruf-und-neuigkeiten-von-nikolay\/\">Nikolay&#8217;s Operation<\/a><\/strong> in Kiev wird CHF 4\u2019000 ($ 4\u2019000 oder \u20ac 2\u2019500) kosten.<\/li>\n<li><strong><a title=\"lesen Sie mehr \u00fcber den Montessori Spielplatz\" href=\"https:\/\/www.svieta.org\/de\/2007\/07\/montessori-spielplatz-im-kleinkinderwaisenheim-von-nikolaiev-spenden-erwunscht\/\">Montessori Spielplatz<\/a><\/strong> im Kleinkinderwaisenheim von Nikolaiev. Als Erg\u00e4nzung zum bew\u00e4hrten Montessori-Klassenzimmer wird neu ein Spielplatz gebaut. Wir ben\u00f6tigen noch CHF 6&#8217;000.- (\u20ac 3&#8217;600.- oder US$ 4\u2019900.-) zur Fertigstellung.<\/li>\n<li>F\u00fcr die <strong><a title=\"Details der Montessori Abschlusszertifizierung\" href=\"https:\/\/www.svieta.org\/de\/2008\/05\/hilfe-fur-montessori-abschlusszertifizierung-in-nikolaiev-benotigt\/\">Montessori Abschlusszertifizierung<\/a><\/strong> in Nikolaiev ben\u00f6tigen wir CHF 1&#8217;560.- (US$ 1&#8217;300.- oder \u20ac 970.-).<\/li>\n<li><a title=\"lesen Sie mehr \u00fcber diese zwei Kinder\" href=\"https:\/\/www.svieta.org\/de\/2007\/12\/irina-und-vitaly\/\"><strong>Irina (13 Monate) und Vitaly (7 Monate) leiden beide an einer Gaumenspalte<\/strong><\/a>. Die Finanzierung der Reise nach Kiev zur Konsultation in der Kieferchirurgieklinik konnte sichergestellt werden.<\/li>\n<li><a title=\"lesen Sie mehr \u00fcber diese zwei Kinder\" href=\"https:\/\/www.svieta.org\/de\/2007\/07\/zwei-junge-madchen-benotigen-ihre-hilfe\/\"><strong>Zwei junge M\u00e4dchen ben\u00f6tigen Hilfe<\/strong><\/a>. Ein grossz\u00fcgiger G\u00f6nner in USA hat zugesichert, Nataliya und Ilona die orthop\u00e4dischen Operationen zu bezahlen. Ein sehr grosses Dankesch\u00f6n an diesen G\u00f6nner!<\/li>\n<li><a title=\"lesen Sie mehr \u00fcber Viktoriya\" href=\"https:\/\/www.svieta.org\/de\/2008\/12\/viktoriya-benotigte-eine-herzoperation-update\/\"><strong>Viktoriya ben\u00f6tigt eine Herzoperation<\/strong><\/a>. Verena von Neuseeland hat freundlicherweise die Extrakosten \u00fcbernommen, die durch Viktoriyas l\u00e4ngeren Aufenthalt im KCC entstanden sind. Einen sehr grossen Dank geht zu ihr!<\/li>\n<\/ul>\n<p><a href=\"https:\/\/donate.raisenow.io\/jfqdv\" alt=\"link to TWINT\"><figure class=\"lads-image\">\n    <img decoding=\"async\" src=\"https:\/\/www.svieta.org\/wp-content\/uploads\/2021\/08\/TWINT_Individueller-Betrag_DE.jpg\" class=\"img-responsive\" alt=\"\">\n            <figcaption><\/figcaption>\n    <\/figure><\/a><br \/>\n<\/br><br \/>\nOder <strong>clicken sie bitte auf diesen <a href=\"https:\/\/donate.raisenow.io\/jfqdv\">Twint-Link<\/a><\/strong> zum Spenden.<br \/>\n<\/br><\/p>\n","protected":false},"excerpt":{"rendered":"<p>Bitte spenden Sie f\u00fcr Waisenkinder und Waisenh\u00e4user in Ukraine oder lesen Sie mehr \u00fcber Freunde von Svieta! Wir ben\u00f6tigen Ihre Unterst\u00fctzung. \u201cEs sind die kleine B\u00e4che die einen grossen Fluss machen!\u201d Wir freuen uns \u00fcber kleine und grosse Spenden und sind \u00fcber jeden Betrag dankbar. Zusammen k\u00f6nnen wir das Leben und die Bildung der ukrainischen [&hellip;]<\/p>\n","protected":false},"author":3,"featured_media":0,"parent":0,"menu_order":0,"comment_status":"closed","ping_status":"open","template":"","meta":{"footnotes":""},"class_list":["post-143","page","type-page","status-publish","hentry"],"_links":{"self":[{"href":"https:\/\/www.svieta.org\/de\/wp-json\/wp\/v2\/pages\/143","targetHints":{"allow":["GET"]}}],"collection":[{"href":"https:\/\/www.svieta.org\/de\/wp-json\/wp\/v2\/pages"}],"about":[{"href":"https:\/\/www.svieta.org\/de\/wp-json\/wp\/v2\/types\/page"}],"author":[{"embeddable":true,"href":"https:\/\/www.svieta.org\/de\/wp-json\/wp\/v2\/users\/3"}],"replies":[{"embeddable":true,"href":"https:\/\/www.svieta.org\/de\/wp-json\/wp\/v2\/comments?post=143"}],"version-history":[{"count":5,"href":"https:\/\/www.svieta.org\/de\/wp-json\/wp\/v2\/pages\/143\/revisions"}],"predecessor-version":[{"id":7744,"href":"https:\/\/www.svieta.org\/de\/wp-json\/wp\/v2\/pages\/143\/revisions\/7744"}],"wp:attachment":[{"href":"https:\/\/www.svieta.org\/de\/wp-json\/wp\/v2\/media?parent=143"}],"curies":[{"name":"wp","href":"https:\/\/api.w.org\/{rel}","templated":true}]}}