{"id":1029,"date":"2010-07-22T11:39:30","date_gmt":"2010-07-22T09:39:30","guid":{"rendered":"http:\/\/www.svieta.org\/?page_id=1029"},"modified":"2010-07-22T16:12:39","modified_gmt":"2010-07-22T14:12:39","slug":"10-jahre","status":"publish","type":"page","link":"https:\/\/www.svieta.org\/de\/10-jahre\/","title":{"rendered":"10 Jahre Les Amis de Svieta"},"content":{"rendered":"<p><strong>Wir feieren 2010 unseren 10. Geburtstag!<\/strong><br \/>\nDas Ergebnis unserer 10-j\u00e4hrigen T\u00e4tigkeit l\u00e4sst sich sehen: ca. 80 Kindern wurde geholfen, Projekte in 20 verschiedenen Waisenheimen wurden realisiert, 20 Reisen in die Ukraine, circa sFr. 350&#8217;000.- Spendengelder von 422 SpenderInnen aus der Schweiz, von weiteren SpenderInnen aus Deutschland, Neuseeland, Irland und Spanien erhalten, Zweige in Frankreich und in Amerika gegr\u00fcndet, sowie Partnerschaft mit verschiedenen Hilfsorganisationen aufgebaut.<br \/>\nAlles begann im Hitzesommer 2000, als wir das <a href=\"\/de\/2002\/05\/der-verein-in-der-schweiz\/\">M\u00e4dchen namens Svieta<\/a> getroffen hatten. Wer h\u00e4tte damals gedacht, dass wir in 10 Jahren noch aktiv sein w\u00fcrden? Wahrscheinlich nicht viele Leute und sicherlich nicht wir selbst. Tatsache ist, dass wir dank Ihrer grossen Hilfe und Unterst\u00fctzung in all ihren Formen in all diesen Jahren immer wieder Hilfebed\u00fcrftige unterst\u00fctzen konnten.<\/p>\n<p><strong>Vielen Dank!<\/strong><\/p>\n","protected":false},"excerpt":{"rendered":"<p>Wir feieren 2010 unseren 10. Geburtstag! Das Ergebnis unserer 10-j\u00e4hrigen T\u00e4tigkeit l\u00e4sst sich sehen: ca. 80 Kindern wurde geholfen, Projekte in 20 verschiedenen Waisenheimen wurden realisiert, 20 Reisen in die Ukraine, circa sFr. 350&#8217;000.- Spendengelder von 422 SpenderInnen aus der Schweiz, von weiteren SpenderInnen aus Deutschland, Neuseeland, Irland und Spanien erhalten, Zweige in Frankreich und [&hellip;]<\/p>\n","protected":false},"author":3,"featured_media":0,"parent":0,"menu_order":0,"comment_status":"closed","ping_status":"open","template":"","meta":{"footnotes":""},"class_list":["post-1029","page","type-page","status-publish","hentry"],"_links":{"self":[{"href":"https:\/\/www.svieta.org\/de\/wp-json\/wp\/v2\/pages\/1029","targetHints":{"allow":["GET"]}}],"collection":[{"href":"https:\/\/www.svieta.org\/de\/wp-json\/wp\/v2\/pages"}],"about":[{"href":"https:\/\/www.svieta.org\/de\/wp-json\/wp\/v2\/types\/page"}],"author":[{"embeddable":true,"href":"https:\/\/www.svieta.org\/de\/wp-json\/wp\/v2\/users\/3"}],"replies":[{"embeddable":true,"href":"https:\/\/www.svieta.org\/de\/wp-json\/wp\/v2\/comments?post=1029"}],"version-history":[{"count":0,"href":"https:\/\/www.svieta.org\/de\/wp-json\/wp\/v2\/pages\/1029\/revisions"}],"wp:attachment":[{"href":"https:\/\/www.svieta.org\/de\/wp-json\/wp\/v2\/media?parent=1029"}],"curies":[{"name":"wp","href":"https:\/\/api.w.org\/{rel}","templated":true}]}}