{"id":101,"date":"2000-01-09T21:54:00","date_gmt":"2000-01-09T20:54:00","guid":{"rendered":"http:\/\/localhost:3030\/2000\/01\/uber-les-amis-de-svieta\/"},"modified":"2021-01-04T16:11:48","modified_gmt":"2021-01-04T15:11:48","slug":"uber-les-amis-de-svieta","status":"publish","type":"page","link":"https:\/\/www.svieta.org\/de\/uber-les-amis-de-svieta\/","title":{"rendered":"\u00dcber &#8220;Les Amis de Svieta&#8221;"},"content":{"rendered":"<p>Les Amis de Svieta (Schweiz) wurde im Sommer 2000 gestartet.<br \/>\n<span mce_name=\"strong\" mce_style=\"font-weight: bold;\" style=\"font-weight: bold;\" class=\"Apple-style-span\">Am 21. November 2010 feierten wir das <a href=\"\/?p=1360\" mce_href=\"https:\/\/www.svieta.org\/de\/2010\/11\/10-jahre-les-amis-de-svieta-schweiz\/\">10-j\u00e4hrige Jubil\u00e4um.<\/a><\/span><\/p>\n<p><strong>2020 konnten wir das 20-j\u00e4hrige Jubil\u00e4um<\/strong> wegen Covid nicht feiern. <a href=\"https:\/\/www.svieta.org\/de\/2021\/01\/20-jahre\/\">Lesen Sie mehr \u00fcber die Erfolge der letzten 10 Jahre.<\/a><\/p>\n<p>Auf dieser Web Site finden sie alle Informationen \u00fcber den Verein &#8220;Les Amis de Svieta&#8221; und deren Aktivit\u00e4ten in Ukraine.<\/p>\n<ul>\n<li><a title=\"LAdS Schweiz\" href=\"\/?p=100\" mce_href=\"https:\/\/www.svieta.org\/de\/2002\/05\/der-verein-in-der-schweiz\/\">Les Amis de Svieta Schweiz<\/a> hilft den Kindern der Waisenheime des Distrikts Nikolaiev (<a href=\"\/?p=103\" mce_href=\"https:\/\/www.svieta.org\/de\/2006\/06\/informationen-uber-ukraine-aktualisiert\/\">Ukraine<\/a>, welche unter gravierenden gesundheitlichen Problem(en) leiden, die eine teure Behandlungen n\u00f6tig haben.<\/li>\n<li>Wenn das eine oder andere Waisenheim des Distrikts Nikolaiev materielle Bed\u00fcrfnisse hat, welche ein \u201cnormales\u201d Leben der Kinder verhindert, hilft der Verein punktuell gerne auch mit finanziellen Mitteln.<\/li>\n<li>Lesen Sie mehr \u00fcber den <a href=\"\/?p=100#vorstand\" mce_href=\"https:\/\/www.svieta.org\/de\/2002\/05\/der-verein-in-der-schweiz\/#vorstand\">Vorstand von Les Amis de Svieta (Schweiz)<\/a> und das <a href=\"https:\/\/www.svieta.org\/de\/2002\/05\/der-verein-in-der-schweiz\/#presi\">Pr\u00e4sidium<\/a>.<\/li>\n<li>Dank der Gr\u00fcndung von <a title=\"amerikanischer Zweig\" href=\"\/?p=98\" mce_href=\"https:\/\/www.svieta.org\/de\/2021\/07\/der-verein-in-den-usa\/\">Les Amis de Svieta USA, Inc.<\/a> und des <a title=\"franz\u00f6sischer Zweig\" href=\"\/?p=99\" mce_href=\"https:\/\/www.svieta.org\/de\/2003\/01\/der-verein-in-frankreich\/\">franz\u00f6sischen<\/a> Zweiges sind wir jetzt auch in den Regionen Kharkov und Kherson t\u00e4tig.<\/li>\n<li>Wir arbeiten manchmal auch an Projekten in anderen Standorten der Ukraine mit anderen Hilfsorganisationen zusammen (z.B. <a title=\"OBS\" href=\"http:\/\/www.orphansbrightstar.org\/\" mce_href=\"http:\/\/www.orphansbrightstar.org\/\" target=\"_blank\" rel=\"noopener\">an Orphan\u2019s Bright Star<\/a>).<\/li>\n<\/ul>\n<p>Wir hoffen, sie geniessen den Besuch auf dieser Web Site und bitte senden sie uns ihren Kommentar, ihre Bemerkungen oder Korrekturen per Email an <script type=\"text\/javascript\">ofs_pl('106112102112066115119107101117099046112116103','')<\/script> und besuchen sie uns regelm\u00e4ssig.<\/p>\n","protected":false},"excerpt":{"rendered":"<p>Les Amis de Svieta (Schweiz) wurde im Sommer 2000 gestartet. Am 21. November 2010 feierten wir das 10-j\u00e4hrige Jubil\u00e4um. 2020 konnten wir das 20-j\u00e4hrige Jubil\u00e4um wegen Covid nicht feiern. Lesen Sie mehr \u00fcber die Erfolge der letzten 10 Jahre. Auf dieser Web Site finden sie alle Informationen \u00fcber den Verein &#8220;Les Amis de Svieta&#8221; und [&hellip;]<\/p>\n","protected":false},"author":2,"featured_media":0,"parent":0,"menu_order":0,"comment_status":"closed","ping_status":"open","template":"","meta":{"footnotes":""},"class_list":["post-101","page","type-page","status-publish","hentry"],"_links":{"self":[{"href":"https:\/\/www.svieta.org\/de\/wp-json\/wp\/v2\/pages\/101","targetHints":{"allow":["GET"]}}],"collection":[{"href":"https:\/\/www.svieta.org\/de\/wp-json\/wp\/v2\/pages"}],"about":[{"href":"https:\/\/www.svieta.org\/de\/wp-json\/wp\/v2\/types\/page"}],"author":[{"embeddable":true,"href":"https:\/\/www.svieta.org\/de\/wp-json\/wp\/v2\/users\/2"}],"replies":[{"embeddable":true,"href":"https:\/\/www.svieta.org\/de\/wp-json\/wp\/v2\/comments?post=101"}],"version-history":[{"count":6,"href":"https:\/\/www.svieta.org\/de\/wp-json\/wp\/v2\/pages\/101\/revisions"}],"predecessor-version":[{"id":5188,"href":"https:\/\/www.svieta.org\/de\/wp-json\/wp\/v2\/pages\/101\/revisions\/5188"}],"wp:attachment":[{"href":"https:\/\/www.svieta.org\/de\/wp-json\/wp\/v2\/media?parent=101"}],"curies":[{"name":"wp","href":"https:\/\/api.w.org\/{rel}","templated":true}]}}